{"id":33542,"date":"2025-02-20T23:35:23","date_gmt":"2025-02-20T22:35:23","guid":{"rendered":"http:\/\/olemosaic.com\/producto\/funda-de-telefono-para-iphone-14-pro-tpu-panoramica-barcelona-azul-2\/"},"modified":"2025-07-25T19:27:04","modified_gmt":"2025-07-25T17:27:04","slug":"coque-de-telephone-pour-iphone-14-pro-tpu-panoramique-barcelone-bleu-2","status":"publish","type":"product","link":"https:\/\/olemosaic.com\/fr\/produit\/coque-de-telephone-pour-iphone-14-pro-tpu-panoramique-barcelone-bleu-2\/","title":{"rendered":"Coque de t\u00e9l\u00e9phone pour iPhone 14 Pro (TPU). Panoramique. Sagrada Familia. Barcelone. Bleu"},"content":{"rendered":"<p>Coque pour iPhone 14 Pro avec une vue panoramique impressionnante de Barcelone, con\u00e7ue en TPU de haute qualit\u00e9 pour offrir une protection optimale. Cet accessoire n&rsquo;est pas seulement fonctionnel, mais aussi une c\u00e9l\u00e9bration de la riche culture et de l&rsquo;art de la cit\u00e9 comtale. La coque pr\u00e9sente une illustration vibrante de l&#8217;embl\u00e9matique Sagrada Familia, entour\u00e9e de palmiers luxuriants et d&rsquo;un soleil radieux sur un fond bleu brillant qui \u00e9voque le ciel m\u00e9diterran\u00e9en. Le design color\u00e9 et les d\u00e9tails \u00e9labor\u00e9s contrastent magnifiquement, cr\u00e9ant une pi\u00e8ce remarquable qui attirera l&rsquo;attention de tout amateur de Barcelone. Dans la partie inf\u00e9rieure, le texte \u00ab\u00a0Barcelona\u00a0\u00bb en lettres frappantes ajoute une touche distinctive et attrayante. Cette coque, v\u00e9ritablement repr\u00e9sentative de l&rsquo;essence de Barcelone, se transforme en un souvenir \u00e9l\u00e9gant pour les touristes \u00e0 la recherche d&rsquo;un souvenir authentique et pratique. Chez Ol\u00e9 Mosaic, nous sommes des distributeurs de souvenirs de haute qualit\u00e9, et cette coque est une excellente option pour les boutiques de cadeaux touristiques souhaitant proposer des produits pertinents et culturels. Id\u00e9ale pour ceux qui recherchent une fusion de style et de protection, ce souvenir de Barcelone est un incontournable pour tout visiteur de la ville.<\/p>\n","protected":false},"excerpt":{"rendered":"<p>Coque pour iPhone 14 Pro fabriqu\u00e9e en TPU avec une vue panoramique color\u00e9e de Barcelone. Ce design vibrant montre l&#8217;embl\u00e9matique Sagrada Familia entour\u00e9e de palmiers et d&rsquo;un soleil chaleureux, sur un fond bleu brillant qui \u00e9voque le ciel m\u00e9diterran\u00e9en. Avec le mot \u00ab\u00a0Barcelona\u00a0\u00bb \u00e9crit en lettres frappantes, la coque ne prot\u00e8ge pas seulement votre t\u00e9l\u00e9phone, mais capture \u00e9galement l&rsquo;essence artistique et culturelle de la ville.<\/p>\n","protected":false},"featured_media":12381,"template":"","meta":{"_acf_changed":false},"product_brand":[],"product_cat":[674],"product_tag":[],"class_list":{"0":"post-33542","1":"product","2":"type-product","3":"status-publish","4":"has-post-thumbnail","6":"product_cat-etuis-pour-telephones-portables","7":"pa_ciudad-barcelona","8":"pa_motivo-panoramas","9":"pa_pais-espana","11":"first","12":"instock","13":"shipping-taxable","14":"product-type-simple"},"acf":[],"_links":{"self":[{"href":"https:\/\/olemosaic.com\/fr\/wp-json\/wp\/v2\/product\/33542","targetHints":{"allow":["GET"]}}],"collection":[{"href":"https:\/\/olemosaic.com\/fr\/wp-json\/wp\/v2\/product"}],"about":[{"href":"https:\/\/olemosaic.com\/fr\/wp-json\/wp\/v2\/types\/product"}],"wp:featuredmedia":[{"embeddable":true,"href":"https:\/\/olemosaic.com\/fr\/wp-json\/wp\/v2\/media\/12381"}],"wp:attachment":[{"href":"https:\/\/olemosaic.com\/fr\/wp-json\/wp\/v2\/media?parent=33542"}],"wp:term":[{"taxonomy":"product_brand","embeddable":true,"href":"https:\/\/olemosaic.com\/fr\/wp-json\/wp\/v2\/product_brand?post=33542"},{"taxonomy":"product_cat","embeddable":true,"href":"https:\/\/olemosaic.com\/fr\/wp-json\/wp\/v2\/product_cat?post=33542"},{"taxonomy":"product_tag","embeddable":true,"href":"https:\/\/olemosaic.com\/fr\/wp-json\/wp\/v2\/product_tag?post=33542"}],"curies":[{"name":"wp","href":"https:\/\/api.w.org\/{rel}","templated":true}]}}