{"id":33540,"date":"2025-02-20T22:35:23","date_gmt":"2025-02-20T22:35:23","guid":{"rendered":"http:\/\/olemosaic.com\/producto\/funda-de-telefono-para-iphone-14-pro-tpu-mariposa-barcelona-blanco\/"},"modified":"2025-07-25T21:45:32","modified_gmt":"2025-07-25T19:45:32","slug":"coque-de-telephone-pour-iphone-14-pro-tpu-papillon-barcelone-blanc","status":"publish","type":"product","link":"https:\/\/olemosaic.com\/fr\/produit\/coque-de-telephone-pour-iphone-14-pro-tpu-papillon-barcelone-blanc\/","title":{"rendered":"Coque de t\u00e9l\u00e9phone pour iPhone 14 Pro (TPU). Papillon. Barcelone. Blanc"},"content":{"rendered":"<p>Coque pour iPhone 14 Pro avec un design vibrant de papillons \u00e9voquant l&rsquo;essence de Barcelone. Cette coque exclusive, fabriqu\u00e9e en TPU, un mat\u00e9riau combinant r\u00e9sistance et flexibilit\u00e9, prot\u00e8ge votre appareil des impacts et des rayures. Le fond blanc de la coque est orn\u00e9 d&rsquo;une mosa\u00efque de couleurs rouges, bleues et jaunes, rappelant l&rsquo;esth\u00e9tique architecturale vibrante de la ville, embl\u00e9matique pour son modernisme et le style d&rsquo;Antoni Gaud\u00ed.<\/p>\n<p>Les papillons, illustr\u00e9s avec des couleurs \u00e9clatantes comme l&rsquo;orange, le bleu et le violet, symbolisent la diversit\u00e9 et la beaut\u00e9 de la faune locale, transformant cet objet quotidien en une pi\u00e8ce d&rsquo;art portable. L&rsquo;illustration d\u00e9licate des papillons se distingue par ses d\u00e9tails complexes, captivant l&rsquo;attention par son originalit\u00e9 et son attrait visuel. De plus, le mot \u00ab\u00a0Barcelona\u00a0\u00bb est \u00e9l\u00e9gamment imprim\u00e9 au bas de la coque, ajoutant une touche distinctive qui souligne sa connexion culturelle, en faisant le souvenir parfait de la ville.<\/p>\n<p>Id\u00e9al pour les touristes souhaitant un souvenir authentique, cette coque de t\u00e9l\u00e9phone n&rsquo;offre pas seulement de la fonctionnalit\u00e9, mais aussi un lien \u00e9motionnel avec l&rsquo;une des villes les plus iconiques d&rsquo;Espagne. Chez Ol\u00e9 Mosaic, en tant que grossiste de souvenirs de qualit\u00e9, nous fournissons des produits qui c\u00e9l\u00e8brent la richesse culturelle de Barcelone, faisant de cette coque une excellente option pour les boutiques de cadeaux touristiques cherchant \u00e0 diff\u00e9rencier leur offre de souvenirs de t\u00e9l\u00e9phonie mobile.<\/p>\n","protected":false},"excerpt":{"rendered":"<p>Coque pour iPhone 14 Pro fabriqu\u00e9e en TPU, orn\u00e9e d&rsquo;un design vibrant de papillons. Cette coque pr\u00e9sente un fond blanc avec une mosa\u00efque de tons rouges, bleus et jaunes \u00e9voquant l&rsquo;esth\u00e9tique de Barcelone. Les papillons, illustr\u00e9s avec des couleurs brillantes et des d\u00e9tails complexes, symbolisent la diversit\u00e9 et la beaut\u00e9 de la faune locale. Le mot \u00ab\u00a0Barcelona\u00a0\u00bb est \u00e9l\u00e9gamment imprim\u00e9 au bas, ajoutant une touche distinctive et culturelle.<\/p>\n","protected":false},"featured_media":12372,"template":"","meta":{"_acf_changed":false},"product_brand":[],"product_cat":[674],"product_tag":[530],"class_list":{"0":"post-33540","1":"product","2":"type-product","3":"status-publish","4":"has-post-thumbnail","6":"product_cat-etuis-pour-telephones-portables","7":"product_tag-animaux","8":"pa_ciudad-barcelona","9":"pa_motivo-papillons","10":"pa_pais-espana","12":"first","13":"instock","14":"shipping-taxable","15":"product-type-simple"},"acf":[],"_links":{"self":[{"href":"https:\/\/olemosaic.com\/fr\/wp-json\/wp\/v2\/product\/33540","targetHints":{"allow":["GET"]}}],"collection":[{"href":"https:\/\/olemosaic.com\/fr\/wp-json\/wp\/v2\/product"}],"about":[{"href":"https:\/\/olemosaic.com\/fr\/wp-json\/wp\/v2\/types\/product"}],"wp:featuredmedia":[{"embeddable":true,"href":"https:\/\/olemosaic.com\/fr\/wp-json\/wp\/v2\/media\/12372"}],"wp:attachment":[{"href":"https:\/\/olemosaic.com\/fr\/wp-json\/wp\/v2\/media?parent=33540"}],"wp:term":[{"taxonomy":"product_brand","embeddable":true,"href":"https:\/\/olemosaic.com\/fr\/wp-json\/wp\/v2\/product_brand?post=33540"},{"taxonomy":"product_cat","embeddable":true,"href":"https:\/\/olemosaic.com\/fr\/wp-json\/wp\/v2\/product_cat?post=33540"},{"taxonomy":"product_tag","embeddable":true,"href":"https:\/\/olemosaic.com\/fr\/wp-json\/wp\/v2\/product_tag?post=33540"}],"curies":[{"name":"wp","href":"https:\/\/api.w.org\/{rel}","templated":true}]}}