{"id":33531,"date":"2025-02-20T22:35:22","date_gmt":"2025-02-20T22:35:22","guid":{"rendered":"http:\/\/olemosaic.com\/producto\/funda-de-telefono-para-iphone-14-pro-tpu-mosaico-blanco\/"},"modified":"2025-07-25T20:18:07","modified_gmt":"2025-07-25T18:18:07","slug":"coque-de-telephone-pour-iphone-14-pro-tpu-mosaique-blanc","status":"publish","type":"product","link":"https:\/\/olemosaic.com\/fr\/produit\/coque-de-telephone-pour-iphone-14-pro-tpu-mosaique-blanc\/","title":{"rendered":"Coque de t\u00e9l\u00e9phone pour iPhone 14 Pro (TPU). Mosa\u00efque. Blanc"},"content":{"rendered":"<p>Coque pour iPhone 14 Pro avec un design de mosa\u00efque color\u00e9e, id\u00e9ale pour ceux qui recherchent un accessoire alliant protection et style. Fabriqu\u00e9e en TPU, un mat\u00e9riau flexible et r\u00e9sistant qui garantit la s\u00e9curit\u00e9 de votre appareil contre les chocs et les chutes. Son design vibrant s&rsquo;inspire de la riche tradition architecturale espagnole, pr\u00e9sentant un motif attrayant de carreaux dans des tons bleus, rouges, oranges et jaunes, qui \u00e9voquent la beaut\u00e9 de la c\u00e9ramique andalouse. Chaque cellule de la mosa\u00efque comprend des motifs floraux et g\u00e9om\u00e9triques, qui apportent non seulement un air frais et artistique, mais rendent \u00e9galement hommage \u00e0 l&rsquo;h\u00e9ritage culturel de l&rsquo;Espagne.<\/p>\n<p>Cette coque n&rsquo;est pas seulement fonctionnelle, c&rsquo;est aussi un cadeau exceptionnel pour les touristes qui souhaitent emporter avec eux un morceau de la culture espagnole. Parfaite pour ceux qui recherchent des souvenirs authentiques, cette coque de t\u00e9l\u00e9phone devient une fa\u00e7on unique de se souvenir de leur voyage. Chez Ol\u00e9 Mosaic, nous nous sp\u00e9cialisons dans la distribution d&rsquo;accessoires en gros, offrant des produits qui c\u00e9l\u00e8brent la diversit\u00e9 et la richesse du patrimoine culturel espagnol. Cette coque en mosa\u00efque est un choix parfait pour les d\u00e9taillants de cadeaux touristiques qui cherchent \u00e0 ajouter une touche culturelle \u00e0 leur offre.<\/p>\n","protected":false},"excerpt":{"rendered":"<p>Coque pour iPhone 14 Pro fabriqu\u00e9e en TPU, d\u00e9cor\u00e9e d&rsquo;un design de mosa\u00efque attrayant. Ce motif color\u00e9 pr\u00e9sente un m\u00e9lange de carreaux dans des tons bleus, rouges, oranges et jaunes, \u00e9voquant la riche tradition architecturale espagnole. Chaque cellule comprend des motifs floraux et g\u00e9om\u00e9triques, cr\u00e9ant une pi\u00e8ce vibrante et unique. Id\u00e9ale pour prot\u00e9ger votre appareil et ajouter une touche culturelle et artistique \u00e0 votre quotidien.<\/p>\n","protected":false},"featured_media":13023,"template":"","meta":{"_acf_changed":false},"product_brand":[],"product_cat":[674],"product_tag":[],"class_list":{"0":"post-33531","1":"product","2":"type-product","3":"status-publish","4":"has-post-thumbnail","6":"product_cat-etuis-pour-telephones-portables","7":"pa_motivo-mosaique","9":"first","10":"instock","11":"shipping-taxable","12":"product-type-simple"},"acf":[],"_links":{"self":[{"href":"https:\/\/olemosaic.com\/fr\/wp-json\/wp\/v2\/product\/33531","targetHints":{"allow":["GET"]}}],"collection":[{"href":"https:\/\/olemosaic.com\/fr\/wp-json\/wp\/v2\/product"}],"about":[{"href":"https:\/\/olemosaic.com\/fr\/wp-json\/wp\/v2\/types\/product"}],"wp:featuredmedia":[{"embeddable":true,"href":"https:\/\/olemosaic.com\/fr\/wp-json\/wp\/v2\/media\/13023"}],"wp:attachment":[{"href":"https:\/\/olemosaic.com\/fr\/wp-json\/wp\/v2\/media?parent=33531"}],"wp:term":[{"taxonomy":"product_brand","embeddable":true,"href":"https:\/\/olemosaic.com\/fr\/wp-json\/wp\/v2\/product_brand?post=33531"},{"taxonomy":"product_cat","embeddable":true,"href":"https:\/\/olemosaic.com\/fr\/wp-json\/wp\/v2\/product_cat?post=33531"},{"taxonomy":"product_tag","embeddable":true,"href":"https:\/\/olemosaic.com\/fr\/wp-json\/wp\/v2\/product_tag?post=33531"}],"curies":[{"name":"wp","href":"https:\/\/api.w.org\/{rel}","templated":true}]}}