{"id":33530,"date":"2025-02-20T22:35:22","date_gmt":"2025-02-20T22:35:22","guid":{"rendered":"http:\/\/olemosaic.com\/producto\/funda-de-telefono-para-iphone-14-pro-tpu-sagrada-familia-barcelona-azul\/"},"modified":"2025-07-25T19:52:38","modified_gmt":"2025-07-25T17:52:38","slug":"coque-de-telephone-pour-iphone-14-pro-tpu-sagrada-familia-barcelone-bleu","status":"publish","type":"product","link":"https:\/\/olemosaic.com\/fr\/produit\/coque-de-telephone-pour-iphone-14-pro-tpu-sagrada-familia-barcelone-bleu\/","title":{"rendered":"Coque de t\u00e9l\u00e9phone pour iPhone 14 Pro (TPU). Sagrada Familia. Barcelone. Bleu"},"content":{"rendered":"<p>Coque pour iPhone 14 Pro avec design de la Sagrada Familia de Barcelone.<\/p>\n<p>Cette coque pour t\u00e9l\u00e9phone, fabriqu\u00e9e en TPU de haute qualit\u00e9, offre une protection exceptionnelle pour votre iPhone 14 Pro tout en arborant un design vibrant de l&#8217;embl\u00e9matique Sagrada Familia, l&rsquo;un des chefs-d&rsquo;\u0153uvre de l&rsquo;architecture moderniste catalane. Dans des tons bleus et jaunes, le design met en valeur les d\u00e9tails iconiques de la basilique, repr\u00e9sentant les c\u00e9l\u00e8bres tours de ce monument architectural avec un fond splendide qui \u00e9voque le style singulier du trencad\u00eds, caract\u00e9ristique d&rsquo;Antoni Gaud\u00ed. Dans la partie inf\u00e9rieure, le mot \u00ab\u00a0Barcelone\u00a0\u00bb est \u00e9l\u00e9gamment imprim\u00e9, ajoutant une touche locale et attrayante.<\/p>\n<p>Ce produit est plus qu&rsquo;une simple coque ; c&rsquo;est un authentique souvenir qui c\u00e9l\u00e8bre la richesse culturelle de Barcelone, parfait pour ceux qui souhaitent emporter un morceau de la ville avec eux. Avec son design artistique, cette coque devient un cadeau id\u00e9al, un rappel de la splendeur de la Sagrada Familia et un excellent article pour les boutiques de souvenirs qui cherchent \u00e0 proposer des produits distinctifs et culturellement pertinents.<\/p>\n<p>En Ol\u00e9 Mosaic, nous sommes des distributeurs de souvenirs de haute qualit\u00e9 en gros, et cette coque pour t\u00e9l\u00e9phone repr\u00e9sente une combinaison parfaite entre fonctionnalit\u00e9 et esth\u00e9tique, id\u00e9ale pour les touristes et les amoureux de Barcelone qui recherchent un souvenir authentique de leur visite. Avec cette coque, ils emportent non seulement une protection pour leur appareil, mais aussi un symbole de l&rsquo;art et de l&rsquo;histoire de la ville.<\/p>\n","protected":false},"excerpt":{"rendered":"<p>Coque pour iPhone 14 Pro fabriqu\u00e9e en TPU, illustr\u00e9e par une repr\u00e9sentation vibrante de la Sagrada Familia de Barcelone. Ce design, dans des tons bleus et jaunes, souligne les d\u00e9tails architecturaux iconiques de la c\u00e9l\u00e8bre basilique, entour\u00e9s d&rsquo;un effet trencad\u00eds. Le mot \u00ab\u00a0Barcelone\u00a0\u00bb est \u00e9l\u00e9gamment imprim\u00e9 en bas, faisant de cette coque non seulement une protection pratique, mais aussi un souvenir visuellement attrayant qui c\u00e9l\u00e8bre la richesse culturelle de la ville.<\/p>\n","protected":false},"featured_media":12380,"template":"","meta":{"_acf_changed":false},"product_brand":[],"product_cat":[674],"product_tag":[],"class_list":{"0":"post-33530","1":"product","2":"type-product","3":"status-publish","4":"has-post-thumbnail","6":"product_cat-etuis-pour-telephones-portables","7":"pa_ciudad-barcelona","8":"pa_motivo-sagrada-familia","9":"pa_pais-espana","11":"first","12":"instock","13":"shipping-taxable","14":"product-type-simple"},"acf":[],"_links":{"self":[{"href":"https:\/\/olemosaic.com\/fr\/wp-json\/wp\/v2\/product\/33530","targetHints":{"allow":["GET"]}}],"collection":[{"href":"https:\/\/olemosaic.com\/fr\/wp-json\/wp\/v2\/product"}],"about":[{"href":"https:\/\/olemosaic.com\/fr\/wp-json\/wp\/v2\/types\/product"}],"wp:featuredmedia":[{"embeddable":true,"href":"https:\/\/olemosaic.com\/fr\/wp-json\/wp\/v2\/media\/12380"}],"wp:attachment":[{"href":"https:\/\/olemosaic.com\/fr\/wp-json\/wp\/v2\/media?parent=33530"}],"wp:term":[{"taxonomy":"product_brand","embeddable":true,"href":"https:\/\/olemosaic.com\/fr\/wp-json\/wp\/v2\/product_brand?post=33530"},{"taxonomy":"product_cat","embeddable":true,"href":"https:\/\/olemosaic.com\/fr\/wp-json\/wp\/v2\/product_cat?post=33530"},{"taxonomy":"product_tag","embeddable":true,"href":"https:\/\/olemosaic.com\/fr\/wp-json\/wp\/v2\/product_tag?post=33530"}],"curies":[{"name":"wp","href":"https:\/\/api.w.org\/{rel}","templated":true}]}}