{"id":33526,"date":"2025-02-20T23:35:21","date_gmt":"2025-02-20T22:35:21","guid":{"rendered":"http:\/\/olemosaic.com\/producto\/funda-de-telefono-para-iphone-14-tpu-abstracto-azul-2\/"},"modified":"2025-07-25T18:54:03","modified_gmt":"2025-07-25T16:54:03","slug":"coque-de-telephone-pour-iphone-14-tpu-abstrait-bleu-2","status":"publish","type":"product","link":"https:\/\/olemosaic.com\/fr\/produit\/coque-de-telephone-pour-iphone-14-tpu-abstrait-bleu-2\/","title":{"rendered":"Coque de t\u00e9l\u00e9phone pour iPhone 14 (TPU). Abstrait. Majorque. Bleu"},"content":{"rendered":"<p>Coque pour iPhone 14 inspir\u00e9e par l&rsquo;essence vibrante de Majorque. Cette pi\u00e8ce, \u00e9labor\u00e9e en TPU \u2014 un mat\u00e9riau qui combine r\u00e9sistance et flexibilit\u00e9 \u2014, assure une protection optimale pour votre appareil. Son design abstrait pr\u00e9sente une explosion de couleurs qui \u00e9voquent les vues impressionnantes de l&rsquo;\u00eele : des tons bleut\u00e9s qui r\u00e9pliquent la mer M\u00e9diterran\u00e9e, ainsi que des roses, des oranges et des jaunes qui rappellent les couchers de soleil sur l&rsquo;horizon majorquin. Le mot \u00ab\u00a0Mallorca\u00a0\u00bb se d\u00e9tache en lettres stylis\u00e9es, fusionnant avec la palette de couleurs et offrant une touche moderne et artistique.<\/p>\n<p>Cette coque n&rsquo;est pas seulement un accessoire pratique qui prot\u00e8ge votre iPhone 14, mais elle fonctionne \u00e9galement comme un v\u00e9ritable souvenir de Majorque, apportant un petit morceau de la culture m\u00e9diterran\u00e9enne \u00e0 votre quotidien. Son design dynamique et vibrant transforme chaque utilisation en une nouvelle expression de style, id\u00e9al pour ceux qui appr\u00e9cient l&rsquo;esth\u00e9tique et l&rsquo;exclusivit\u00e9. Chez Ol\u00e9 Mosaic, en tant que distributeurs d&rsquo;accessoires en gros, nous proposons des produits qui c\u00e9l\u00e8brent l&rsquo;authenticit\u00e9 et le patrimoine culturel des r\u00e9gions que nous repr\u00e9sentons. Cette coque est le choix parfait pour les boutiques de cadeaux touristiques qui cherchent \u00e0 offrir \u00e0 leurs clients des souvenirs uniques et de haute qualit\u00e9 qui capturent l&rsquo;essence de Majorque.<\/p>\n","protected":false},"excerpt":{"rendered":"<p>Coque pour iPhone 14 en TPU avec un design abstrait et vibrant qui \u00e9voque les paysages color\u00e9s de Majorque. Elle pr\u00e9sente une combinaison dynamique de tons bleus, roses, oranges et jaunes qui s&rsquo;\u00e9coulent dans un bel effet abstrait, avec le mot \u00ab\u00a0Mallorca\u00a0\u00bb se d\u00e9tachant en lettres stylis\u00e9es. Cette coque prot\u00e8ge non seulement votre appareil, mais ajoute \u00e9galement une touche artistique et moderne, id\u00e9ale pour ceux qui appr\u00e9cient le style m\u00e9diterran\u00e9en.<\/p>\n","protected":false},"featured_media":12958,"template":"","meta":{"_acf_changed":false},"product_brand":[],"product_cat":[674],"product_tag":[],"class_list":{"0":"post-33526","1":"product","2":"type-product","3":"status-publish","4":"has-post-thumbnail","6":"product_cat-etuis-pour-telephones-portables","7":"pa_ciudad-mallorca","8":"pa_motivo-resume","9":"pa_pais-espana","11":"first","12":"instock","13":"shipping-taxable","14":"product-type-simple"},"acf":[],"_links":{"self":[{"href":"https:\/\/olemosaic.com\/fr\/wp-json\/wp\/v2\/product\/33526","targetHints":{"allow":["GET"]}}],"collection":[{"href":"https:\/\/olemosaic.com\/fr\/wp-json\/wp\/v2\/product"}],"about":[{"href":"https:\/\/olemosaic.com\/fr\/wp-json\/wp\/v2\/types\/product"}],"wp:featuredmedia":[{"embeddable":true,"href":"https:\/\/olemosaic.com\/fr\/wp-json\/wp\/v2\/media\/12958"}],"wp:attachment":[{"href":"https:\/\/olemosaic.com\/fr\/wp-json\/wp\/v2\/media?parent=33526"}],"wp:term":[{"taxonomy":"product_brand","embeddable":true,"href":"https:\/\/olemosaic.com\/fr\/wp-json\/wp\/v2\/product_brand?post=33526"},{"taxonomy":"product_cat","embeddable":true,"href":"https:\/\/olemosaic.com\/fr\/wp-json\/wp\/v2\/product_cat?post=33526"},{"taxonomy":"product_tag","embeddable":true,"href":"https:\/\/olemosaic.com\/fr\/wp-json\/wp\/v2\/product_tag?post=33526"}],"curies":[{"name":"wp","href":"https:\/\/api.w.org\/{rel}","templated":true}]}}