{"id":33525,"date":"2025-02-20T22:35:21","date_gmt":"2025-02-20T22:35:21","guid":{"rendered":"http:\/\/olemosaic.com\/producto\/funda-de-telefono-para-iphone-14-tpu-mariposa-barcelona-blanco\/"},"modified":"2025-07-25T20:31:24","modified_gmt":"2025-07-25T18:31:24","slug":"coque-de-telephone-pour-iphone-14-tpu-papillon-barcelone-blanc","status":"publish","type":"product","link":"https:\/\/olemosaic.com\/fr\/produit\/coque-de-telephone-pour-iphone-14-tpu-papillon-barcelone-blanc\/","title":{"rendered":"Coque de t\u00e9l\u00e9phone pour iPhone 14 (TPU). Papillon. Barcelone. Blanc"},"content":{"rendered":"<p>Coque pour iPhone 14 fabriqu\u00e9e en TPU, d\u00e9cor\u00e9e d&rsquo;une illustration vibrante de papillons sur fond blanc. Cette coque se distingue par son design color\u00e9, avec des papillons dans les tons orange, bleu et rose, inspir\u00e9s des mosa\u00efques iconiques de Barcelone. Chaque papillon est une explosion de couleurs, avec des d\u00e9tails qui \u00e9voquent la diversit\u00e9 et la cr\u00e9ativit\u00e9 de la ville, tandis que le fond blanc rehausse l&rsquo;intensit\u00e9 de ces cr\u00e9atures ail\u00e9es. Dans la partie inf\u00e9rieure, une repr\u00e9sentation graphique de fragments de c\u00e9ramique rouges et bleus, accompagn\u00e9e du mot \u00ab\u00a0Barcelona\u00a0\u00bb, ajoute une touche distinctive et artistique, refl\u00e9tant le riche h\u00e9ritage culturel du modernisme catalan.<\/p>\n<p>Cet article, en plus de prot\u00e9ger votre appareil, est un souvenir exceptionnel de Barcelone, parfait pour ceux qui souhaitent emporter un morceau de cette m\u00e9tropole vibrante. La connexion culturelle s&rsquo;appr\u00e9cie dans chaque d\u00e9tail, car les papillons sont des symboles de transformation et de beaut\u00e9, en accord avec l&rsquo;essence de la ville. Chez Ol\u00e9 Mosaic, nous proposons une gamme de produits authentiques, et cette coque est une excellente option pour les boutiques de cadeaux touristiques \u00e0 la recherche de souvenirs innovants et repr\u00e9sentatifs de Barcelone. En tant que grossistes de coques de t\u00e9l\u00e9phone, nous garantissons la qualit\u00e9 et un design qui c\u00e9l\u00e8bre la culture catalane de mani\u00e8re artistique et contemporaine.<\/p>\n","protected":false},"excerpt":{"rendered":"<p>Coque de t\u00e9l\u00e9phone pour iPhone 14 fabriqu\u00e9e en TPU, orn\u00e9e d&rsquo;une illustration vibrante de papillons sur un fond blanc. Le design color\u00e9 met en avant des papillons dans les tons orange, bleu et rose, inspir\u00e9s des mosa\u00efques de Barcelone. Le motif inclut des fragments de c\u00e9ramique de couleurs rouge et bleue, ainsi que le mot \u00ab\u00a0Barcelona\u00a0\u00bb, apportant une touche distinctive et artistique qui refl\u00e8te l&rsquo;essence cr\u00e9ative de la ville.<\/p>\n","protected":false},"featured_media":12352,"template":"","meta":{"_acf_changed":false},"product_brand":[],"product_cat":[674],"product_tag":[530],"class_list":{"0":"post-33525","1":"product","2":"type-product","3":"status-publish","4":"has-post-thumbnail","6":"product_cat-etuis-pour-telephones-portables","7":"product_tag-animaux","8":"pa_ciudad-barcelona","9":"pa_motivo-papillons","10":"pa_pais-espana","12":"first","13":"instock","14":"shipping-taxable","15":"product-type-simple"},"acf":[],"_links":{"self":[{"href":"https:\/\/olemosaic.com\/fr\/wp-json\/wp\/v2\/product\/33525","targetHints":{"allow":["GET"]}}],"collection":[{"href":"https:\/\/olemosaic.com\/fr\/wp-json\/wp\/v2\/product"}],"about":[{"href":"https:\/\/olemosaic.com\/fr\/wp-json\/wp\/v2\/types\/product"}],"wp:featuredmedia":[{"embeddable":true,"href":"https:\/\/olemosaic.com\/fr\/wp-json\/wp\/v2\/media\/12352"}],"wp:attachment":[{"href":"https:\/\/olemosaic.com\/fr\/wp-json\/wp\/v2\/media?parent=33525"}],"wp:term":[{"taxonomy":"product_brand","embeddable":true,"href":"https:\/\/olemosaic.com\/fr\/wp-json\/wp\/v2\/product_brand?post=33525"},{"taxonomy":"product_cat","embeddable":true,"href":"https:\/\/olemosaic.com\/fr\/wp-json\/wp\/v2\/product_cat?post=33525"},{"taxonomy":"product_tag","embeddable":true,"href":"https:\/\/olemosaic.com\/fr\/wp-json\/wp\/v2\/product_tag?post=33525"}],"curies":[{"name":"wp","href":"https:\/\/api.w.org\/{rel}","templated":true}]}}