{"id":33524,"date":"2025-02-20T22:35:21","date_gmt":"2025-02-20T22:35:21","guid":{"rendered":"http:\/\/olemosaic.com\/producto\/funda-de-telefono-para-iphone-14-tpu-salamandra-barcelona-blanco\/"},"modified":"2025-07-25T19:24:04","modified_gmt":"2025-07-25T17:24:04","slug":"coque-de-telephone-pour-iphone-14-tpu-salamandre-barcelone-blanc","status":"publish","type":"product","link":"https:\/\/olemosaic.com\/fr\/produit\/coque-de-telephone-pour-iphone-14-tpu-salamandre-barcelone-blanc\/","title":{"rendered":"Coque de t\u00e9l\u00e9phone pour iPhone 14 (TPU). Salamandre. Barcelone. Blanc"},"content":{"rendered":"<p>Coque pour iPhone 14 d\u00e9cor\u00e9e de salamandres color\u00e9es de Barcelone. Cette incroyable coque en TPU se distingue par son design vibrant, qui pr\u00e9sente une s\u00e9rie de salamandres stylis\u00e9es sur un fond blanc, \u00e9voquant la c\u00e9ramique iconique de la ville. Inspir\u00e9 par l&rsquo;\u0153uvre du c\u00e9l\u00e8bre architecte Antoni Gaud\u00ed, l&rsquo;art de la c\u00e9ramique catalane resplendit \u00e0 travers des \u00e9l\u00e9ments floraux aux tons vifs qui accompagnent les salamandres, cr\u00e9ant une fusion parfaite entre nature et culture. La finition \u00e9maill\u00e9e offre une protection efficace \u00e0 votre appareil, tandis que la typographie joyeuse et dynamique qui met en valeur le mot \u00ab\u00a0Barcelona\u00a0\u00bb ajoute une touche unique et distinctive \u00e0 l&rsquo;accessoire. Ce souvenir repr\u00e9sente non seulement un article fonctionnel, mais aussi un souvenir authentique de la richesse culturelle de Barcelone. En choisissant cette coque, les touristes ne prot\u00e8gent pas seulement leur iPhone, ils emportent \u00e9galement avec eux un morceau de la vie vibrante et de la personnalit\u00e9 de la ville. Chez Ol\u00e9 Mosaic, nous proposons une large s\u00e9lection de produits de qualit\u00e9 en gros, id\u00e9aux pour les boutiques de cadeaux touristiques qui recherchent des souvenirs authentiques capturant l&rsquo;essence de l&rsquo;Espagne et de ses traditions.<\/p>\n","protected":false},"excerpt":{"rendered":"<p>Coque en TPU pour iPhone 14, orn\u00e9e de salamandres color\u00e9es sur un fond blanc. Le design int\u00e8gre des \u00e9l\u00e9ments floraux vibrants et une repr\u00e9sentation stylis\u00e9e de l&rsquo;iconique c\u00e9ramique barcelonaise, \u00e9voquant l&rsquo;\u0153uvre d&rsquo;Antoni Gaud\u00ed. Avec une finition brillante et une typographie qui souligne le mot \u00ab\u00a0Barcelona\u00a0\u00bb, cette coque prot\u00e8ge non seulement votre appareil, mais ajoute \u00e9galement une touche artistique et distinctive qui c\u00e9l\u00e8bre la richesse culturelle de la ville.<\/p>\n","protected":false},"featured_media":12350,"template":"","meta":{"_acf_changed":false},"product_brand":[],"product_cat":[674],"product_tag":[530],"class_list":{"0":"post-33524","1":"product","2":"type-product","3":"status-publish","4":"has-post-thumbnail","6":"product_cat-etuis-pour-telephones-portables","7":"product_tag-animaux","8":"pa_ciudad-barcelona","9":"pa_motivo-salamandres","10":"pa_pais-espana","12":"first","13":"instock","14":"shipping-taxable","15":"product-type-simple"},"acf":[],"_links":{"self":[{"href":"https:\/\/olemosaic.com\/fr\/wp-json\/wp\/v2\/product\/33524","targetHints":{"allow":["GET"]}}],"collection":[{"href":"https:\/\/olemosaic.com\/fr\/wp-json\/wp\/v2\/product"}],"about":[{"href":"https:\/\/olemosaic.com\/fr\/wp-json\/wp\/v2\/types\/product"}],"wp:featuredmedia":[{"embeddable":true,"href":"https:\/\/olemosaic.com\/fr\/wp-json\/wp\/v2\/media\/12350"}],"wp:attachment":[{"href":"https:\/\/olemosaic.com\/fr\/wp-json\/wp\/v2\/media?parent=33524"}],"wp:term":[{"taxonomy":"product_brand","embeddable":true,"href":"https:\/\/olemosaic.com\/fr\/wp-json\/wp\/v2\/product_brand?post=33524"},{"taxonomy":"product_cat","embeddable":true,"href":"https:\/\/olemosaic.com\/fr\/wp-json\/wp\/v2\/product_cat?post=33524"},{"taxonomy":"product_tag","embeddable":true,"href":"https:\/\/olemosaic.com\/fr\/wp-json\/wp\/v2\/product_tag?post=33524"}],"curies":[{"name":"wp","href":"https:\/\/api.w.org\/{rel}","templated":true}]}}