{"id":33522,"date":"2025-02-20T23:35:20","date_gmt":"2025-02-20T22:35:20","guid":{"rendered":"http:\/\/olemosaic.com\/producto\/funda-de-telefono-para-iphone-14-tpu-panoramica-barcelona-azul-2\/"},"modified":"2025-07-25T19:48:03","modified_gmt":"2025-07-25T17:48:03","slug":"coque-de-telephone-pour-iphone-14-tpu-panoramique-barcelone-bleu-2","status":"publish","type":"product","link":"https:\/\/olemosaic.com\/fr\/produit\/coque-de-telephone-pour-iphone-14-tpu-panoramique-barcelone-bleu-2\/","title":{"rendered":"Coque de t\u00e9l\u00e9phone pour iPhone 14 (TPU). Panoramique. Sagrada Familia. Barcelone. Bleu"},"content":{"rendered":"<p>Coque pour iPhone 14 avec un design panoramique vibrant de Barcelone, capturant l&rsquo;essence de cette ville embl\u00e9matique. Cette coque en TPU pr\u00e9sente une illustration color\u00e9e de l&rsquo;iconique Sagrada Familia avec ses tours distinctives, entour\u00e9e de palmiers et du paysage urbain ensoleill\u00e9 caract\u00e9ristique de la c\u00f4te catalane. Les tons bleus du fond \u00e9voquent le ciel m\u00e9diterran\u00e9en, tandis que le design moderniste color\u00e9 et les d\u00e9tails architecturaux font de cette coque un v\u00e9ritable hommage \u00e0 la cr\u00e9ativit\u00e9 d&rsquo;Antoni Gaud\u00ed. Le texte \u00ab\u00a0Barcelona\u00a0\u00bb est imprim\u00e9 dans un ton contrast\u00e9 qui ajoute une touche moderne et attrayante \u00e0 la pr\u00e9sentation du produit.<\/p>\n<p>Fabriqu\u00e9e en mat\u00e9riau TPU de haute qualit\u00e9, cette coque est non seulement visuellement frappante, mais elle offre \u00e9galement une protection efficace contre les chocs et les rayures, tout en conservant une finition l\u00e9g\u00e8re et flexible qui s&rsquo;adapte parfaitement \u00e0 l&rsquo;appareil. Ce souvenir est id\u00e9al pour les touristes qui cherchent \u00e0 se souvenir de leur visite \u00e0 Barcelone de mani\u00e8re pratique et stylis\u00e9e. Chez Ol\u00e9 Mosaic, nous sommes experts dans la distribution de souvenirs en gros, et cette coque de t\u00e9l\u00e9phone se pr\u00e9sente comme une option exceptionnelle pour les boutiques de cadeaux touristiques qui souhaitent proposer des produits repr\u00e9sentatifs et authentiques de la culture espagnole. Avec son design exclusif, ce souvenir de Barcelone est une combinaison parfaite de fonctionnalit\u00e9 et d&rsquo;art, devenant un incontournable pour ceux qui souhaitent emporter un morceau de cette ville vibrante toujours avec eux.<\/p>\n","protected":false},"excerpt":{"rendered":"<p>Coque de t\u00e9l\u00e9phone pour iPhone 14 (TPU) avec une vue panoramique vibrante de Barcelone dans les tons bleus. Le design illustr\u00e9 inclut l&rsquo;iconique Sagrada Familia, des palmiers et un paysage urbain ensoleill\u00e9, mettant en valeur les courbes et les couleurs typiques de l&rsquo;architecture moderniste. Le texte \u00ab\u00a0Barcelona\u00a0\u00bb est imprim\u00e9 dans une couleur contrastante, apportant une finition attrayante et moderne. Fabriqu\u00e9e en mat\u00e9riau TPU, elle offre une protection efficace et une finition l\u00e9g\u00e8re et flexible.<\/p>\n","protected":false},"featured_media":12361,"template":"","meta":{"_acf_changed":false},"product_brand":[],"product_cat":[674],"product_tag":[],"class_list":{"0":"post-33522","1":"product","2":"type-product","3":"status-publish","4":"has-post-thumbnail","6":"product_cat-etuis-pour-telephones-portables","7":"pa_ciudad-barcelona","8":"pa_motivo-panoramas","9":"pa_pais-espana","11":"first","12":"instock","13":"shipping-taxable","14":"product-type-simple"},"acf":[],"_links":{"self":[{"href":"https:\/\/olemosaic.com\/fr\/wp-json\/wp\/v2\/product\/33522","targetHints":{"allow":["GET"]}}],"collection":[{"href":"https:\/\/olemosaic.com\/fr\/wp-json\/wp\/v2\/product"}],"about":[{"href":"https:\/\/olemosaic.com\/fr\/wp-json\/wp\/v2\/types\/product"}],"wp:featuredmedia":[{"embeddable":true,"href":"https:\/\/olemosaic.com\/fr\/wp-json\/wp\/v2\/media\/12361"}],"wp:attachment":[{"href":"https:\/\/olemosaic.com\/fr\/wp-json\/wp\/v2\/media?parent=33522"}],"wp:term":[{"taxonomy":"product_brand","embeddable":true,"href":"https:\/\/olemosaic.com\/fr\/wp-json\/wp\/v2\/product_brand?post=33522"},{"taxonomy":"product_cat","embeddable":true,"href":"https:\/\/olemosaic.com\/fr\/wp-json\/wp\/v2\/product_cat?post=33522"},{"taxonomy":"product_tag","embeddable":true,"href":"https:\/\/olemosaic.com\/fr\/wp-json\/wp\/v2\/product_tag?post=33522"}],"curies":[{"name":"wp","href":"https:\/\/api.w.org\/{rel}","templated":true}]}}