{"id":33496,"date":"2025-02-20T23:35:20","date_gmt":"2025-02-20T22:35:20","guid":{"rendered":"http:\/\/olemosaic.com\/producto\/funda-de-telefono-para-iphone-14-tpu-abstracto-negro-2\/"},"modified":"2025-07-25T20:39:21","modified_gmt":"2025-07-25T18:39:21","slug":"coque-de-telephone-pour-iphone-14-tpu-abstrait-noir-2","status":"publish","type":"product","link":"https:\/\/olemosaic.com\/fr\/produit\/coque-de-telephone-pour-iphone-14-tpu-abstrait-noir-2\/","title":{"rendered":"Coque de t\u00e9l\u00e9phone pour iPhone 14 (TPU). Abstrait. Style moderne. Noir"},"content":{"rendered":"<p>Coque pour iPhone 14 avec un design abstrait et moderne qui captive gr\u00e2ce \u00e0 sa combinaison vibrante de couleurs. Fabriqu\u00e9e en TPU, cette coque offre une protection efficace pour votre appareil, tout en se distinguant par son esth\u00e9tique artistique et contemporaine. La pr\u00e9sentation visuelle est percutante, avec une explosion de bleu, d&rsquo;orange et de rose sur un fond noir, cr\u00e9ant un effet enveloppant qui attire tous les regards. Les formes fluides et dynamiques donnent vie \u00e0 un design unique qui refl\u00e8te la cr\u00e9ativit\u00e9 et l&rsquo;innovation.<\/p>\n<p>En plus de son apparence impressionnante, cette coque se distingue par sa fonctionnalit\u00e9. Le mat\u00e9riau TPU offre une prise en main confortable et est flexible, facilitant la pose et le retrait de l&rsquo;iPhone 14. En tant que souvenir moderne et authentique, cette coque devient un excellent souvenir pour ceux qui souhaitent emporter un morceau d&rsquo;art contemporain. Chez Ol\u00e9 Mosaic, nous nous concentrons sur l&rsquo;offre de produits de haute qualit\u00e9 et de pertinence culturelle, faisant de cette coque un choix id\u00e9al pour les boutiques de souvenirs touristiques qui cherchent \u00e0 innover leur offre. Avec la garantie d&rsquo;un distributeur d&rsquo;accessoires de t\u00e9l\u00e9phone en gros, nous assurons l&rsquo;authenticit\u00e9 et le style de chaque pi\u00e8ce.<\/p>\n","protected":false},"excerpt":{"rendered":"<p>Coque pour iPhone 14 fabriqu\u00e9e en TPU, avec un design abstrait combinant des tons vibrants de bleu, d&rsquo;orange et de rose sur un fond noir. Cet accessoire se distingue par son style moderne et artistique, id\u00e9al pour ceux qui cherchent \u00e0 prot\u00e9ger leur appareil sans renoncer \u00e0 l&rsquo;esth\u00e9tique. L&rsquo;impression de haute qualit\u00e9 offre une explosion de couleurs et de formes, ce qui fait de cette coque une pi\u00e8ce unique et frappante.<\/p>\n","protected":false},"featured_media":12368,"template":"","meta":{"_acf_changed":false},"product_brand":[],"product_cat":[674],"product_tag":[],"class_list":{"0":"post-33496","1":"product","2":"type-product","3":"status-publish","4":"has-post-thumbnail","6":"product_cat-etuis-pour-telephones-portables","7":"pa_motivo-resume","9":"first","10":"instock","11":"shipping-taxable","12":"product-type-simple"},"acf":[],"_links":{"self":[{"href":"https:\/\/olemosaic.com\/fr\/wp-json\/wp\/v2\/product\/33496","targetHints":{"allow":["GET"]}}],"collection":[{"href":"https:\/\/olemosaic.com\/fr\/wp-json\/wp\/v2\/product"}],"about":[{"href":"https:\/\/olemosaic.com\/fr\/wp-json\/wp\/v2\/types\/product"}],"wp:featuredmedia":[{"embeddable":true,"href":"https:\/\/olemosaic.com\/fr\/wp-json\/wp\/v2\/media\/12368"}],"wp:attachment":[{"href":"https:\/\/olemosaic.com\/fr\/wp-json\/wp\/v2\/media?parent=33496"}],"wp:term":[{"taxonomy":"product_brand","embeddable":true,"href":"https:\/\/olemosaic.com\/fr\/wp-json\/wp\/v2\/product_brand?post=33496"},{"taxonomy":"product_cat","embeddable":true,"href":"https:\/\/olemosaic.com\/fr\/wp-json\/wp\/v2\/product_cat?post=33496"},{"taxonomy":"product_tag","embeddable":true,"href":"https:\/\/olemosaic.com\/fr\/wp-json\/wp\/v2\/product_tag?post=33496"}],"curies":[{"name":"wp","href":"https:\/\/api.w.org\/{rel}","templated":true}]}}