{"id":33476,"date":"2025-02-20T22:35:19","date_gmt":"2025-02-20T22:35:19","guid":{"rendered":"http:\/\/olemosaic.com\/producto\/funda-de-telefono-para-iphone-14-tpu-mosaico-barcelona-blanco\/"},"modified":"2025-07-25T19:44:13","modified_gmt":"2025-07-25T17:44:13","slug":"coque-de-telephone-pour-iphone-14-tpu-mosaique-barcelone-blanc","status":"publish","type":"product","link":"https:\/\/olemosaic.com\/fr\/produit\/coque-de-telephone-pour-iphone-14-tpu-mosaique-barcelone-blanc\/","title":{"rendered":"Coque de t\u00e9l\u00e9phone pour iPhone 14 (TPU). Mosa\u00efque. Barcelone. Blanc"},"content":{"rendered":"<p>Coque pour iPhone 14 avec un design de mosa\u00efque de Barcelone. Fabriqu\u00e9e en TPU r\u00e9sistant, cette coque allie protection et style, orn\u00e9e d&rsquo;un design vibrant inspir\u00e9 des c\u00e9l\u00e8bres carreaux de la cit\u00e9 comtale. Avec un fond blanc qui fait ressortir les motifs dans les tons bleus, rouges, oranges et jaunes, chaque d\u00e9tail \u00e9voque le riche h\u00e9ritage culturel de Barcelone. Le texte \u00ab Barcelona \u00bb se d\u00e9tache artistiquement, ajoutant une touche distinctive qui c\u00e9l\u00e8bre l&rsquo;essence de cette ville embl\u00e9matique.<\/p>\n<p>La mosa\u00efque qui d\u00e9core la coque n&rsquo;est pas seulement attrayante visuellement, elle entretient \u00e9galement un lien profond avec l&rsquo;art moderniste catalan, fondamental pour l&rsquo;identit\u00e9 locale. Ce souvenir est id\u00e9al pour ceux qui recherchent une mani\u00e8re originale et fonctionnelle d&#8217;emporter un morceau de Barcelone avec eux.<\/p>\n<p>Parfaite pour les touristes souhaitant se souvenir de leur visite dans cette ville iconique ou pour ceux qui appr\u00e9cient simplement le design contemporain et la culture, cette coque est une excellente option de souvenir qui souligne l&rsquo;authenticit\u00e9 et le caract\u00e8re de Barcelone. Chez Ol\u00e9 Mosaic, en tant que distributeur de souvenirs en gros, nous proposons des produits qui encapsulent la richesse culturelle de l&rsquo;Espagne, faisant de cette coque un article phare pour les boutiques de cadeaux touristiques et un incontournable pour ceux qui appr\u00e9cient l&rsquo;esth\u00e9tique et la fonctionnalit\u00e9.<\/p>\n","protected":false},"excerpt":{"rendered":"<p>Coque pour iPhone 14 fabriqu\u00e9e en TPU, avec un design en mosa\u00efque vibrant qui \u00e9voque la richesse culturelle de Barcelone. Sur un fond blanc, elle d\u00e9ploie une vari\u00e9t\u00e9 de motifs en bleu, rouge, orange et jaune, inspir\u00e9s des carreaux caract\u00e9ristiques de la ville. Le texte \u00ab\u00a0Barcelona\u00a0\u00bb se distingue, avec une touche artistique qui rehausse l&rsquo;essence de cette ville embl\u00e9matique. Id\u00e9ale pour prot\u00e9ger votre appareil avec style et \u00e9l\u00e9gance.<\/p>\n","protected":false},"featured_media":12355,"template":"","meta":{"_acf_changed":false},"product_brand":[],"product_cat":[674],"product_tag":[],"class_list":{"0":"post-33476","1":"product","2":"type-product","3":"status-publish","4":"has-post-thumbnail","6":"product_cat-etuis-pour-telephones-portables","7":"pa_ciudad-barcelona","8":"pa_motivo-mosaique","9":"pa_pais-espana","11":"first","12":"instock","13":"shipping-taxable","14":"product-type-simple"},"acf":[],"_links":{"self":[{"href":"https:\/\/olemosaic.com\/fr\/wp-json\/wp\/v2\/product\/33476","targetHints":{"allow":["GET"]}}],"collection":[{"href":"https:\/\/olemosaic.com\/fr\/wp-json\/wp\/v2\/product"}],"about":[{"href":"https:\/\/olemosaic.com\/fr\/wp-json\/wp\/v2\/types\/product"}],"wp:featuredmedia":[{"embeddable":true,"href":"https:\/\/olemosaic.com\/fr\/wp-json\/wp\/v2\/media\/12355"}],"wp:attachment":[{"href":"https:\/\/olemosaic.com\/fr\/wp-json\/wp\/v2\/media?parent=33476"}],"wp:term":[{"taxonomy":"product_brand","embeddable":true,"href":"https:\/\/olemosaic.com\/fr\/wp-json\/wp\/v2\/product_brand?post=33476"},{"taxonomy":"product_cat","embeddable":true,"href":"https:\/\/olemosaic.com\/fr\/wp-json\/wp\/v2\/product_cat?post=33476"},{"taxonomy":"product_tag","embeddable":true,"href":"https:\/\/olemosaic.com\/fr\/wp-json\/wp\/v2\/product_tag?post=33476"}],"curies":[{"name":"wp","href":"https:\/\/api.w.org\/{rel}","templated":true}]}}