{"id":33474,"date":"2025-02-20T22:35:19","date_gmt":"2025-02-20T22:35:19","guid":{"rendered":"http:\/\/olemosaic.com\/producto\/funda-de-telefono-para-iphone-14-tpu-gato-mallorca-blanco\/"},"modified":"2025-07-25T19:51:32","modified_gmt":"2025-07-25T17:51:32","slug":"coque-de-telephone-pour-iphone-14-tpu-chat-majorque-blanc","status":"publish","type":"product","link":"https:\/\/olemosaic.com\/fr\/produit\/coque-de-telephone-pour-iphone-14-tpu-chat-majorque-blanc\/","title":{"rendered":"Coque de t\u00e9l\u00e9phone pour iPhone 14 (TPU). Chat. Majorque. Blanc"},"content":{"rendered":"<p>Coque pour iPhone 14 avec un design de chat color\u00e9 de Majorque. Cette coque vibrante, \u00e9labor\u00e9e en TPU, pr\u00e9sente une illustration charmante d&rsquo;un chat dans un style artistique de mosa\u00efque, capturant l&rsquo;essence de l&rsquo;art local. Le fond blanc fait ressortir les formes g\u00e9om\u00e9triques et les tons brillants du chat, compos\u00e9 de couleurs chaudes et froides, cr\u00e9ant un effet visuel joyeux et contemporain. Les d\u00e9tails de papillons voletant autour du chat ajoutent une touche ludique, invitant \u00e0 l&rsquo;admiration et \u00e9voquant la beaut\u00e9 naturelle de Majorque.<\/p>\n<p>La connexion culturelle de cette coque va au-del\u00e0 de son design : elle symbolise la cr\u00e9ativit\u00e9 et l&rsquo;esprit vibrant de cette c\u00e9l\u00e8bre \u00eele espagnole. Majorque est connue non seulement pour ses paysages idylliques, mais aussi pour son riche h\u00e9ritage artistique, et cette coque est le souvenir parfait pour ceux qui souhaitent emporter un morceau de cette culture. Id\u00e9al pour les touristes \u00e0 la recherche de cadeaux uniques et repr\u00e9sentatifs, ce produit prot\u00e8ge non seulement l&rsquo;appareil, mais sert \u00e9galement de rappel constant de la magie de Majorque. Chez Ol\u00e9 Mosaic, nous sommes fiers de proposer des produits authentiques et de qualit\u00e9 en gros, et cette coque est une option id\u00e9ale pour les boutiques de cadeaux touristiques cherchant \u00e0 se d\u00e9marquer avec des souvenirs originaux et charmants.<\/p>\n","protected":false},"excerpt":{"rendered":"<p>Coque de t\u00e9l\u00e9phone pour iPhone 14 en TPU, avec un design vibrant pr\u00e9sentant un chat color\u00e9 sur fond blanc. Cette coque \u00e9voque le style artistique de Majorque, avec un design en mosa\u00efque utilisant une gamme de couleurs brillantes et des papillons qui ajoutent une touche ludique. La repr\u00e9sentation du chat, avec ses formes g\u00e9om\u00e9triques, apporte un air moderne et joyeux, id\u00e9al pour ceux qui cherchent \u00e0 prot\u00e9ger leur appareil avec une touche d&rsquo;originalit\u00e9.<\/p>\n","protected":false},"featured_media":12955,"template":"","meta":{"_acf_changed":false},"product_brand":[],"product_cat":[674],"product_tag":[530],"class_list":{"0":"post-33474","1":"product","2":"type-product","3":"status-publish","4":"has-post-thumbnail","6":"product_cat-etuis-pour-telephones-portables","7":"product_tag-animaux","8":"pa_ciudad-mallorca","9":"pa_motivo-chats","10":"pa_pais-espana","12":"first","13":"instock","14":"shipping-taxable","15":"product-type-simple"},"acf":[],"_links":{"self":[{"href":"https:\/\/olemosaic.com\/fr\/wp-json\/wp\/v2\/product\/33474","targetHints":{"allow":["GET"]}}],"collection":[{"href":"https:\/\/olemosaic.com\/fr\/wp-json\/wp\/v2\/product"}],"about":[{"href":"https:\/\/olemosaic.com\/fr\/wp-json\/wp\/v2\/types\/product"}],"wp:featuredmedia":[{"embeddable":true,"href":"https:\/\/olemosaic.com\/fr\/wp-json\/wp\/v2\/media\/12955"}],"wp:attachment":[{"href":"https:\/\/olemosaic.com\/fr\/wp-json\/wp\/v2\/media?parent=33474"}],"wp:term":[{"taxonomy":"product_brand","embeddable":true,"href":"https:\/\/olemosaic.com\/fr\/wp-json\/wp\/v2\/product_brand?post=33474"},{"taxonomy":"product_cat","embeddable":true,"href":"https:\/\/olemosaic.com\/fr\/wp-json\/wp\/v2\/product_cat?post=33474"},{"taxonomy":"product_tag","embeddable":true,"href":"https:\/\/olemosaic.com\/fr\/wp-json\/wp\/v2\/product_tag?post=33474"}],"curies":[{"name":"wp","href":"https:\/\/api.w.org\/{rel}","templated":true}]}}