{"id":33473,"date":"2025-02-20T22:35:19","date_gmt":"2025-02-20T22:35:19","guid":{"rendered":"http:\/\/olemosaic.com\/producto\/funda-de-telefono-para-iphone-14-tpu-abstracto-verde\/"},"modified":"2025-07-25T20:06:09","modified_gmt":"2025-07-25T18:06:09","slug":"coque-de-telephone-pour-iphone-14-tpu-abstrait-vert","status":"publish","type":"product","link":"https:\/\/olemosaic.com\/fr\/produit\/coque-de-telephone-pour-iphone-14-tpu-abstrait-vert\/","title":{"rendered":"Coque de t\u00e9l\u00e9phone pour iPhone 14 (TPU). Abstrait. Vert"},"content":{"rendered":"<p>Coque pour iPhone 14 avec un design abstrait. Cette coque originale, fabriqu\u00e9e en TPU, un mat\u00e9riau tr\u00e8s flexible et r\u00e9sistant, prot\u00e8ge non seulement votre appareil, mais lui apporte \u00e9galement un style unique et contemporain. Son design vibrant combine des tons verts, rouges et jaunes dans un effet visuel percutant, o\u00f9 les formes et les couleurs s&rsquo;entrelacent de mani\u00e8re fluide, cr\u00e9ant une texture singuli\u00e8re qui capte l&rsquo;attention. La surface douce assure une prise en main confortable, et sa capacit\u00e9 \u00e0 absorber les impacts prot\u00e8ge parfaitement votre iPhone 14 des dommages \u00e9ventuels.<\/p>\n<p>Ce produit, en plus d&rsquo;\u00eatre pratique, refl\u00e8te une tendance artistique actuelle, parfait pour ceux qui cherchent \u00e0 personnaliser leur t\u00e9l\u00e9phone avec une touche de cr\u00e9ativit\u00e9 et de modernit\u00e9. Ce type d&rsquo;accessoires est consid\u00e9r\u00e9 comme d&rsquo;authentiques souvenirs contemporains, id\u00e9aux pour les touristes qui souhaitent emporter un morceau des innovations culturelles modernes d&rsquo;Espagne. Chez Ol\u00e9 Mosaic, en tant que grossiste d&rsquo;accessoires pour mobiles, nous proposons cette coque dans le cadre de notre s\u00e9lection de souvenirs innovants, ce qui en fait une excellente option pour les boutiques de cadeaux touristiques cherchant \u00e0 se d\u00e9marquer. Cette coque pour iPhone 14 est plus qu&rsquo;une simple protection ; c&rsquo;est un symbole de style et d&rsquo;authenticit\u00e9 qui ravira tout visiteur.<\/p>\n","protected":false},"excerpt":{"rendered":"<p>Coque pour iPhone 14 fabriqu\u00e9e en TPU, avec un design abstrait combinant des tons vibrants de vert, rouge et jaune. Cette protection se distingue par sa capacit\u00e9 \u00e0 absorber les impacts et \u00e0 prot\u00e9ger votre appareil, tout en offrant un style unique et moderne. La surface pr\u00e9sente une texture douce et fluide, cr\u00e9ant un effet visuel dynamique, id\u00e9al pour ceux qui cherchent \u00e0 personnaliser leur t\u00e9l\u00e9phone avec une touche artistique et contemporaine.<\/p>\n","protected":false},"featured_media":12356,"template":"","meta":{"_acf_changed":false},"product_brand":[],"product_cat":[674],"product_tag":[],"class_list":{"0":"post-33473","1":"product","2":"type-product","3":"status-publish","4":"has-post-thumbnail","6":"product_cat-etuis-pour-telephones-portables","7":"pa_motivo-resume","9":"first","10":"instock","11":"shipping-taxable","12":"product-type-simple"},"acf":[],"_links":{"self":[{"href":"https:\/\/olemosaic.com\/fr\/wp-json\/wp\/v2\/product\/33473","targetHints":{"allow":["GET"]}}],"collection":[{"href":"https:\/\/olemosaic.com\/fr\/wp-json\/wp\/v2\/product"}],"about":[{"href":"https:\/\/olemosaic.com\/fr\/wp-json\/wp\/v2\/types\/product"}],"wp:featuredmedia":[{"embeddable":true,"href":"https:\/\/olemosaic.com\/fr\/wp-json\/wp\/v2\/media\/12356"}],"wp:attachment":[{"href":"https:\/\/olemosaic.com\/fr\/wp-json\/wp\/v2\/media?parent=33473"}],"wp:term":[{"taxonomy":"product_brand","embeddable":true,"href":"https:\/\/olemosaic.com\/fr\/wp-json\/wp\/v2\/product_brand?post=33473"},{"taxonomy":"product_cat","embeddable":true,"href":"https:\/\/olemosaic.com\/fr\/wp-json\/wp\/v2\/product_cat?post=33473"},{"taxonomy":"product_tag","embeddable":true,"href":"https:\/\/olemosaic.com\/fr\/wp-json\/wp\/v2\/product_tag?post=33473"}],"curies":[{"name":"wp","href":"https:\/\/api.w.org\/{rel}","templated":true}]}}