{"id":33471,"date":"2025-02-20T22:35:18","date_gmt":"2025-02-20T22:35:18","guid":{"rendered":"http:\/\/olemosaic.com\/producto\/funda-de-telefono-para-iphone-13-promax-tpu-mosaico-barcelona-blanco\/"},"modified":"2025-07-25T18:54:34","modified_gmt":"2025-07-25T16:54:34","slug":"coque-de-telephone-pour-iphone-13-promax-tpu-mosaique-barcelone-blanc","status":"publish","type":"product","link":"https:\/\/olemosaic.com\/fr\/produit\/coque-de-telephone-pour-iphone-13-promax-tpu-mosaique-barcelone-blanc\/","title":{"rendered":"Coque de t\u00e9l\u00e9phone pour iPhone 13 Pro Max (TPU). Mosa\u00efque. Barcelone. Blanc"},"content":{"rendered":"<p>Coque pour iPhone 13 Pro Max avec un design de mosa\u00efque de Barcelone. Cette coque \u00e9l\u00e9gante est fabriqu\u00e9e en TPU r\u00e9sistant, ce qui offre une durabilit\u00e9 exceptionnelle et prot\u00e8ge votre appareil des chutes et des chocs. Son design ing\u00e9nieux pr\u00e9sente des motifs de mosa\u00efque color\u00e9s, inspir\u00e9s de l&#8217;embl\u00e9matique architecture moderniste de Barcelone, \u00e9voquant la c\u00e9ramique et les carreaux qui ornent les espaces urbains de la ville. Les tons vibrants de bleu, rouge et orange se combinent harmonieusement avec un fond blanc, rehaussant la beaut\u00e9 de chaque d\u00e9tail et apportant une touche artistique \u00e0 votre t\u00e9l\u00e9phone.<\/p>\n<p>La connexion culturelle de cette coque avec Barcelone est ind\u00e9niable, car elle \u00e9voque le riche h\u00e9ritage artistique qui caract\u00e9rise la ville, c\u00e9l\u00e8bre pour les \u0153uvres d&rsquo;Antoni Gaud\u00ed et d&rsquo;autres artistes modernistes. Ce produit ne prot\u00e8ge pas seulement votre iPhone 13 Pro Max, mais agit \u00e9galement comme un rappel tangible de votre visite dans cette ville vibrante, devenant un excellent souvenir pour les touristes cherchant \u00e0 emporter un morceau de l&rsquo;art et de la culture barcelonaise. Chez Ol\u00e9 Mosaic, nous sommes fiers de proposer des articles authentiques repr\u00e9sentant la riche diversit\u00e9 de la tradition espagnole. Cette coque est une option id\u00e9ale pour les boutiques de cadeaux touristiques souhaitant offrir des produits uniques et ayant une signification culturelle, en faisant un article phare de leur catalogue de souvenirs de Barcelone.<\/p>\n","protected":false},"excerpt":{"rendered":"<p>Coque pour iPhone 13 Pro Max fabriqu\u00e9e en TPU, d\u00e9cor\u00e9e de motifs de mosa\u00efque color\u00e9s \u00e9voquant l&rsquo;architecture moderniste de Barcelone. Le design inclut une vari\u00e9t\u00e9 de motifs dans des tons bleus, rouges et oranges, refl\u00e9tant le riche h\u00e9ritage culturel de la ville. Avec une finition blanche qui rehausse les couleurs vives, cette coque prot\u00e8ge non seulement votre appareil, mais ajoute \u00e9galement une touche artistique inspir\u00e9e de la c\u00e9l\u00e8bre c\u00e9ramique de la r\u00e9gion.<\/p>\n","protected":false},"featured_media":12335,"template":"","meta":{"_acf_changed":false},"product_brand":[],"product_cat":[674],"product_tag":[],"class_list":{"0":"post-33471","1":"product","2":"type-product","3":"status-publish","4":"has-post-thumbnail","6":"product_cat-etuis-pour-telephones-portables","7":"pa_ciudad-barcelona","8":"pa_motivo-mosaique","9":"pa_pais-espana","11":"first","12":"instock","13":"shipping-taxable","14":"product-type-simple"},"acf":[],"_links":{"self":[{"href":"https:\/\/olemosaic.com\/fr\/wp-json\/wp\/v2\/product\/33471","targetHints":{"allow":["GET"]}}],"collection":[{"href":"https:\/\/olemosaic.com\/fr\/wp-json\/wp\/v2\/product"}],"about":[{"href":"https:\/\/olemosaic.com\/fr\/wp-json\/wp\/v2\/types\/product"}],"wp:featuredmedia":[{"embeddable":true,"href":"https:\/\/olemosaic.com\/fr\/wp-json\/wp\/v2\/media\/12335"}],"wp:attachment":[{"href":"https:\/\/olemosaic.com\/fr\/wp-json\/wp\/v2\/media?parent=33471"}],"wp:term":[{"taxonomy":"product_brand","embeddable":true,"href":"https:\/\/olemosaic.com\/fr\/wp-json\/wp\/v2\/product_brand?post=33471"},{"taxonomy":"product_cat","embeddable":true,"href":"https:\/\/olemosaic.com\/fr\/wp-json\/wp\/v2\/product_cat?post=33471"},{"taxonomy":"product_tag","embeddable":true,"href":"https:\/\/olemosaic.com\/fr\/wp-json\/wp\/v2\/product_tag?post=33471"}],"curies":[{"name":"wp","href":"https:\/\/api.w.org\/{rel}","templated":true}]}}