{"id":33469,"date":"2025-02-20T22:35:18","date_gmt":"2025-02-20T22:35:18","guid":{"rendered":"http:\/\/olemosaic.com\/producto\/funda-de-telefono-para-iphone-13-promax-tpu-sagrada-familia-barcelona-azul\/"},"modified":"2025-07-25T18:51:24","modified_gmt":"2025-07-25T16:51:24","slug":"coque-de-telephone-pour-iphone-13-promax-tpu-sagrada-familia-barcelone-bleu","status":"publish","type":"product","link":"https:\/\/olemosaic.com\/fr\/produit\/coque-de-telephone-pour-iphone-13-promax-tpu-sagrada-familia-barcelone-bleu\/","title":{"rendered":"Coque de t\u00e9l\u00e9phone pour iPhone 13 Pro Max (TPU). Sagrada Familia. Barcelone. Bleu"},"content":{"rendered":"<p>Coque pour iPhone 13 Pro Max d\u00e9cor\u00e9e de l&#8217;embl\u00e9matique Sagrada Familia de Barcelone. Cette coque se distingue par son design innovant en TPU, qui offre durabilit\u00e9 et protection \u00e0 votre appareil. L&rsquo;illustration vibrante pr\u00e9sente un fond bleu brillant \u00e9voquant le ciel d\u00e9gag\u00e9 de la r\u00e9gion, tandis que les tours du c\u00e9l\u00e8bre monument apparaissent dans des couleurs vives, rouges et jaunes, capturant l&rsquo;essence du modernisme catalan. Le trait artistique et les motifs qui accompagnent la Sagrada Familia apportent une touche contemporaine et unique, en faisant une pi\u00e8ce remarquable pour les amateurs de culture et d&rsquo;art.<\/p>\n<p>Sur la partie inf\u00e9rieure, le nom \u00ab Barcelona \u00bb est \u00e9l\u00e9gamment imprim\u00e9, ajoutant un \u00e9l\u00e9ment d&rsquo;identification qui r\u00e9sonne avec tout visiteur de cette ville merveilleuse. Cette coque n&rsquo;est pas seulement un accessoire fonctionnel, mais aussi un symbole puissant de la connexion des utilisateurs avec la riche histoire architecturale de Barcelone, en faisant un souvenir parfait pour ceux qui souhaitent emporter un morceau de la culture catalane partout.<\/p>\n<p>Chez Ol\u00e9 Mosaic, nous sommes sp\u00e9cialistes de la distribution de souvenirs en gros, offrant des produits qui c\u00e9l\u00e8brent l&rsquo;h\u00e9ritage culturel de chaque r\u00e9gion. Cette coque de t\u00e9l\u00e9phone est une excellente option pour les boutiques de cadeaux touristiques cherchant \u00e0 offrir \u00e0 leurs clients un souvenir authentique et pertinent, parfait pour ceux qui souhaitent se souvenir de leur visite dans la fascinante Barcelone.<\/p>\n","protected":false},"excerpt":{"rendered":"<p>Coque pour iPhone 13 Pro Max fabriqu\u00e9e en TPU, d\u00e9cor\u00e9e d&rsquo;une illustration vibrante de la Sagrada Familia de Barcelone. Le design se distingue par son fond bleu brillant et ses motifs \u00e9voquant le style moderniste, avec des d\u00e9tails en rouge et jaune repr\u00e9sentant les tours du monument embl\u00e9matique. Le nom \u00ab\u00a0Barcelona\u00a0\u00bb est \u00e9l\u00e9gamment imprim\u00e9, faisant de cette coque l&rsquo;accessoire id\u00e9al pour ceux qui souhaitent emporter un morceau de la culture catalane partout.<\/p>\n","protected":false},"featured_media":12340,"template":"","meta":{"_acf_changed":false},"product_brand":[],"product_cat":[674],"product_tag":[],"class_list":{"0":"post-33469","1":"product","2":"type-product","3":"status-publish","4":"has-post-thumbnail","6":"product_cat-etuis-pour-telephones-portables","7":"pa_ciudad-barcelona","8":"pa_motivo-sagrada-familia","9":"pa_pais-espana","11":"first","12":"instock","13":"shipping-taxable","14":"product-type-simple"},"acf":[],"_links":{"self":[{"href":"https:\/\/olemosaic.com\/fr\/wp-json\/wp\/v2\/product\/33469","targetHints":{"allow":["GET"]}}],"collection":[{"href":"https:\/\/olemosaic.com\/fr\/wp-json\/wp\/v2\/product"}],"about":[{"href":"https:\/\/olemosaic.com\/fr\/wp-json\/wp\/v2\/types\/product"}],"wp:featuredmedia":[{"embeddable":true,"href":"https:\/\/olemosaic.com\/fr\/wp-json\/wp\/v2\/media\/12340"}],"wp:attachment":[{"href":"https:\/\/olemosaic.com\/fr\/wp-json\/wp\/v2\/media?parent=33469"}],"wp:term":[{"taxonomy":"product_brand","embeddable":true,"href":"https:\/\/olemosaic.com\/fr\/wp-json\/wp\/v2\/product_brand?post=33469"},{"taxonomy":"product_cat","embeddable":true,"href":"https:\/\/olemosaic.com\/fr\/wp-json\/wp\/v2\/product_cat?post=33469"},{"taxonomy":"product_tag","embeddable":true,"href":"https:\/\/olemosaic.com\/fr\/wp-json\/wp\/v2\/product_tag?post=33469"}],"curies":[{"name":"wp","href":"https:\/\/api.w.org\/{rel}","templated":true}]}}