{"id":33467,"date":"2025-02-20T22:35:18","date_gmt":"2025-02-20T22:35:18","guid":{"rendered":"http:\/\/olemosaic.com\/producto\/funda-de-telefono-para-iphone-13-promax-tpu-gato-barcelona-negro\/"},"modified":"2025-07-25T18:57:49","modified_gmt":"2025-07-25T16:57:49","slug":"coque-de-telephone-pour-iphone-13-promax-tpu-chat-barcelone-noir","status":"publish","type":"product","link":"https:\/\/olemosaic.com\/fr\/produit\/coque-de-telephone-pour-iphone-13-promax-tpu-chat-barcelone-noir\/","title":{"rendered":"Coque de t\u00e9l\u00e9phone pour iPhone 13 Pro Max (TPU). Chat. Barcelone. Noir"},"content":{"rendered":"<p>Coque pour iPhone 13 Pro Max en TPU avec un design sp\u00e9cial inspir\u00e9 des mosa\u00efques de Gaud\u00ed. Cette coque noire pr\u00e9sente une illustration vibrante d&rsquo;un chat color\u00e9 dans des tons bleu, vert, jaune et rouge, entour\u00e9 de papillons de diverses couleurs, \u00e9voquant la cr\u00e9ativit\u00e9 et le coloris de l&rsquo;architecture barcelonaise. L&rsquo;image du chat, stylis\u00e9e avec des formes g\u00e9om\u00e9triques au style du c\u00e9l\u00e8bre architecte, capture l&rsquo;essence de l&rsquo;art moderne catalan, transformant cette coque en un objet non seulement fonctionnel, mais aussi en une pi\u00e8ce d&rsquo;art portable. Le mot \u00ab\u00a0Barcelona\u00a0\u00bb est \u00e9l\u00e9gamment imprim\u00e9 sur la partie inf\u00e9rieure, apportant une touche personnelle et locale qui fait de cet accessoire un souvenir parfait de la ville.<\/p>\n<p>Cette coque de t\u00e9l\u00e9phone est un excellent souvenir pour les touristes souhaitant emporter un morceau de Barcelone, id\u00e9al pour ceux qui appr\u00e9cient l&rsquo;art et la culture de la r\u00e9gion. Sa fabrication en TPU garantit durabilit\u00e9 et r\u00e9sistance, prot\u00e9geant le smartphone contre les impacts et les rayures. Chez Ol\u00e9 Mosaic, nous sommes des distributeurs de souvenirs en gros, offrant des produits authentiques qui repr\u00e9sentent le riche h\u00e9ritage culturel de l&rsquo;Espagne. Ce design de coque de t\u00e9l\u00e9phone se distingue comme une option attrayante pour les boutiques de cadeaux touristiques, offrant \u00e0 leurs clients un souvenir unique et repr\u00e9sentatif de la ville vibrante de Barcelone.<\/p>\n","protected":false},"excerpt":{"rendered":"<p>Coque de t\u00e9l\u00e9phone pour iPhone 13 Pro Max en TPU noir, d\u00e9cor\u00e9e d&rsquo;un design vibrant d&rsquo;un chat color\u00e9 inspir\u00e9 des mosa\u00efques de Gaud\u00ed. Cet accessoire se distingue par son illustration d&rsquo;un chat dans des tons bleu, vert, jaune et rouge, entour\u00e9 de papillons de diff\u00e9rentes couleurs, \u00e9voquant la cr\u00e9ativit\u00e9 artistique de Barcelone. Le mot \u00ab\u00a0Barcelona\u00a0\u00bb est \u00e9l\u00e9gamment imprim\u00e9, faisant de cette coque une option id\u00e9ale pour ceux qui souhaitent emporter un petit morceau de la ville sur leur mobile.<\/p>\n","protected":false},"featured_media":12347,"template":"","meta":{"_acf_changed":false},"product_brand":[],"product_cat":[674],"product_tag":[530],"class_list":{"0":"post-33467","1":"product","2":"type-product","3":"status-publish","4":"has-post-thumbnail","6":"product_cat-etuis-pour-telephones-portables","7":"product_tag-animaux","8":"pa_ciudad-barcelona","9":"pa_motivo-chats","10":"pa_pais-espana","12":"first","13":"instock","14":"shipping-taxable","15":"product-type-simple"},"acf":[],"_links":{"self":[{"href":"https:\/\/olemosaic.com\/fr\/wp-json\/wp\/v2\/product\/33467","targetHints":{"allow":["GET"]}}],"collection":[{"href":"https:\/\/olemosaic.com\/fr\/wp-json\/wp\/v2\/product"}],"about":[{"href":"https:\/\/olemosaic.com\/fr\/wp-json\/wp\/v2\/types\/product"}],"wp:featuredmedia":[{"embeddable":true,"href":"https:\/\/olemosaic.com\/fr\/wp-json\/wp\/v2\/media\/12347"}],"wp:attachment":[{"href":"https:\/\/olemosaic.com\/fr\/wp-json\/wp\/v2\/media?parent=33467"}],"wp:term":[{"taxonomy":"product_brand","embeddable":true,"href":"https:\/\/olemosaic.com\/fr\/wp-json\/wp\/v2\/product_brand?post=33467"},{"taxonomy":"product_cat","embeddable":true,"href":"https:\/\/olemosaic.com\/fr\/wp-json\/wp\/v2\/product_cat?post=33467"},{"taxonomy":"product_tag","embeddable":true,"href":"https:\/\/olemosaic.com\/fr\/wp-json\/wp\/v2\/product_tag?post=33467"}],"curies":[{"name":"wp","href":"https:\/\/api.w.org\/{rel}","templated":true}]}}