{"id":33461,"date":"2025-02-20T23:35:17","date_gmt":"2025-02-20T22:35:17","guid":{"rendered":"http:\/\/olemosaic.com\/producto\/funda-de-telefono-para-iphone-13-promax-tpu-abstracto-azul-2\/"},"modified":"2025-07-25T19:20:11","modified_gmt":"2025-07-25T17:20:11","slug":"coque-de-telephone-pour-iphone-13-pro-max-tpu-abstrait-effet-visuel-bleu","status":"publish","type":"product","link":"https:\/\/olemosaic.com\/fr\/produit\/coque-de-telephone-pour-iphone-13-pro-max-tpu-abstrait-effet-visuel-bleu\/","title":{"rendered":"Coque de t\u00e9l\u00e9phone pour iPhone 13 Pro Max (TPU). Abstrait. Effet visuel. Bleu"},"content":{"rendered":"<p>Coque pour iPhone 13 Pro Max avec design abstrait inspir\u00e9 de Majorque. Cette coque frappante, fabriqu\u00e9e en TPU, se distingue par son motif color\u00e9 qui \u00e9voque les vagues de la mer et la beaut\u00e9 naturelle de l&rsquo;\u00eele. Dans une danse de tons bleus vibrants et de nuances chaudes, la coque pr\u00e9sente un effet visuel dynamique qui capture l&rsquo;essence du paysage majorquin. Le mot \u00ab\u00a0Mallorca\u00a0\u00bb est \u00e9l\u00e9gamment imprim\u00e9 dans un style moderne, s&rsquo;int\u00e9grant harmonieusement \u00e0 l&rsquo;\u0153uvre artistique et apportant une touche contemporaine.<\/p>\n<p>Chaque d\u00e9tail de cette coque refl\u00e8te la vivacit\u00e9 et le charme de Majorque, en faisant un souvenir parfait pour ceux qui souhaitent emporter un petit morceau de l&rsquo;\u00eele. Son design ne prot\u00e8ge pas seulement efficacement l&rsquo;appareil, mais transforme \u00e9galement la fonctionnalit\u00e9 en art, ce qui en fait une option attrayante pour les touristes \u00e0 la recherche de souvenirs authentiques de leur exp\u00e9rience sur l&rsquo;\u00eele.<\/p>\n<p>Chez Ol\u00e9 Mosaic, nous sommes votre distributeur de souvenirs de luxe, offrant des produits uniques et pertinents de Majorque qui se distinguent par leur qualit\u00e9 et leur design. Cette coque pour iPhone 13 Pro Max est un excellent investissement pour les boutiques de cadeaux touristiques cherchant \u00e0 s&rsquo;approvisionner en souvenirs authentiques et fonctionnels qui mettent en valeur la beaut\u00e9 culturelle de l&rsquo;Espagne.<\/p>\n","protected":false},"excerpt":{"rendered":"<p>Coque pour iPhone 13 Pro Max fabriqu\u00e9e en TPU, avec un design abstrait dans des tons bleus vibrants. Ce produit se distingue par son motif color\u00e9, qui \u00e9voque les vagues de la mer et la beaut\u00e9 naturelle de Majorque, cr\u00e9ant un effet visuel dynamique et attrayant. Le mot \u00ab\u00a0Mallorca\u00a0\u00bb est imprim\u00e9 dans un style moderne, compl\u00e9tant l&rsquo;\u0153uvre artistique qui capture l&rsquo;essence de l&rsquo;\u00eele. Id\u00e9ale pour ceux qui recherchent protection et une touche artistique pour leur appareil.<\/p>\n","protected":false},"featured_media":12952,"template":"","meta":{"_acf_changed":false},"product_brand":[],"product_cat":[674],"product_tag":[],"class_list":{"0":"post-33461","1":"product","2":"type-product","3":"status-publish","4":"has-post-thumbnail","6":"product_cat-etuis-pour-telephones-portables","7":"pa_ciudad-mallorca","8":"pa_motivo-resume","9":"pa_pais-espana","11":"first","12":"instock","13":"shipping-taxable","14":"product-type-simple"},"acf":[],"_links":{"self":[{"href":"https:\/\/olemosaic.com\/fr\/wp-json\/wp\/v2\/product\/33461","targetHints":{"allow":["GET"]}}],"collection":[{"href":"https:\/\/olemosaic.com\/fr\/wp-json\/wp\/v2\/product"}],"about":[{"href":"https:\/\/olemosaic.com\/fr\/wp-json\/wp\/v2\/types\/product"}],"wp:featuredmedia":[{"embeddable":true,"href":"https:\/\/olemosaic.com\/fr\/wp-json\/wp\/v2\/media\/12952"}],"wp:attachment":[{"href":"https:\/\/olemosaic.com\/fr\/wp-json\/wp\/v2\/media?parent=33461"}],"wp:term":[{"taxonomy":"product_brand","embeddable":true,"href":"https:\/\/olemosaic.com\/fr\/wp-json\/wp\/v2\/product_brand?post=33461"},{"taxonomy":"product_cat","embeddable":true,"href":"https:\/\/olemosaic.com\/fr\/wp-json\/wp\/v2\/product_cat?post=33461"},{"taxonomy":"product_tag","embeddable":true,"href":"https:\/\/olemosaic.com\/fr\/wp-json\/wp\/v2\/product_tag?post=33461"}],"curies":[{"name":"wp","href":"https:\/\/api.w.org\/{rel}","templated":true}]}}