{"id":33460,"date":"2025-02-20T22:35:17","date_gmt":"2025-02-20T22:35:17","guid":{"rendered":"http:\/\/olemosaic.com\/producto\/funda-de-telefono-para-iphone-13-promax-tpu-mariposa-barcelona-blanco\/"},"modified":"2025-07-25T20:21:02","modified_gmt":"2025-07-25T18:21:02","slug":"coque-de-telephone-pour-iphone-13-pro-max-tpu-papillon-barcelone-blanc","status":"publish","type":"product","link":"https:\/\/olemosaic.com\/fr\/produit\/coque-de-telephone-pour-iphone-13-pro-max-tpu-papillon-barcelone-blanc\/","title":{"rendered":"Coque de t\u00e9l\u00e9phone pour iPhone 13 Pro Max (TPU). Papillon. Barcelone. Blanc"},"content":{"rendered":"<p>Coque de t\u00e9l\u00e9phone pour iPhone 13 Pro Max avec un design de papillons qui \u00e9voque l&rsquo;essence vibrante de Barcelone. Fabriqu\u00e9e en TPU, cette coque offre une protection id\u00e9ale pour votre appareil, tout en mettant en valeur un design artistique qui allie fonctionnalit\u00e9 et esth\u00e9tique. La surface blanche de la coque agit comme une toile parfaite pour les papillons, qui d\u00e9ploient des couleurs \u00e9clatantes dans des tons orange, bleu, vert et rose, captant l&rsquo;attention et transmettant une sensation de fra\u00eecheur et de joie.<\/p>\n<p>Le design est entour\u00e9 d&rsquo;un motif de trencad\u00eds, rappelant la c\u00e9l\u00e8bre technique utilis\u00e9e par Antoni Gaud\u00ed dans ses chefs-d&rsquo;\u0153uvre, comme le Park G\u00fcell. Le mot \u00ab\u00a0Barcelona\u00a0\u00bb est \u00e9l\u00e9gamment imprim\u00e9 dans la partie inf\u00e9rieure, ajoutant une touche d&rsquo;authenticit\u00e9 et de connexion culturelle. Ce produit n&rsquo;est pas seulement une pi\u00e8ce de protection pour votre t\u00e9l\u00e9phone, mais aussi un symbole de l&rsquo;art et de la cr\u00e9ativit\u00e9 qui d\u00e9finit cette ville catalane.<\/p>\n<p>En tant que souvenir repr\u00e9sentatif de Barcelone, cette coque est une excellente option pour les touristes qui souhaitent emporter un morceau de la ville. Chez Ol\u00e9 Mosaic, nous nous sp\u00e9cialisons dans la distribution en gros d&rsquo;articles uniques comme cette coque de papillons, id\u00e9ale pour les boutiques de cadeaux touristiques cherchant \u00e0 offrir des produits authentiques et de qualit\u00e9. \u00c9levez votre collection de souvenirs avec cette coque qui c\u00e9l\u00e8bre le riche h\u00e9ritage culturel de la Catalogne et la merveille de l&rsquo;art de Gaud\u00ed.<\/p>\n","protected":false},"excerpt":{"rendered":"<p>Coque de t\u00e9l\u00e9phone pour iPhone 13 Pro Max \u00e9labor\u00e9e en TPU, d\u00e9cor\u00e9e d&rsquo;un design vibrant de papillons \u00e9voquant le coloris de Barcelone. La surface blanche rehausse les papillons dans des tons orange, bleu, vert et rose, entour\u00e9s d&rsquo;un motif de trencad\u00eds rappelant l&rsquo;\u0153uvre c\u00e9l\u00e8bre de l&rsquo;architecte Antoni Gaud\u00ed. Avec le mot \u00ab\u00a0Barcelona\u00a0\u00bb \u00e9l\u00e9gamment imprim\u00e9, cette coque combine fonctionnalit\u00e9 et art, prot\u00e9geant votre appareil avec style.<\/p>\n","protected":false},"featured_media":12332,"template":"","meta":{"_acf_changed":false},"product_brand":[],"product_cat":[674],"product_tag":[530],"class_list":{"0":"post-33460","1":"product","2":"type-product","3":"status-publish","4":"has-post-thumbnail","6":"product_cat-etuis-pour-telephones-portables","7":"product_tag-animaux","8":"pa_ciudad-barcelona","9":"pa_motivo-papillons","10":"pa_pais-espana","12":"first","13":"instock","14":"shipping-taxable","15":"product-type-simple"},"acf":[],"_links":{"self":[{"href":"https:\/\/olemosaic.com\/fr\/wp-json\/wp\/v2\/product\/33460","targetHints":{"allow":["GET"]}}],"collection":[{"href":"https:\/\/olemosaic.com\/fr\/wp-json\/wp\/v2\/product"}],"about":[{"href":"https:\/\/olemosaic.com\/fr\/wp-json\/wp\/v2\/types\/product"}],"wp:featuredmedia":[{"embeddable":true,"href":"https:\/\/olemosaic.com\/fr\/wp-json\/wp\/v2\/media\/12332"}],"wp:attachment":[{"href":"https:\/\/olemosaic.com\/fr\/wp-json\/wp\/v2\/media?parent=33460"}],"wp:term":[{"taxonomy":"product_brand","embeddable":true,"href":"https:\/\/olemosaic.com\/fr\/wp-json\/wp\/v2\/product_brand?post=33460"},{"taxonomy":"product_cat","embeddable":true,"href":"https:\/\/olemosaic.com\/fr\/wp-json\/wp\/v2\/product_cat?post=33460"},{"taxonomy":"product_tag","embeddable":true,"href":"https:\/\/olemosaic.com\/fr\/wp-json\/wp\/v2\/product_tag?post=33460"}],"curies":[{"name":"wp","href":"https:\/\/api.w.org\/{rel}","templated":true}]}}