{"id":33459,"date":"2025-02-20T22:35:17","date_gmt":"2025-02-20T22:35:17","guid":{"rendered":"http:\/\/olemosaic.com\/producto\/funda-de-telefono-para-iphone-13-promax-tpu-gato-mallorca-blanco\/"},"modified":"2025-07-25T20:38:28","modified_gmt":"2025-07-25T18:38:28","slug":"coque-de-telephone-pour-iphone-13-pro-max-tpu-chat-majorque-blanc","status":"publish","type":"product","link":"https:\/\/olemosaic.com\/fr\/produit\/coque-de-telephone-pour-iphone-13-pro-max-tpu-chat-majorque-blanc\/","title":{"rendered":"Coque de t\u00e9l\u00e9phone pour iPhone 13 Pro Max (TPU). Chat. Majorque. Blanc"},"content":{"rendered":"<p>Coque pour iPhone 13 Pro Max avec un design de chat inspir\u00e9 de la beaut\u00e9 de Majorque. Cette coque, fabriqu\u00e9e en TPU transparent et r\u00e9sistant, ne prot\u00e8ge pas seulement votre appareil, mais c\u00e9l\u00e8bre \u00e9galement la culture majorquine. Son design vibrant montre un chat color\u00e9 avec des mosa\u00efques dans des tons rouges, bleus et verts, orn\u00e9 de papillons qui apportent fra\u00eecheur et joie. Le fond blanc, qui simule des carreaux cass\u00e9s, cr\u00e9e un contraste fascinant qui rehausse l&rsquo;esth\u00e9tique. Dans la partie inf\u00e9rieure, le nom \u00ab\u00a0Mallorca\u00a0\u00bb \u00e9voque l&rsquo;essence de cette \u00eele enchanteresse, id\u00e9ale pour ceux qui souhaitent emporter avec eux un morceau de ses merveilleux paysages et traditions.<\/p>\n<p>Ce souvenir est plus qu&rsquo;un simple accessoire ; c&rsquo;est un rappel des vues magnifiques et de la riche culture que Majorque offre. Les mosa\u00efques sont une forme d&rsquo;art qui refl\u00e8te l&rsquo;histoire de l&rsquo;\u00eele, et ce design capture son esprit festif et vibrant, en faisant une excellente option pour les touristes et un produit attractif pour les boutiques de cadeaux. Chez Ol\u00e9 Mosaic, en tant que grossiste de coques de t\u00e9l\u00e9phone, nous proposons cette pi\u00e8ce unique qui combine fonctionnalit\u00e9 et art, parfaite pour ceux qui recherchent des souvenirs authentiques et repr\u00e9sentatifs de Majorque.<\/p>\n","protected":false},"excerpt":{"rendered":"<p>Coque pour iPhone 13 Pro Max fabriqu\u00e9e en TPU transparent et r\u00e9sistant, avec un design vibrant d&rsquo;un chat qui \u00e9voque l&rsquo;essence de Majorque. Ce f\u00e9lin color\u00e9 est orn\u00e9 de mosa\u00efques dans des tons rouges, bleus et verts, accompagn\u00e9 de papillons et d&rsquo;un fond blanc simulant des carreaux cass\u00e9s, cr\u00e9ant un contraste attrayant. Dans la partie inf\u00e9rieure, le mot \u00ab\u00a0Mallorca\u00a0\u00bb se distingue, id\u00e9al pour ceux qui souhaitent emporter un petit morceau de cette \u00eele charmante.<\/p>\n","protected":false},"featured_media":12939,"template":"","meta":{"_acf_changed":false},"product_brand":[],"product_cat":[674],"product_tag":[530],"class_list":{"0":"post-33459","1":"product","2":"type-product","3":"status-publish","4":"has-post-thumbnail","6":"product_cat-etuis-pour-telephones-portables","7":"product_tag-animaux","8":"pa_ciudad-mallorca","9":"pa_motivo-chats","10":"pa_pais-espana","12":"first","13":"instock","14":"shipping-taxable","15":"product-type-simple"},"acf":[],"_links":{"self":[{"href":"https:\/\/olemosaic.com\/fr\/wp-json\/wp\/v2\/product\/33459","targetHints":{"allow":["GET"]}}],"collection":[{"href":"https:\/\/olemosaic.com\/fr\/wp-json\/wp\/v2\/product"}],"about":[{"href":"https:\/\/olemosaic.com\/fr\/wp-json\/wp\/v2\/types\/product"}],"wp:featuredmedia":[{"embeddable":true,"href":"https:\/\/olemosaic.com\/fr\/wp-json\/wp\/v2\/media\/12939"}],"wp:attachment":[{"href":"https:\/\/olemosaic.com\/fr\/wp-json\/wp\/v2\/media?parent=33459"}],"wp:term":[{"taxonomy":"product_brand","embeddable":true,"href":"https:\/\/olemosaic.com\/fr\/wp-json\/wp\/v2\/product_brand?post=33459"},{"taxonomy":"product_cat","embeddable":true,"href":"https:\/\/olemosaic.com\/fr\/wp-json\/wp\/v2\/product_cat?post=33459"},{"taxonomy":"product_tag","embeddable":true,"href":"https:\/\/olemosaic.com\/fr\/wp-json\/wp\/v2\/product_tag?post=33459"}],"curies":[{"name":"wp","href":"https:\/\/api.w.org\/{rel}","templated":true}]}}