{"id":33458,"date":"2025-02-20T22:35:17","date_gmt":"2025-02-20T22:35:17","guid":{"rendered":"http:\/\/olemosaic.com\/producto\/funda-de-telefono-para-iphone-13-promax-tpu-gato-barcelona-blanco\/"},"modified":"2025-07-25T19:56:07","modified_gmt":"2025-07-25T17:56:07","slug":"coque-de-telephone-pour-iphone-13-pro-max-tpu-chat-barcelone-blanc","status":"publish","type":"product","link":"https:\/\/olemosaic.com\/fr\/produit\/coque-de-telephone-pour-iphone-13-pro-max-tpu-chat-barcelone-blanc\/","title":{"rendered":"Coque de t\u00e9l\u00e9phone pour iPhone 13 Pro Max (TPU). Chat. Barcelone. Blanc"},"content":{"rendered":"<p>Coque pour iPhone 13 Pro Max avec un design de chat inspir\u00e9 de l&rsquo;art de la mosa\u00efque barcelonaise. Fabriqu\u00e9e en TPU r\u00e9sistant, cette coque ne prot\u00e8ge pas seulement votre appareil, mais se distingue \u00e9galement par son illustration vibrante, avec une palette de bleus, verts, rouges et jaunes qui capturent l&rsquo;essence ludique de l&rsquo;art moderne de la ville. Le chat, repr\u00e9sent\u00e9 dans une mosa\u00efque pleine de vie, se dresse sur un fond blanc avec un effet craquel\u00e9, \u00e9voquant les surfaces c\u00e9ramiques de l&#8217;embl\u00e9matique Parc G\u00fcell, \u0153uvre d&rsquo;Antoni Gaud\u00ed.<\/p>\n<p>Les touches joyeuses de papillons qui accompagnent le chat ajoutent un charme sp\u00e9cial, symbolisant la connexion avec la nature que Barcelone c\u00e9l\u00e8bre dans sa culture vibrante. Cette coque est un accessoire essentiel pour ceux qui recherchent design et style, et un authentique souvenir qui encapsule l&rsquo;esprit cr\u00e9atif de la cit\u00e9 comtale. Id\u00e9ale pour les touristes qui souhaitent emporter un morceau de Barcelone, c&rsquo;est une excellente option pour les boutiques de cadeaux touristiques cherchant \u00e0 combiner fonctionnalit\u00e9 et culture. Chez Ol\u00e9 Mosaic, nous nous sp\u00e9cialisons dans la distribution en gros de souvenirs de qualit\u00e9, garantissant l&rsquo;authenticit\u00e9 et le design de chaque produit.<\/p>\n","protected":false},"excerpt":{"rendered":"<p>Coque de t\u00e9l\u00e9phone pour iPhone 13 Pro Max fabriqu\u00e9e en TPU, avec un design vibrant d&rsquo;un chat inspir\u00e9 de la c\u00e9l\u00e8bre mosa\u00efque de Barcelone. La coque pr\u00e9sente une illustration color\u00e9e dans des tons bleus, verts, rouges et jaunes, compl\u00e9t\u00e9e par des papillons qui lui donnent une touche joyeuse. Le fond blanc avec effet de fissures fait ressortir la figure du chat, offrant une connexion visuelle avec la culture de l&rsquo;art de la mosa\u00efque barcelonaise. Id\u00e9ale pour ceux qui recherchent protection et style.<\/p>\n","protected":false},"featured_media":12331,"template":"","meta":{"_acf_changed":false},"product_brand":[],"product_cat":[674],"product_tag":[530],"class_list":{"0":"post-33458","1":"product","2":"type-product","3":"status-publish","4":"has-post-thumbnail","6":"product_cat-etuis-pour-telephones-portables","7":"product_tag-animaux","8":"pa_ciudad-barcelona","9":"pa_motivo-chats","10":"pa_pais-espana","12":"first","13":"instock","14":"shipping-taxable","15":"product-type-simple"},"acf":[],"_links":{"self":[{"href":"https:\/\/olemosaic.com\/fr\/wp-json\/wp\/v2\/product\/33458","targetHints":{"allow":["GET"]}}],"collection":[{"href":"https:\/\/olemosaic.com\/fr\/wp-json\/wp\/v2\/product"}],"about":[{"href":"https:\/\/olemosaic.com\/fr\/wp-json\/wp\/v2\/types\/product"}],"wp:featuredmedia":[{"embeddable":true,"href":"https:\/\/olemosaic.com\/fr\/wp-json\/wp\/v2\/media\/12331"}],"wp:attachment":[{"href":"https:\/\/olemosaic.com\/fr\/wp-json\/wp\/v2\/media?parent=33458"}],"wp:term":[{"taxonomy":"product_brand","embeddable":true,"href":"https:\/\/olemosaic.com\/fr\/wp-json\/wp\/v2\/product_brand?post=33458"},{"taxonomy":"product_cat","embeddable":true,"href":"https:\/\/olemosaic.com\/fr\/wp-json\/wp\/v2\/product_cat?post=33458"},{"taxonomy":"product_tag","embeddable":true,"href":"https:\/\/olemosaic.com\/fr\/wp-json\/wp\/v2\/product_tag?post=33458"}],"curies":[{"name":"wp","href":"https:\/\/api.w.org\/{rel}","templated":true}]}}