{"id":33451,"date":"2025-02-20T22:35:17","date_gmt":"2025-02-20T22:35:17","guid":{"rendered":"http:\/\/olemosaic.com\/producto\/funda-de-telefono-para-iphone-13-promax-tpu-panoramica-barcelona-blanco\/"},"modified":"2025-07-25T20:21:36","modified_gmt":"2025-07-25T18:21:36","slug":"coque-de-telephone-pour-iphone-13-pro-max-tpu-panoramique-barcelone-blanc","status":"publish","type":"product","link":"https:\/\/olemosaic.com\/fr\/produit\/coque-de-telephone-pour-iphone-13-pro-max-tpu-panoramique-barcelone-blanc\/","title":{"rendered":"Coque de t\u00e9l\u00e9phone pour iPhone 13 Pro Max (TPU). Panoramique. Barcelone. Blanc"},"content":{"rendered":"<p>Coque pour iPhone 13 Pro Max avec un design vibrant de Barcelone, fabriqu\u00e9e en TPU, qui non seulement prot\u00e8ge le t\u00e9l\u00e9phone, mais met \u00e9galement en valeur la beaut\u00e9 architecturale de la ville. Cette coque pr\u00e9sente une vue panoramique color\u00e9e de l&#8217;embl\u00e9matique Sagrada Familia et d&rsquo;autres monuments c\u00e9l\u00e8bres, repr\u00e9sent\u00e9s avec des mosa\u00efques vibrantes \u00e9voquant le style g\u00e9nial d&rsquo;Antoni Gaud\u00ed. La base blanche de la coque cr\u00e9e un magnifique contraste qui accentue les tons intenses et brillants des monuments, g\u00e9n\u00e9rant un effet artistique et moderne qui attirera tous les regards.<\/p>\n<p>Le design capture l&rsquo;essence de Barcelone, une ville c\u00e9l\u00e8bre pour son architecture unique et son riche h\u00e9ritage culturel. La Sagrada Familia, avec ses tours imposantes et ses d\u00e9tails complexes, est le symbole parfait de la ville, tandis que d&rsquo;autres b\u00e2timents embl\u00e9matiques compl\u00e8tent la repr\u00e9sentation vibrante d&rsquo;un paysage urbain distinctif. Cette coque ne prot\u00e8ge pas seulement votre appareil des chocs et des rayures, elle permet \u00e9galement aux touristes et aux amoureux de la ville d&#8217;emporter un morceau de Barcelone partout avec eux.<\/p>\n<p>Chez Ol\u00e9 Mosaic, nous nous consacrons \u00e0 la distribution de souvenirs en gros, et cette coque est une excellente option pour les boutiques de souvenirs touristiques cherchant \u00e0 proposer des produits authentiques et repr\u00e9sentatifs. Avec son design exceptionnel et sa pertinence culturelle, cette coque de t\u00e9l\u00e9phone est le souvenir parfait pour ceux qui souhaitent se souvenir de leur visite \u00e0 Barcelone.<\/p>\n","protected":false},"excerpt":{"rendered":"<p>Coque pour iPhone 13 Pro Max fabriqu\u00e9e en TPU, avec une illustration panoramique vibrante de Barcelone. Le design met en avant l&#8217;embl\u00e9matique Sagrada Familia et d&rsquo;autres monuments c\u00e9l\u00e8bres, repr\u00e9sent\u00e9s par des mosa\u00efques color\u00e9es \u00e9voquant le style de Gaud\u00ed. La base blanche fait ressortir les tons intenses des b\u00e2timents, apportant une touche artistique et moderne. Parfaite pour prot\u00e9ger votre appareil et afficher votre amour pour la ville.<\/p>\n","protected":false},"featured_media":12334,"template":"","meta":{"_acf_changed":false},"product_brand":[],"product_cat":[674],"product_tag":[],"class_list":{"0":"post-33451","1":"product","2":"type-product","3":"status-publish","4":"has-post-thumbnail","6":"product_cat-etuis-pour-telephones-portables","7":"pa_ciudad-barcelona","8":"pa_motivo-panoramas","9":"pa_pais-espana","11":"first","12":"instock","13":"shipping-taxable","14":"product-type-simple"},"acf":[],"_links":{"self":[{"href":"https:\/\/olemosaic.com\/fr\/wp-json\/wp\/v2\/product\/33451","targetHints":{"allow":["GET"]}}],"collection":[{"href":"https:\/\/olemosaic.com\/fr\/wp-json\/wp\/v2\/product"}],"about":[{"href":"https:\/\/olemosaic.com\/fr\/wp-json\/wp\/v2\/types\/product"}],"wp:featuredmedia":[{"embeddable":true,"href":"https:\/\/olemosaic.com\/fr\/wp-json\/wp\/v2\/media\/12334"}],"wp:attachment":[{"href":"https:\/\/olemosaic.com\/fr\/wp-json\/wp\/v2\/media?parent=33451"}],"wp:term":[{"taxonomy":"product_brand","embeddable":true,"href":"https:\/\/olemosaic.com\/fr\/wp-json\/wp\/v2\/product_brand?post=33451"},{"taxonomy":"product_cat","embeddable":true,"href":"https:\/\/olemosaic.com\/fr\/wp-json\/wp\/v2\/product_cat?post=33451"},{"taxonomy":"product_tag","embeddable":true,"href":"https:\/\/olemosaic.com\/fr\/wp-json\/wp\/v2\/product_tag?post=33451"}],"curies":[{"name":"wp","href":"https:\/\/api.w.org\/{rel}","templated":true}]}}