{"id":33450,"date":"2025-02-20T22:35:16","date_gmt":"2025-02-20T22:35:16","guid":{"rendered":"http:\/\/olemosaic.com\/producto\/funda-de-telefono-para-iphone-13-promax-tpu-salamandra-barcelona-blanco\/"},"modified":"2025-07-25T20:31:56","modified_gmt":"2025-07-25T18:31:56","slug":"coque-de-telephone-pour-iphone-13-pro-max-tpu-salamandre-barcelone-blanc","status":"publish","type":"product","link":"https:\/\/olemosaic.com\/fr\/produit\/coque-de-telephone-pour-iphone-13-pro-max-tpu-salamandre-barcelone-blanc\/","title":{"rendered":"Coque de t\u00e9l\u00e9phone pour iPhone 13 Pro Max (TPU). Salamandre. Barcelone. Blanc"},"content":{"rendered":"<p>Coque pour iPhone 13 Pro Max avec design de salamandres et de fleurs, inspir\u00e9e des mosa\u00efques de Barcelone. Cette coque, fabriqu\u00e9e en TPU de haute qualit\u00e9, prot\u00e8ge non seulement votre appareil de mani\u00e8re exceptionnelle, mais constitue \u00e9galement une expression vibrante de l&rsquo;art et de la culture de la ville. Le fond blanc est orn\u00e9 d&rsquo;un motif complexe de trencad\u00eds, caract\u00e9ristique des \u0153uvres de Gaud\u00ed, qui met en valeur les salamandres color\u00e9es dans une palette de bleus, verts et rouges, ainsi que de d\u00e9licates fleurs qui apportent un air frais et joyeux.<\/p>\n<p>Le texte \u00ab\u00a0Barcelone\u00a0\u00bb appara\u00eet dans un style multicolore \u00e9l\u00e9gant, ajoutant une touche moderne et distinctive \u00e0 cet accessoire. Cette coque ne prot\u00e8ge pas seulement votre smartphone, elle c\u00e9l\u00e8bre \u00e9galement le riche h\u00e9ritage artistique de la cit\u00e9 comtale. Parfaite pour ceux qui souhaitent emporter un morceau de Barcelone avec eux, ce souvenir encapsule l&rsquo;essence du modernisme catalan. Chez Ol\u00e9 Mosaic, votre distributeur de souvenirs authentiques, nous proposons ce produit id\u00e9al pour les boutiques de souvenirs touristiques recherchant des articles uniques et repr\u00e9sentatifs de la culture locale. Cette coque de t\u00e9l\u00e9phone est une excellente option pour les touristes souhaitant emporter un souvenir authentique de leur visite, fusionnant fonctionnalit\u00e9 et art.<\/p>\n","protected":false},"excerpt":{"rendered":"<p>Coque pour iPhone 13 Pro Max fabriqu\u00e9e en TPU, d\u00e9cor\u00e9e d&rsquo;un design vibrant de salamandres et de fleurs inspir\u00e9 des mosa\u00efques de Barcelone. Le fond blanc pr\u00e9sente un motif de trencad\u00eds, mettant en valeur les salamandres dans des tons bleus, verts et rouges, aux c\u00f4t\u00e9s de fleurs d\u00e9licates. Le texte \u00ab\u00a0Barcelone\u00a0\u00bb s&rsquo;affiche dans un style multicolore \u00e9l\u00e9gant, apportant une touche moderne et distinctive \u00e0 cet accessoire pratique et d\u00e9coratif.<\/p>\n","protected":false},"featured_media":12330,"template":"","meta":{"_acf_changed":false},"product_brand":[],"product_cat":[674],"product_tag":[530],"class_list":{"0":"post-33450","1":"product","2":"type-product","3":"status-publish","4":"has-post-thumbnail","6":"product_cat-etuis-pour-telephones-portables","7":"product_tag-animaux","8":"pa_ciudad-barcelona","9":"pa_motivo-salamandres","10":"pa_pais-espana","12":"first","13":"instock","14":"shipping-taxable","15":"product-type-simple"},"acf":[],"_links":{"self":[{"href":"https:\/\/olemosaic.com\/fr\/wp-json\/wp\/v2\/product\/33450","targetHints":{"allow":["GET"]}}],"collection":[{"href":"https:\/\/olemosaic.com\/fr\/wp-json\/wp\/v2\/product"}],"about":[{"href":"https:\/\/olemosaic.com\/fr\/wp-json\/wp\/v2\/types\/product"}],"wp:featuredmedia":[{"embeddable":true,"href":"https:\/\/olemosaic.com\/fr\/wp-json\/wp\/v2\/media\/12330"}],"wp:attachment":[{"href":"https:\/\/olemosaic.com\/fr\/wp-json\/wp\/v2\/media?parent=33450"}],"wp:term":[{"taxonomy":"product_brand","embeddable":true,"href":"https:\/\/olemosaic.com\/fr\/wp-json\/wp\/v2\/product_brand?post=33450"},{"taxonomy":"product_cat","embeddable":true,"href":"https:\/\/olemosaic.com\/fr\/wp-json\/wp\/v2\/product_cat?post=33450"},{"taxonomy":"product_tag","embeddable":true,"href":"https:\/\/olemosaic.com\/fr\/wp-json\/wp\/v2\/product_tag?post=33450"}],"curies":[{"name":"wp","href":"https:\/\/api.w.org\/{rel}","templated":true}]}}