{"id":33448,"date":"2025-02-20T22:35:16","date_gmt":"2025-02-20T22:35:16","guid":{"rendered":"http:\/\/olemosaic.com\/producto\/funda-de-telefono-para-iphone-13-promax-tpu-mosaico-blanco\/"},"modified":"2025-07-25T19:54:38","modified_gmt":"2025-07-25T17:54:38","slug":"coque-de-telephone-pour-iphone-13-pro-max-tpu-mosaique-blanc","status":"publish","type":"product","link":"https:\/\/olemosaic.com\/fr\/produit\/coque-de-telephone-pour-iphone-13-pro-max-tpu-mosaique-blanc\/","title":{"rendered":"Coque de t\u00e9l\u00e9phone pour iPhone 13 Pro Max (TPU). Mosa\u00efque. Blanc"},"content":{"rendered":"<p>Coque pour iPhone 13 Pro Max avec un design de mosa\u00efque espagnole. Cette coque attrayante, fabriqu\u00e9e en TPU, un mat\u00e9riau reconnu pour sa r\u00e9sistance et sa flexibilit\u00e9, offre une protection sup\u00e9rieure pour votre appareil. Le design vibrant pr\u00e9sente un m\u00e9lange de motifs color\u00e9s inspir\u00e9s des azulejos traditionnels espagnols, avec une palette combinant des bleus intenses, des rouges audacieux, des oranges chauds et des touches de blanc, \u00e9voquant le riche h\u00e9ritage artistique du sud de l&rsquo;Espagne. Chaque mosa\u00efque capture l&rsquo;essence de l&rsquo;art d\u00e9coratif espagnol, apportant un petit morceau de culture m\u00e9diterran\u00e9enne \u00e0 votre quotidien.<\/p>\n<p>La coque offre non seulement une esth\u00e9tique fascinante, mais elle est \u00e9galement fonctionnelle, permettant un acc\u00e8s facile \u00e0 tous les ports et commandes du t\u00e9l\u00e9phone. Sa surface lisse est agr\u00e9able au toucher et ajoute une touche moderne et artistique \u00e0 votre appareil. Ce souvenir est parfait pour ceux qui recherchent un lien \u00e9motionnel avec leurs exp\u00e9riences en Espagne, ce qui en fait un souvenir id\u00e9al. Chez Ol\u00e9 Mosaic, nous nous sp\u00e9cialisons dans la distribution de produits repr\u00e9sentatifs de la culture espagnole, et cette coque est une excellente option pour les boutiques de souvenirs touristiques cherchant \u00e0 proposer des articles authentiques et de qualit\u00e9. Avec nous, vous trouverez des grossistes d&rsquo;accessoires uniques qui c\u00e9l\u00e8brent la beaut\u00e9 du patrimoine culturel.<\/p>\n","protected":false},"excerpt":{"rendered":"<p>Coque de t\u00e9l\u00e9phone pour iPhone 13 Pro Max fabriqu\u00e9e en TPU, d\u00e9cor\u00e9e d&rsquo;une mosa\u00efque vibrante rappelant les azulejos traditionnels espagnols. Ce design color\u00e9 pr\u00e9sente un m\u00e9lange de motifs dans des tons bleus, rouges, oranges et blancs, \u00e9voquant l&rsquo;art et la culture du sud de l&rsquo;Espagne. Sa finition apporte une touche artistique et moderne, prot\u00e9geant votre appareil avec style et distinction, id\u00e9ale pour les amateurs de design m\u00e9diterran\u00e9en.<\/p>\n","protected":false},"featured_media":13019,"template":"","meta":{"_acf_changed":false},"product_brand":[],"product_cat":[674],"product_tag":[],"class_list":{"0":"post-33448","1":"product","2":"type-product","3":"status-publish","4":"has-post-thumbnail","6":"product_cat-etuis-pour-telephones-portables","7":"pa_motivo-mosaique","9":"first","10":"instock","11":"shipping-taxable","12":"product-type-simple"},"acf":[],"_links":{"self":[{"href":"https:\/\/olemosaic.com\/fr\/wp-json\/wp\/v2\/product\/33448","targetHints":{"allow":["GET"]}}],"collection":[{"href":"https:\/\/olemosaic.com\/fr\/wp-json\/wp\/v2\/product"}],"about":[{"href":"https:\/\/olemosaic.com\/fr\/wp-json\/wp\/v2\/types\/product"}],"wp:featuredmedia":[{"embeddable":true,"href":"https:\/\/olemosaic.com\/fr\/wp-json\/wp\/v2\/media\/13019"}],"wp:attachment":[{"href":"https:\/\/olemosaic.com\/fr\/wp-json\/wp\/v2\/media?parent=33448"}],"wp:term":[{"taxonomy":"product_brand","embeddable":true,"href":"https:\/\/olemosaic.com\/fr\/wp-json\/wp\/v2\/product_brand?post=33448"},{"taxonomy":"product_cat","embeddable":true,"href":"https:\/\/olemosaic.com\/fr\/wp-json\/wp\/v2\/product_cat?post=33448"},{"taxonomy":"product_tag","embeddable":true,"href":"https:\/\/olemosaic.com\/fr\/wp-json\/wp\/v2\/product_tag?post=33448"}],"curies":[{"name":"wp","href":"https:\/\/api.w.org\/{rel}","templated":true}]}}