{"id":33426,"date":"2025-02-20T22:35:16","date_gmt":"2025-02-20T22:35:16","guid":{"rendered":"http:\/\/olemosaic.com\/producto\/funda-de-telefono-para-iphone-13-pro-tpu-punt-de-trobada-barcelona-blanco\/"},"modified":"2025-07-25T20:01:07","modified_gmt":"2025-07-25T18:01:07","slug":"coque-de-telephone-pour-iphone-13-pro-tpu-punt-de-trobada-barcelone-blanc","status":"publish","type":"product","link":"https:\/\/olemosaic.com\/fr\/produit\/coque-de-telephone-pour-iphone-13-pro-tpu-punt-de-trobada-barcelone-blanc\/","title":{"rendered":"Coque de t\u00e9l\u00e9phone pour iPhone 13 Pro (TPU). Punt de trobada. Barcelone. Blanc"},"content":{"rendered":"<p>Coque pour iPhone 13 Pro inspir\u00e9e du \u00ab\u00a0Punt de Trobada\u00a0\u00bb de Barcelone, une \u0153uvre embl\u00e9matique de la ville qui capture l&rsquo;esprit unique du modernisme catalan. Fabriqu\u00e9e en TPU de haute qualit\u00e9, cette coque combine r\u00e9sistance et l\u00e9g\u00e8ret\u00e9, offrant une protection efficace \u00e0 votre appareil sans renoncer au style. Le design vibrant pr\u00e9sente un fond blanc orn\u00e9 de mosa\u00efques color\u00e9es dans des tons rouge, jaune, vert, bleu et noir, qui \u00e9voquent le style caract\u00e9ristique d&rsquo;Antoni Gaud\u00ed. Les motifs g\u00e9om\u00e9triques et les cercles, dispos\u00e9s de mani\u00e8re cr\u00e9ative, refl\u00e8tent la fusion entre art et nature, si embl\u00e9matique dans l&rsquo;\u0153uvre de Gaud\u00ed. Dans la partie inf\u00e9rieure, le texte \u00ab\u00a0Barcelona\u00a0\u00bb ajoute une touche d&rsquo;authenticit\u00e9 et permet aux utilisateurs d&#8217;emporter avec eux un morceau de la culture catalane. Ce souvenir n&rsquo;est pas seulement fonctionnel, il agit \u00e9galement comme un rappel du riche h\u00e9ritage culturel de Barcelone, ce qui le rend parfait pour ceux qui recherchent des souvenirs authentiques de la ville. Chez Ol\u00e9 Mosaic, nous nous sp\u00e9cialisons dans la distribution de souvenirs en gros, et cette coque est une option id\u00e9ale pour les boutiques de cadeaux touristiques souhaitant proposer des produits de qualit\u00e9 capturant l&rsquo;essence de Barcelone.<\/p>\n","protected":false},"excerpt":{"rendered":"<p>Coque pour iPhone 13 Pro fabriqu\u00e9e en TPU, avec un design vibrant inspir\u00e9 du \u00ab\u00a0Punt de Trobada\u00a0\u00bb de Barcelone. Cet accessoire attrayant pr\u00e9sente un fond blanc orn\u00e9 de mosa\u00efques color\u00e9es \u00e9voquant le style unique d&rsquo;Antoni Gaud\u00ed, incluant des cercles et des motifs g\u00e9om\u00e9triques en rouge, jaune, vert, bleu et noir. Le mot \u00ab\u00a0Barcelona\u00a0\u00bb est imprim\u00e9 dans la partie inf\u00e9rieure, compl\u00e9tant cette pi\u00e8ce qui allie protection et art contemporain.<\/p>\n","protected":false},"featured_media":12313,"template":"","meta":{"_acf_changed":false},"product_brand":[],"product_cat":[674],"product_tag":[],"class_list":{"0":"post-33426","1":"product","2":"type-product","3":"status-publish","4":"has-post-thumbnail","6":"product_cat-etuis-pour-telephones-portables","7":"pa_ciudad-barcelona","8":"pa_motivo-punt-de-trobada","9":"pa_pais-espana","11":"first","12":"instock","13":"shipping-taxable","14":"product-type-simple"},"acf":[],"_links":{"self":[{"href":"https:\/\/olemosaic.com\/fr\/wp-json\/wp\/v2\/product\/33426","targetHints":{"allow":["GET"]}}],"collection":[{"href":"https:\/\/olemosaic.com\/fr\/wp-json\/wp\/v2\/product"}],"about":[{"href":"https:\/\/olemosaic.com\/fr\/wp-json\/wp\/v2\/types\/product"}],"wp:featuredmedia":[{"embeddable":true,"href":"https:\/\/olemosaic.com\/fr\/wp-json\/wp\/v2\/media\/12313"}],"wp:attachment":[{"href":"https:\/\/olemosaic.com\/fr\/wp-json\/wp\/v2\/media?parent=33426"}],"wp:term":[{"taxonomy":"product_brand","embeddable":true,"href":"https:\/\/olemosaic.com\/fr\/wp-json\/wp\/v2\/product_brand?post=33426"},{"taxonomy":"product_cat","embeddable":true,"href":"https:\/\/olemosaic.com\/fr\/wp-json\/wp\/v2\/product_cat?post=33426"},{"taxonomy":"product_tag","embeddable":true,"href":"https:\/\/olemosaic.com\/fr\/wp-json\/wp\/v2\/product_tag?post=33426"}],"curies":[{"name":"wp","href":"https:\/\/api.w.org\/{rel}","templated":true}]}}