{"id":33425,"date":"2025-02-20T23:35:16","date_gmt":"2025-02-20T22:35:16","guid":{"rendered":"http:\/\/olemosaic.com\/producto\/funda-de-telefono-para-iphone-13-pro-tpu-mariposa-barcelona-blanco\/"},"modified":"2025-07-25T20:11:07","modified_gmt":"2025-07-25T18:11:07","slug":"coque-de-telephone-pour-iphone-13-pro-tpu-papillon-barcelone-blanc","status":"publish","type":"product","link":"https:\/\/olemosaic.com\/fr\/produit\/coque-de-telephone-pour-iphone-13-pro-tpu-papillon-barcelone-blanc\/","title":{"rendered":"Coque de t\u00e9l\u00e9phone pour iPhone 13 Pro (TPU). Papillon. Barcelone. Blanc"},"content":{"rendered":"<p>Coque pour iPhone 13 Pro d\u00e9cor\u00e9e de papillons vibrants inspir\u00e9s de Barcelone. Cet accessoire innovant, fabriqu\u00e9 en TPU, fusionne la fonctionnalit\u00e9 avec l&rsquo;art, offrant une protection efficace pour votre appareil tout en c\u00e9l\u00e9brant la riche culture de cette ville embl\u00e9matique. Son design pr\u00e9sente une s\u00e9rie de papillons \u00e0 effet peint \u00e0 la main dans des tons intenses de bleu, rouge et jaune, qui \u00e9voquent les mosa\u00efques color\u00e9es ornant les parcs et \u00e9difices de Barcelone, particuli\u00e8rement les \u0153uvres d&rsquo;Antoni Gaud\u00ed. Le fond blanc, parsem\u00e9 de d\u00e9tails c\u00e9ramiques imitant les mosa\u00efques, offre un contraste parfait qui rehausse la vivacit\u00e9 des papillons.<\/p>\n<p>Le mot \u00ab\u00a0Barcelona\u00a0\u00bb est pr\u00e9sent\u00e9 dans une typographie \u00e9l\u00e9gante, transformant cette coque en un souvenir distinctif qui, en plus de prot\u00e9ger, emporte avec lui un morceau de l&rsquo;identit\u00e9 culturelle de la ville. Ce produit est un excellent souvenir pour les touristes et visiteurs souhaitant emporter un morceau de l&rsquo;essence de Barcelone, constituant un cadeau id\u00e9al pour ceux qui recherchent un souvenir authentique et repr\u00e9sentatif. Chez Ol\u00e9 Mosaic, en tant que distributeurs d&rsquo;accessoires de qualit\u00e9, nous garantissons que chaque coque capture l&rsquo;authenticit\u00e9 et le talent artistique qui caract\u00e9risent cette belle ville.<\/p>\n","protected":false},"excerpt":{"rendered":"<p>Coque pour iPhone 13 Pro fabriqu\u00e9e en TPU, d\u00e9cor\u00e9e de papillons vibrants \u00e9voquant la mosa\u00efque color\u00e9e de Barcelone. Ce design pr\u00e9sente une s\u00e9rie de papillons \u00e0 effet peint \u00e0 la main dans des tons brillants de bleu, rouge et jaune sur un fond blanc avec des d\u00e9tails c\u00e9ramiques. Le mot \u00ab\u00a0Barcelona\u00a0\u00bb s&rsquo;affiche dans une typographie \u00e9l\u00e9gante, faisant de cette coque un souvenir distinctif qui allie protection et art typiquement barcelonais.<\/p>\n","protected":false},"featured_media":12312,"template":"","meta":{"_acf_changed":false},"product_brand":[],"product_cat":[674],"product_tag":[530],"class_list":{"0":"post-33425","1":"product","2":"type-product","3":"status-publish","4":"has-post-thumbnail","6":"product_cat-etuis-pour-telephones-portables","7":"product_tag-animaux","8":"pa_ciudad-barcelona","9":"pa_motivo-papillons","10":"pa_pais-espana","12":"first","13":"instock","14":"shipping-taxable","15":"product-type-simple"},"acf":[],"_links":{"self":[{"href":"https:\/\/olemosaic.com\/fr\/wp-json\/wp\/v2\/product\/33425","targetHints":{"allow":["GET"]}}],"collection":[{"href":"https:\/\/olemosaic.com\/fr\/wp-json\/wp\/v2\/product"}],"about":[{"href":"https:\/\/olemosaic.com\/fr\/wp-json\/wp\/v2\/types\/product"}],"wp:featuredmedia":[{"embeddable":true,"href":"https:\/\/olemosaic.com\/fr\/wp-json\/wp\/v2\/media\/12312"}],"wp:attachment":[{"href":"https:\/\/olemosaic.com\/fr\/wp-json\/wp\/v2\/media?parent=33425"}],"wp:term":[{"taxonomy":"product_brand","embeddable":true,"href":"https:\/\/olemosaic.com\/fr\/wp-json\/wp\/v2\/product_brand?post=33425"},{"taxonomy":"product_cat","embeddable":true,"href":"https:\/\/olemosaic.com\/fr\/wp-json\/wp\/v2\/product_cat?post=33425"},{"taxonomy":"product_tag","embeddable":true,"href":"https:\/\/olemosaic.com\/fr\/wp-json\/wp\/v2\/product_tag?post=33425"}],"curies":[{"name":"wp","href":"https:\/\/api.w.org\/{rel}","templated":true}]}}