{"id":33424,"date":"2025-02-20T22:35:16","date_gmt":"2025-02-20T22:35:16","guid":{"rendered":"http:\/\/olemosaic.com\/producto\/funda-de-telefono-para-iphone-13-pro-tpu-salamandra-barcelona-blanco\/"},"modified":"2025-07-25T20:09:00","modified_gmt":"2025-07-25T18:09:00","slug":"coque-de-telephone-pour-iphone-13-pro-tpu-salamandre-barcelone-blanc","status":"publish","type":"product","link":"https:\/\/olemosaic.com\/fr\/produit\/coque-de-telephone-pour-iphone-13-pro-tpu-salamandre-barcelone-blanc\/","title":{"rendered":"Coque de t\u00e9l\u00e9phone pour iPhone 13 Pro (TPU). Salamandre. Barcelone. Blanc"},"content":{"rendered":"<p>Coque pour iPhone 13 Pro avec un design vibrant de salamandres et de fleurs, inspir\u00e9e de l&rsquo;iconique trencad\u00eds barcelonais. Cette coque en TPU ne prot\u00e8ge pas seulement efficacement votre appareil, mais apporte \u00e9galement une touche artistique et distinctive, capturant l&rsquo;essence du modernisme catalan. Le design color\u00e9 pr\u00e9sente des salamandres dans des tons bleus, verts et rouges, entrelac\u00e9es avec des \u00e9l\u00e9ments floraux, le tout sur un fond blanc qui fait ressortir les formes organiques. Le mot \u00ab\u00a0Barcelona\u00a0\u00bb se d\u00e9ploie en lettres frappantes, s&rsquo;int\u00e9grant parfaitement \u00e0 la d\u00e9coration et offrant un hommage visuel \u00e0 la capitale catalane.<\/p>\n<p>Ce souvenir de Barcelone est une excellente fa\u00e7on d&#8217;emporter avec soi un fragment de la culture vibrante et de la cr\u00e9ativit\u00e9 architecturale de la ville. Le lien culturel entre le trencad\u00eds, une technique popularis\u00e9e par l&rsquo;architecte Antoni Gaud\u00ed, et ce produit en fait un symbole d&rsquo;authenticit\u00e9 et de tradition. Id\u00e9ale pour les touristes \u00e0 la recherche de souvenirs uniques et repr\u00e9sentatifs, cette coque est un choix parfait pour les boutiques de cadeaux touristiques souhaitant proposer des produits alliant fonctionnalit\u00e9 et art. Chez Ol\u00e9 Mosaic, leaders dans la distribution de souvenirs en gros, nous proposons des articles qui se distinguent par leur qualit\u00e9 et leur pertinence culturelle, faisant de cette coque un choix id\u00e9al pour ceux qui appr\u00e9cient l&rsquo;art et la tradition dans leurs souvenirs.<\/p>\n","protected":false},"excerpt":{"rendered":"<p>Coque pour iPhone 13 Pro fabriqu\u00e9e en TPU, d\u00e9cor\u00e9e d&rsquo;un design vibrant de salamandres et de fleurs, inspir\u00e9 du c\u00e9l\u00e8bre trencad\u00eds barcelonais. La mosa\u00efque color\u00e9e montre des salamandres dans des tons bleus, verts et rouges sur un fond blanc, qui rehausse les formes organiques et les \u00e9l\u00e9ments floraux. Avec le mot \u00ab\u00a0Barcelona\u00a0\u00bb en lettres frappantes, cette coque apporte une touche distinctive et artistique, refl\u00e9tant l&rsquo;essence moderniste de la ville.<\/p>\n","protected":false},"featured_media":12310,"template":"","meta":{"_acf_changed":false},"product_brand":[],"product_cat":[674],"product_tag":[530],"class_list":{"0":"post-33424","1":"product","2":"type-product","3":"status-publish","4":"has-post-thumbnail","6":"product_cat-etuis-pour-telephones-portables","7":"product_tag-animaux","8":"pa_ciudad-barcelona","9":"pa_motivo-salamandres","10":"pa_pais-espana","12":"first","13":"instock","14":"shipping-taxable","15":"product-type-simple"},"acf":[],"_links":{"self":[{"href":"https:\/\/olemosaic.com\/fr\/wp-json\/wp\/v2\/product\/33424","targetHints":{"allow":["GET"]}}],"collection":[{"href":"https:\/\/olemosaic.com\/fr\/wp-json\/wp\/v2\/product"}],"about":[{"href":"https:\/\/olemosaic.com\/fr\/wp-json\/wp\/v2\/types\/product"}],"wp:featuredmedia":[{"embeddable":true,"href":"https:\/\/olemosaic.com\/fr\/wp-json\/wp\/v2\/media\/12310"}],"wp:attachment":[{"href":"https:\/\/olemosaic.com\/fr\/wp-json\/wp\/v2\/media?parent=33424"}],"wp:term":[{"taxonomy":"product_brand","embeddable":true,"href":"https:\/\/olemosaic.com\/fr\/wp-json\/wp\/v2\/product_brand?post=33424"},{"taxonomy":"product_cat","embeddable":true,"href":"https:\/\/olemosaic.com\/fr\/wp-json\/wp\/v2\/product_cat?post=33424"},{"taxonomy":"product_tag","embeddable":true,"href":"https:\/\/olemosaic.com\/fr\/wp-json\/wp\/v2\/product_tag?post=33424"}],"curies":[{"name":"wp","href":"https:\/\/api.w.org\/{rel}","templated":true}]}}