{"id":33422,"date":"2025-02-20T23:35:15","date_gmt":"2025-02-20T22:35:15","guid":{"rendered":"http:\/\/olemosaic.com\/producto\/funda-de-telefono-para-iphone-13-pro-tpu-panoramica-barcelona-azul-2\/"},"modified":"2025-07-25T19:07:28","modified_gmt":"2025-07-25T17:07:28","slug":"coque-de-telephone-pour-iphone-13-pro-tpu-panoramique-barcelone-bleu-2","status":"publish","type":"product","link":"https:\/\/olemosaic.com\/fr\/produit\/coque-de-telephone-pour-iphone-13-pro-tpu-panoramique-barcelone-bleu-2\/","title":{"rendered":"Coque de t\u00e9l\u00e9phone pour iPhone 13 Pro (TPU). Panoramique. Mosa\u00efque. Barcelone. Bleu"},"content":{"rendered":"<p>Coque pour iPhone 13 Pro avec design panoramique de Barcelone. Cette coque exquise, fabriqu\u00e9e en TPU, pr\u00e9sente une illustration vibrante et color\u00e9e qui capture l&rsquo;essence de la cit\u00e9 comtale. La partie sup\u00e9rieure se distingue par sa repr\u00e9sentation impressionnante de la Sagrada Familia, l&rsquo;un des chefs-d&rsquo;\u0153uvre les plus embl\u00e9matiques de l&rsquo;architecte Antoni Gaud\u00ed, entour\u00e9e d&rsquo;autres \u00e9difices iconiques qui dessinent l&rsquo;horizon barcelonais. Le fond bleu, d\u00e9cor\u00e9 d&rsquo;un motif de mosa\u00efques stylis\u00e9es, \u00e9voque le c\u00e9l\u00e8bre trencad\u00eds, une technique que Gaud\u00ed a popularis\u00e9e dans son architecture, rehaussant le caract\u00e8re unique de cette pi\u00e8ce.<\/p>\n<p>Chaque \u00e9l\u00e9ment graphique de la coque est m\u00e9ticuleusement con\u00e7u, incluant le texte \u00ab\u00a0Barcelona\u00a0\u00bb dans un style artistique qui refl\u00e8te l&rsquo;esprit vibrant et moderne de la ville. Non seulement elle offre une protection pour votre appareil, mais elle agit \u00e9galement comme un \u00e9l\u00e9gant souvenir culturel, permettant aux touristes d&#8217;emporter avec eux un morceau de l&rsquo;histoire et de l&rsquo;art de Barcelone. Cette coque est une excellente option pour ceux qui recherchent des souvenirs authentiques repr\u00e9sentant la vie urbaine anim\u00e9e et le riche h\u00e9ritage architectural de la ville. Chez Ol\u00e9 Mosaic, nous nous consacrons \u00e0 la distribution d&rsquo;accessoires en gros qui mettent en valeur la diversit\u00e9 culturelle, et cette coque est un ajout magnifique pour les boutiques de cadeaux touristiques souhaitant proposer des produits attrayants et de qualit\u00e9.<\/p>\n","protected":false},"excerpt":{"rendered":"<p>Coque pour iPhone 13 Pro fabriqu\u00e9e en TPU, avec une panoramique color\u00e9e de Barcelone. D\u00e9cor\u00e9e d&rsquo;un design vibrant incluant des \u00e9l\u00e9ments iconiques comme la Sagrada Familia et d&rsquo;autres \u00e9difices embl\u00e9matiques, cette coque se distingue par son fond bleu et ses mosa\u00efques stylis\u00e9es, \u00e9voquant le c\u00e9l\u00e8bre trencad\u00eds de Gaud\u00ed. Id\u00e9ale pour ceux qui souhaitent emporter un morceau de Barcelone avec eux, cette coque allie protection et style urbain.<\/p>\n","protected":false},"featured_media":12319,"template":"","meta":{"_acf_changed":false},"product_brand":[],"product_cat":[674],"product_tag":[],"class_list":{"0":"post-33422","1":"product","2":"type-product","3":"status-publish","4":"has-post-thumbnail","6":"product_cat-etuis-pour-telephones-portables","7":"pa_ciudad-barcelona","8":"pa_motivo-panoramas","9":"pa_pais-espana","11":"first","12":"instock","13":"shipping-taxable","14":"product-type-simple"},"acf":[],"_links":{"self":[{"href":"https:\/\/olemosaic.com\/fr\/wp-json\/wp\/v2\/product\/33422","targetHints":{"allow":["GET"]}}],"collection":[{"href":"https:\/\/olemosaic.com\/fr\/wp-json\/wp\/v2\/product"}],"about":[{"href":"https:\/\/olemosaic.com\/fr\/wp-json\/wp\/v2\/types\/product"}],"wp:featuredmedia":[{"embeddable":true,"href":"https:\/\/olemosaic.com\/fr\/wp-json\/wp\/v2\/media\/12319"}],"wp:attachment":[{"href":"https:\/\/olemosaic.com\/fr\/wp-json\/wp\/v2\/media?parent=33422"}],"wp:term":[{"taxonomy":"product_brand","embeddable":true,"href":"https:\/\/olemosaic.com\/fr\/wp-json\/wp\/v2\/product_brand?post=33422"},{"taxonomy":"product_cat","embeddable":true,"href":"https:\/\/olemosaic.com\/fr\/wp-json\/wp\/v2\/product_cat?post=33422"},{"taxonomy":"product_tag","embeddable":true,"href":"https:\/\/olemosaic.com\/fr\/wp-json\/wp\/v2\/product_tag?post=33422"}],"curies":[{"name":"wp","href":"https:\/\/api.w.org\/{rel}","templated":true}]}}