{"id":33404,"date":"2025-02-20T22:35:14","date_gmt":"2025-02-20T22:35:14","guid":{"rendered":"http:\/\/olemosaic.com\/producto\/funda-de-telefono-para-iphone-13-pro-tpu-mosaico-barcelona-blanco\/"},"modified":"2025-07-25T19:52:34","modified_gmt":"2025-07-25T17:52:34","slug":"coque-de-telephone-pour-iphone-13-pro-tpu-mosaique-barcelone-blanc","status":"publish","type":"product","link":"https:\/\/olemosaic.com\/fr\/produit\/coque-de-telephone-pour-iphone-13-pro-tpu-mosaique-barcelone-blanc\/","title":{"rendered":"Coque de t\u00e9l\u00e9phone pour iPhone 13 Pro (TPU). Mosa\u00efque. Barcelone. Blanc"},"content":{"rendered":"<p>Coque pour iPhone 13 Pro avec un design de mosa\u00efque barcelonaise. Cette coque \u00e9l\u00e9gante, fabriqu\u00e9e en TPU, se distingue par son design impressionnant qui rend hommage \u00e0 la riche tradition artistique de la ville. Elle pr\u00e9sente une vari\u00e9t\u00e9 de motifs g\u00e9om\u00e9triques et floraux dans des tons vifs de bleu, rouge et orange sur un fond blanc, capturant l&rsquo;essence de l&rsquo;art moderniste catalan, mondialement connu. Le mot \u00ab\u00a0Barcelona\u00a0\u00bb est stylis\u00e9 dans la partie inf\u00e9rieure, ajoutant une touche personnalis\u00e9e qui connecte \u00e9motionnellement l&rsquo;utilisateur \u00e0 la ville.<\/p>\n<p>Visuellement, la coque est un v\u00e9ritable r\u00e9gal pour les yeux, pleine de d\u00e9tails \u00e9voquant les mosa\u00efques iconiques d&rsquo;artistes comme Gaud\u00ed, qui ornent des lieux embl\u00e9matiques tels que le Parc G\u00fcell. Cet accessoire ne prot\u00e8ge pas seulement votre iPhone 13 Pro, il devient \u00e9galement un symbole de l&rsquo;amour pour la culture catalane, id\u00e9al pour ceux qui souhaitent emporter un petit morceau de Barcelone dans leur quotidien.<\/p>\n<p>Chez Ol\u00e9 Mosaic, nous nous sp\u00e9cialisons dans la distribution de souvenirs authentiques en gros, offrant des produits qui refl\u00e8tent le meilleur de la culture espagnole. Cette coque est un choix parfait pour les boutiques de cadeaux touristiques qui recherchent des articles uniques et repr\u00e9sentatifs de Barcelone, offrant aux touristes l&rsquo;opportunit\u00e9 de repartir avec un souvenir sp\u00e9cial de leur visite.<\/p>\n","protected":false},"excerpt":{"rendered":"<p>Coque pour iPhone 13 Pro en TPU, d\u00e9cor\u00e9e d&rsquo;un design vibrant de mosa\u00efque typique de Barcelone. Elle pr\u00e9sente une vari\u00e9t\u00e9 de motifs g\u00e9om\u00e9triques et floraux dans des tons bleus, rouges et oranges sur un fond blanc, refl\u00e9tant la richesse de l&rsquo;art moderniste de la ville. Comprend le mot \u00ab\u00a0Barcelona\u00a0\u00bb stylis\u00e9 dans la partie inf\u00e9rieure, ce qui ajoute une touche personnalis\u00e9e et attrayante. Id\u00e9al pour ceux qui cherchent \u00e0 prot\u00e9ger leur appareil tout en affichant leur amour pour la culture catalane.<\/p>\n","protected":false},"featured_media":12315,"template":"","meta":{"_acf_changed":false},"product_brand":[],"product_cat":[674],"product_tag":[],"class_list":{"0":"post-33404","1":"product","2":"type-product","3":"status-publish","4":"has-post-thumbnail","6":"product_cat-etuis-pour-telephones-portables","7":"pa_ciudad-barcelona","8":"pa_motivo-mosaique","9":"pa_pais-espana","11":"first","12":"instock","13":"shipping-taxable","14":"product-type-simple"},"acf":[],"_links":{"self":[{"href":"https:\/\/olemosaic.com\/fr\/wp-json\/wp\/v2\/product\/33404","targetHints":{"allow":["GET"]}}],"collection":[{"href":"https:\/\/olemosaic.com\/fr\/wp-json\/wp\/v2\/product"}],"about":[{"href":"https:\/\/olemosaic.com\/fr\/wp-json\/wp\/v2\/types\/product"}],"wp:featuredmedia":[{"embeddable":true,"href":"https:\/\/olemosaic.com\/fr\/wp-json\/wp\/v2\/media\/12315"}],"wp:attachment":[{"href":"https:\/\/olemosaic.com\/fr\/wp-json\/wp\/v2\/media?parent=33404"}],"wp:term":[{"taxonomy":"product_brand","embeddable":true,"href":"https:\/\/olemosaic.com\/fr\/wp-json\/wp\/v2\/product_brand?post=33404"},{"taxonomy":"product_cat","embeddable":true,"href":"https:\/\/olemosaic.com\/fr\/wp-json\/wp\/v2\/product_cat?post=33404"},{"taxonomy":"product_tag","embeddable":true,"href":"https:\/\/olemosaic.com\/fr\/wp-json\/wp\/v2\/product_tag?post=33404"}],"curies":[{"name":"wp","href":"https:\/\/api.w.org\/{rel}","templated":true}]}}