{"id":33400,"date":"2025-02-20T23:35:14","date_gmt":"2025-02-20T22:35:14","guid":{"rendered":"http:\/\/olemosaic.com\/producto\/funda-de-telefono-para-iphone-13-tpu-salamandra-barcelona-negro\/"},"modified":"2025-07-25T19:00:36","modified_gmt":"2025-07-25T17:00:36","slug":"coque-de-telephone-pour-iphone-13-tpu-salamandre-barcelone-noir","status":"publish","type":"product","link":"https:\/\/olemosaic.com\/fr\/produit\/coque-de-telephone-pour-iphone-13-tpu-salamandre-barcelone-noir\/","title":{"rendered":"Coque de t\u00e9l\u00e9phone pour iPhone 13 (TPU). Salamandre. Barcelone. Noir"},"content":{"rendered":"<p>Coque pour iPhone 13 d\u00e9cor\u00e9e de salamandres vibrantes, inspir\u00e9e du modernisme barcelonais. Cette coque en TPU noir se distingue par ses illustrations frappantes : des salamandres dans les tons bleu, vert, rouge et jaune se combinent avec des fleurs bleues et oranges, capturant la cr\u00e9ativit\u00e9 et l&rsquo;art qui caract\u00e9risent la ville. Le mot \u00ab\u00a0Barcelone\u00a0\u00bb est \u00e9l\u00e9gamment imprim\u00e9, ajoutant une touche distinctive et touristique, ce qui en fait un cadeau parfait.<\/p>\n<p>Le design, en plus d&rsquo;\u00eatre attrayant, refl\u00e8te la riche histoire culturelle de la ville, o\u00f9 l&rsquo;utilisation des salamandres est li\u00e9e \u00e0 la c\u00e9l\u00e8bre mosa\u00efque d&rsquo;Antoni Gaud\u00ed, une ic\u00f4ne incontestable du modernisme. Ce lien avec le patrimoine architectural de Barcelone transforme la coque en un souvenir authentique, id\u00e9al pour les touristes qui cherchent \u00e0 emporter un fragment de la ville.<\/p>\n<p>Chez Ol\u00e9 Mosaic, nous sommes experts dans la distribution de souvenirs en gros, offrant des articles qui allient fonctionnalit\u00e9 et esth\u00e9tique. Cette coque pour iPhone 13 ne prot\u00e8ge pas seulement l&rsquo;appareil, elle est aussi un souvenir significatif qui c\u00e9l\u00e8bre l&rsquo;art et la culture barcelonais. Les grossistes de souvenirs trouveront dans ce produit un ajout pr\u00e9cieux \u00e0 leur offre, attirant les clients qui appr\u00e9cient l&rsquo;authenticit\u00e9 et un design tr\u00e8s sp\u00e9cial.<\/p>\n","protected":false},"excerpt":{"rendered":"<p>Coque en TPU noir pour iPhone 13, d\u00e9cor\u00e9e d&rsquo;illustrations frappantes de salamandres inspir\u00e9es du style moderniste de Barcelone. Ce design vibrant pr\u00e9sente des salamandres color\u00e9es dans les tons bleu, vert, rouge et jaune, entour\u00e9es de fleurs bleues et oranges, qui \u00e9voquent la cr\u00e9ativit\u00e9 et l&rsquo;art de la ville. L&rsquo;impression inclut le mot \u00ab\u00a0Barcelone\u00a0\u00bb, ajoutant une touche distinctive et touristique \u00e0 cet accessoire pratique.<\/p>\n","protected":false},"featured_media":12306,"template":"","meta":{"_acf_changed":false},"product_brand":[],"product_cat":[674],"product_tag":[530],"class_list":{"0":"post-33400","1":"product","2":"type-product","3":"status-publish","4":"has-post-thumbnail","6":"product_cat-etuis-pour-telephones-portables","7":"product_tag-animaux","8":"pa_ciudad-barcelona","9":"pa_motivo-salamandres","10":"pa_pais-espana","12":"first","13":"instock","14":"shipping-taxable","15":"product-type-simple"},"acf":[],"_links":{"self":[{"href":"https:\/\/olemosaic.com\/fr\/wp-json\/wp\/v2\/product\/33400","targetHints":{"allow":["GET"]}}],"collection":[{"href":"https:\/\/olemosaic.com\/fr\/wp-json\/wp\/v2\/product"}],"about":[{"href":"https:\/\/olemosaic.com\/fr\/wp-json\/wp\/v2\/types\/product"}],"wp:featuredmedia":[{"embeddable":true,"href":"https:\/\/olemosaic.com\/fr\/wp-json\/wp\/v2\/media\/12306"}],"wp:attachment":[{"href":"https:\/\/olemosaic.com\/fr\/wp-json\/wp\/v2\/media?parent=33400"}],"wp:term":[{"taxonomy":"product_brand","embeddable":true,"href":"https:\/\/olemosaic.com\/fr\/wp-json\/wp\/v2\/product_brand?post=33400"},{"taxonomy":"product_cat","embeddable":true,"href":"https:\/\/olemosaic.com\/fr\/wp-json\/wp\/v2\/product_cat?post=33400"},{"taxonomy":"product_tag","embeddable":true,"href":"https:\/\/olemosaic.com\/fr\/wp-json\/wp\/v2\/product_tag?post=33400"}],"curies":[{"name":"wp","href":"https:\/\/api.w.org\/{rel}","templated":true}]}}