{"id":33397,"date":"2025-02-20T22:35:13","date_gmt":"2025-02-20T22:35:13","guid":{"rendered":"http:\/\/olemosaic.com\/producto\/funda-de-telefono-para-iphone-13-tpu-mariposa-mallorca-blanco\/"},"modified":"2025-07-25T18:56:18","modified_gmt":"2025-07-25T16:56:18","slug":"coque-de-telephone-pour-iphone-13-tpu-papillon-majorque-blanc","status":"publish","type":"product","link":"https:\/\/olemosaic.com\/fr\/produit\/coque-de-telephone-pour-iphone-13-tpu-papillon-majorque-blanc\/","title":{"rendered":"Coque de t\u00e9l\u00e9phone pour iPhone 13 (TPU). Papillon. Majorque. Blanc"},"content":{"rendered":"<p>Coque de t\u00e9l\u00e9phone pour iPhone 13 avec des papillons vibrants, inspir\u00e9e par la beaut\u00e9 naturelle de Majorque. Cette coque est fabriqu\u00e9e en TPU, un mat\u00e9riau qui offre une protection l\u00e9g\u00e8re et flexible pour votre appareil. Le design se distingue par un fond blanc qui imite une mosa\u00efque aux tons joyeux de jaune, bleu et rouge, cr\u00e9ant un contraste id\u00e9al avec les papillons qui semblent prendre vie dans des tons brillants d&rsquo;orange, de bleu et de rose. Chaque papillon est m\u00e9ticuleusement illustr\u00e9, accentuant la majest\u00e9 et la diversit\u00e9 de la faune locale.<\/p>\n<p>En bas, le mot \u00ab\u00a0Majorque\u00a0\u00bb, imprim\u00e9 dans un style de police \u00e9l\u00e9gant, ajoute une touche distinctive qui souligne le charme de l&rsquo;\u00eele. Ce souvenir de Majorque ne se distingue pas seulement par sa fonctionnalit\u00e9 en tant que coque de protection, mais repr\u00e9sente \u00e9galement un souvenir authentique de l&rsquo;\u00eele, parfait pour les touristes qui cherchent \u00e0 emporter un petit morceau de ce joyau m\u00e9diterran\u00e9en.<\/p>\n<p>Chez Ol\u00e9 Mosaic, nous sommes fiers de proposer des souvenirs authentiques qui refl\u00e8tent la culture et l&rsquo;essence de chaque lieu. Cette coque est une excellente option pour les boutiques de cadeaux touristiques, offrant un choix accessible et styl\u00e9 pour les amoureux de Majorque. En tant que grossiste de coques de t\u00e9l\u00e9phone, nous garantissons la qualit\u00e9 et un design attrayant pour chaque produit que nous distribuons.<\/p>\n","protected":false},"excerpt":{"rendered":"<p>Coque pour iPhone 13 en TPU, d\u00e9cor\u00e9e de joyeux papillons \u00e9voquant la beaut\u00e9 naturelle de Majorque. Elle pr\u00e9sente un design attrayant avec un fond blanc simulant une mosa\u00efque dans les tons jaune, bleu et rouge, mettant en valeur les papillons aux couleurs \u00e9clatantes d&rsquo;orange, de bleu et de rose. Le mot \u00ab\u00a0Majorque\u00a0\u00bb est imprim\u00e9 dans une typographie \u00e9l\u00e9gante, ajoutant une touche suppl\u00e9mentaire qui refl\u00e8te le charme de l&rsquo;\u00eele.<\/p>\n","protected":false},"featured_media":12928,"template":"","meta":{"_acf_changed":false},"product_brand":[],"product_cat":[674],"product_tag":[530],"class_list":{"0":"post-33397","1":"product","2":"type-product","3":"status-publish","4":"has-post-thumbnail","6":"product_cat-etuis-pour-telephones-portables","7":"product_tag-animaux","8":"pa_ciudad-mallorca","9":"pa_motivo-papillons","10":"pa_pais-espana","12":"first","13":"instock","14":"shipping-taxable","15":"product-type-simple"},"acf":[],"_links":{"self":[{"href":"https:\/\/olemosaic.com\/fr\/wp-json\/wp\/v2\/product\/33397","targetHints":{"allow":["GET"]}}],"collection":[{"href":"https:\/\/olemosaic.com\/fr\/wp-json\/wp\/v2\/product"}],"about":[{"href":"https:\/\/olemosaic.com\/fr\/wp-json\/wp\/v2\/types\/product"}],"wp:featuredmedia":[{"embeddable":true,"href":"https:\/\/olemosaic.com\/fr\/wp-json\/wp\/v2\/media\/12928"}],"wp:attachment":[{"href":"https:\/\/olemosaic.com\/fr\/wp-json\/wp\/v2\/media?parent=33397"}],"wp:term":[{"taxonomy":"product_brand","embeddable":true,"href":"https:\/\/olemosaic.com\/fr\/wp-json\/wp\/v2\/product_brand?post=33397"},{"taxonomy":"product_cat","embeddable":true,"href":"https:\/\/olemosaic.com\/fr\/wp-json\/wp\/v2\/product_cat?post=33397"},{"taxonomy":"product_tag","embeddable":true,"href":"https:\/\/olemosaic.com\/fr\/wp-json\/wp\/v2\/product_tag?post=33397"}],"curies":[{"name":"wp","href":"https:\/\/api.w.org\/{rel}","templated":true}]}}