{"id":33386,"date":"2025-02-20T23:35:13","date_gmt":"2025-02-20T22:35:13","guid":{"rendered":"http:\/\/olemosaic.com\/producto\/funda-de-telefono-para-iphone-13-tpu-panoramica-barcelona-azul-2\/"},"modified":"2025-07-25T19:00:58","modified_gmt":"2025-07-25T17:00:58","slug":"coque-de-telephone-pour-iphone-13-tpu-panoramique-barcelone-bleu-2","status":"publish","type":"product","link":"https:\/\/olemosaic.com\/fr\/produit\/coque-de-telephone-pour-iphone-13-tpu-panoramique-barcelone-bleu-2\/","title":{"rendered":"Coque de t\u00e9l\u00e9phone pour iPhone 13 (TPU). Panoramique. Gaud\u00ed. Barcelone. Bleu"},"content":{"rendered":"<p>Coque pour iPhone 13 avec une vue panoramique vibrante de Barcelone, con\u00e7ue pour ceux qui veulent emporter un morceau de cette ville embl\u00e9matique dans leur quotidien. Fabriqu\u00e9e en TPU, cet accessoire ne prot\u00e8ge pas seulement l&rsquo;appareil, mais affiche \u00e9galement un design captivant qui souligne la richesse culturelle de Barcelone. La coque pr\u00e9sente une explosion de couleurs, avec des \u00e9l\u00e9ments repr\u00e9sentatifs tels que la Sagrada Familia et les magnifiques plages de la ville, le tout sur un fond bleu qui rappelle les mosa\u00efques du c\u00e9l\u00e8bre architecte Antoni Gaud\u00ed. Les lettres frappantes de \u00ab\u00a0Barcelona\u00a0\u00bb ajoutent une touche vibrante et attrayante, capturant l&rsquo;essence de la capitale catalane.<\/p>\n<p>Ce souvenir n&rsquo;est pas seulement un produit fonctionnel, mais aussi un rappel visuel de l&rsquo;architecture et de l&rsquo;ambiance festive de Barcelone, parfait pour les touristes \u00e0 la recherche d&rsquo;un accessoire qui c\u00e9l\u00e8bre leur exp\u00e9rience dans la ville. Chez Ol\u00e9 Mosaic, nous nous sp\u00e9cialisons dans la distribution de souvenirs en gros, et cette coque est un choix id\u00e9al pour les boutiques de cadeaux touristiques cherchant \u00e0 proposer des produits authentiques et li\u00e9s \u00e0 Barcelone. En tant que grossistes d&rsquo;accessoires, nous garantissons la qualit\u00e9 et le design de chaque article, assurant que chaque achat soit un souvenir significatif de cette m\u00e9tropole extraordinaire.<\/p>\n","protected":false},"excerpt":{"rendered":"<p>Coque pour iPhone 13 fabriqu\u00e9e en TPU, d\u00e9cor\u00e9e d&rsquo;une vue panoramique vibrante de Barcelone. Le design pr\u00e9sente une explosion de couleurs avec des \u00e9l\u00e9ments embl\u00e9matiques de la ville, comme la Sagrada Familia et la plage, sur un fond bleu qui \u00e9voque les mosa\u00efques de Gaud\u00ed. Le texte \u00ab\u00a0Barcelona\u00a0\u00bb se d\u00e9tache avec des lettres frappantes, id\u00e9al pour ceux qui recherchent un accessoire fonctionnel et \u00e9l\u00e9gant.<\/p>\n","protected":false},"featured_media":12286,"template":"","meta":{"_acf_changed":false},"product_brand":[],"product_cat":[674],"product_tag":[],"class_list":{"0":"post-33386","1":"product","2":"type-product","3":"status-publish","4":"has-post-thumbnail","6":"product_cat-etuis-pour-telephones-portables","7":"pa_ciudad-barcelona","8":"pa_motivo-panoramas","9":"pa_pais-espana","11":"first","12":"instock","13":"shipping-taxable","14":"product-type-simple"},"acf":[],"_links":{"self":[{"href":"https:\/\/olemosaic.com\/fr\/wp-json\/wp\/v2\/product\/33386","targetHints":{"allow":["GET"]}}],"collection":[{"href":"https:\/\/olemosaic.com\/fr\/wp-json\/wp\/v2\/product"}],"about":[{"href":"https:\/\/olemosaic.com\/fr\/wp-json\/wp\/v2\/types\/product"}],"wp:featuredmedia":[{"embeddable":true,"href":"https:\/\/olemosaic.com\/fr\/wp-json\/wp\/v2\/media\/12286"}],"wp:attachment":[{"href":"https:\/\/olemosaic.com\/fr\/wp-json\/wp\/v2\/media?parent=33386"}],"wp:term":[{"taxonomy":"product_brand","embeddable":true,"href":"https:\/\/olemosaic.com\/fr\/wp-json\/wp\/v2\/product_brand?post=33386"},{"taxonomy":"product_cat","embeddable":true,"href":"https:\/\/olemosaic.com\/fr\/wp-json\/wp\/v2\/product_cat?post=33386"},{"taxonomy":"product_tag","embeddable":true,"href":"https:\/\/olemosaic.com\/fr\/wp-json\/wp\/v2\/product_tag?post=33386"}],"curies":[{"name":"wp","href":"https:\/\/api.w.org\/{rel}","templated":true}]}}