{"id":33382,"date":"2025-02-20T22:35:13","date_gmt":"2025-02-20T22:35:13","guid":{"rendered":"http:\/\/olemosaic.com\/producto\/funda-de-telefono-para-iphone-13-tpu-mosaico-barcelona-blanco\/"},"modified":"2025-07-25T20:18:55","modified_gmt":"2025-07-25T18:18:55","slug":"coque-de-telephone-pour-iphone-13-tpu-mosaique-barcelone-blanc","status":"publish","type":"product","link":"https:\/\/olemosaic.com\/fr\/produit\/coque-de-telephone-pour-iphone-13-tpu-mosaique-barcelone-blanc\/","title":{"rendered":"Coque de t\u00e9l\u00e9phone pour iPhone 13 (TPU). Mosa\u00efque. Barcelone. Blanc"},"content":{"rendered":"<p>Coque pour iPhone 13 avec un design de mosa\u00efque barcelonaise. Cette coque, fabriqu\u00e9e en TPU, allie style et protection, se distinguant par son design vibrant qui refl\u00e8te la riche tradition artistique de la ville. Orn\u00e9e d&rsquo;un m\u00e9lange color\u00e9 de carreaux dans les tons bleus, rouges et oranges, chaque d\u00e9tail de l&rsquo;illustration \u00e9voque les mosa\u00efques embl\u00e9matiques qui d\u00e9corent des monuments tels que le Parc G\u00fcell, chef-d&rsquo;\u0153uvre d&rsquo;Antoni Gaud\u00ed. Le mot \u00ab\u00a0Barcelona\u00a0\u00bb est \u00e9l\u00e9gamment imprim\u00e9, ajoutant une touche personnelle et distinctive au produit.<\/p>\n<p>Visuellement, la coque est un d\u00e9lice : les diff\u00e9rents motifs de mosa\u00efque s&rsquo;entrelacent dans une danse de couleurs qui capture l&rsquo;essence de l&rsquo;architecture moderniste. Ce souvenir ne prot\u00e8ge pas seulement votre appareil mobile, mais devient \u00e9galement un \u00e9l\u00e9ment d\u00e9coratif attrayant, id\u00e9al pour ceux qui admirent la beaut\u00e9 de l&rsquo;art et de la culture catalane. C&rsquo;est une excellente option pour les touristes \u00e0 la recherche de souvenirs repr\u00e9sentatifs de Barcelone, combinant fonctionnalit\u00e9 et message culturel significatif.<\/p>\n<p>Chez Ol\u00e9 Mosaic, nous sommes experts dans la distribution en gros d&rsquo;accessoires de qualit\u00e9. Cette coque est un choix id\u00e9al pour les boutiques de cadeaux touristiques souhaitant proposer des produits authentiques et pertinents. Avec ce design de mosa\u00efque, nous offrons aux visiteurs l&rsquo;opportunit\u00e9 de ramener un morceau de Barcelone chez eux.<\/p>\n","protected":false},"excerpt":{"rendered":"<p>Coque pour iPhone 13 fabriqu\u00e9e en TPU, orn\u00e9e d&rsquo;un design vibrant de mosa\u00efque typique de Barcelone. Cet article pr\u00e9sente un m\u00e9lange color\u00e9 de carreaux dans les tons bleus, rouges et oranges, \u00e9voquant le style artistique de la ville. Avec le mot \u00ab\u00a0Barcelona\u00a0\u00bb \u00e9l\u00e9gamment imprim\u00e9, cette coque garantit non seulement la protection, mais ajoute \u00e9galement une touche culturelle et distinctive \u00e0 votre appareil. Id\u00e9ale pour les amoureux de l&rsquo;architecture et de l&rsquo;art barcelonais.<\/p>\n","protected":false},"featured_media":12282,"template":"","meta":{"_acf_changed":false},"product_brand":[],"product_cat":[674],"product_tag":[],"class_list":{"0":"post-33382","1":"product","2":"type-product","3":"status-publish","4":"has-post-thumbnail","6":"product_cat-etuis-pour-telephones-portables","7":"pa_ciudad-barcelona","8":"pa_motivo-mosaique","9":"pa_pais-espana","11":"first","12":"instock","13":"shipping-taxable","14":"product-type-simple"},"acf":[],"_links":{"self":[{"href":"https:\/\/olemosaic.com\/fr\/wp-json\/wp\/v2\/product\/33382","targetHints":{"allow":["GET"]}}],"collection":[{"href":"https:\/\/olemosaic.com\/fr\/wp-json\/wp\/v2\/product"}],"about":[{"href":"https:\/\/olemosaic.com\/fr\/wp-json\/wp\/v2\/types\/product"}],"wp:featuredmedia":[{"embeddable":true,"href":"https:\/\/olemosaic.com\/fr\/wp-json\/wp\/v2\/media\/12282"}],"wp:attachment":[{"href":"https:\/\/olemosaic.com\/fr\/wp-json\/wp\/v2\/media?parent=33382"}],"wp:term":[{"taxonomy":"product_brand","embeddable":true,"href":"https:\/\/olemosaic.com\/fr\/wp-json\/wp\/v2\/product_brand?post=33382"},{"taxonomy":"product_cat","embeddable":true,"href":"https:\/\/olemosaic.com\/fr\/wp-json\/wp\/v2\/product_cat?post=33382"},{"taxonomy":"product_tag","embeddable":true,"href":"https:\/\/olemosaic.com\/fr\/wp-json\/wp\/v2\/product_tag?post=33382"}],"curies":[{"name":"wp","href":"https:\/\/api.w.org\/{rel}","templated":true}]}}