{"id":33376,"date":"2025-02-20T22:35:13","date_gmt":"2025-02-20T22:35:13","guid":{"rendered":"http:\/\/olemosaic.com\/producto\/funda-de-telefono-para-iphone-13-tpu-mosaico-azul\/"},"modified":"2025-07-25T18:54:34","modified_gmt":"2025-07-25T16:54:34","slug":"coque-de-telephone-pour-iphone-13-tpu-mosaique-bleu","status":"publish","type":"product","link":"https:\/\/olemosaic.com\/fr\/produit\/coque-de-telephone-pour-iphone-13-tpu-mosaique-bleu\/","title":{"rendered":"Coque de t\u00e9l\u00e9phone pour iPhone 13 (TPU). Mosa\u00efque. Bleu"},"content":{"rendered":"<p>Coque pour iPhone 13 avec un design de mosa\u00efque dans des tons bleus, parfaite pour ceux qui recherchent un accessoire alliant protection et style. Fabriqu\u00e9e en TPU, un mat\u00e9riau connu pour sa flexibilit\u00e9 et sa r\u00e9sistance, cette coque garantit une protection efficace contre les chocs et les chutes, tout en conservant sa l\u00e9g\u00e8ret\u00e9 et son confort. Son design \u00e9l\u00e9gant de mosa\u00efque \u00e9voque le riche h\u00e9ritage culturel de l&rsquo;Espagne, rappelant les azulejos traditionnels qui ornent les rues et les b\u00e2timents de villes comme S\u00e9ville et Grenade. Les formes g\u00e9om\u00e9triques complexes dans des tons bleus et blancs offrent non seulement une apparence visuelle attrayante, mais connectent \u00e9galement l&rsquo;utilisateur \u00e0 l&rsquo;histoire et \u00e0 l&rsquo;art de la r\u00e9gion.<\/p>\n<p>Cet article n&rsquo;est pas seulement une coque de t\u00e9l\u00e9phone, mais un v\u00e9ritable souvenir repr\u00e9sentant l&rsquo;art et la culture espagnole dans chaque d\u00e9tail. Sa finition douce assure un ajustement confortable, ce qui en fait un choix id\u00e9al tant pour les touristes que pour les locaux souhaitant emporter un morceau de leur culture avec eux. Chez Ol\u00e9 Mosaic, votre grossiste en souvenirs, nous garantissons la qualit\u00e9 et l&rsquo;authenticit\u00e9 de chaque produit. Cette coque est un excellent choix pour les boutiques de cadeaux touristiques cherchant \u00e0 proposer des produits fusionnant fonctionnalit\u00e9 et valeur culturelle, faisant de chaque vente une occasion de c\u00e9l\u00e9brer la tradition espagnole.<\/p>\n","protected":false},"excerpt":{"rendered":"<p>Coque pour iPhone 13 fabriqu\u00e9e en TPU, orn\u00e9e d&rsquo;un \u00e9l\u00e9gant design de mosa\u00efques dans des tons bleus. Cet accessoire ne prot\u00e8ge pas seulement le t\u00e9l\u00e9phone, il repr\u00e9sente \u00e9galement le riche h\u00e9ritage culturel espagnol gr\u00e2ce \u00e0 son motif g\u00e9om\u00e9trique \u00e9voquant les mosa\u00efques en c\u00e9ramique traditionnelles. Sa finition douce et flexible garantit un ajustement confortable et s\u00fbr, en faisant une option pratique et stylis\u00e9e pour les amateurs d&rsquo;art et de culture.<\/p>\n","protected":false},"featured_media":12304,"template":"","meta":{"_acf_changed":false},"product_brand":[],"product_cat":[674],"product_tag":[],"class_list":{"0":"post-33376","1":"product","2":"type-product","3":"status-publish","4":"has-post-thumbnail","6":"product_cat-etuis-pour-telephones-portables","7":"pa_motivo-mosaique","9":"first","10":"instock","11":"shipping-taxable","12":"product-type-simple"},"acf":[],"_links":{"self":[{"href":"https:\/\/olemosaic.com\/fr\/wp-json\/wp\/v2\/product\/33376","targetHints":{"allow":["GET"]}}],"collection":[{"href":"https:\/\/olemosaic.com\/fr\/wp-json\/wp\/v2\/product"}],"about":[{"href":"https:\/\/olemosaic.com\/fr\/wp-json\/wp\/v2\/types\/product"}],"wp:featuredmedia":[{"embeddable":true,"href":"https:\/\/olemosaic.com\/fr\/wp-json\/wp\/v2\/media\/12304"}],"wp:attachment":[{"href":"https:\/\/olemosaic.com\/fr\/wp-json\/wp\/v2\/media?parent=33376"}],"wp:term":[{"taxonomy":"product_brand","embeddable":true,"href":"https:\/\/olemosaic.com\/fr\/wp-json\/wp\/v2\/product_brand?post=33376"},{"taxonomy":"product_cat","embeddable":true,"href":"https:\/\/olemosaic.com\/fr\/wp-json\/wp\/v2\/product_cat?post=33376"},{"taxonomy":"product_tag","embeddable":true,"href":"https:\/\/olemosaic.com\/fr\/wp-json\/wp\/v2\/product_tag?post=33376"}],"curies":[{"name":"wp","href":"https:\/\/api.w.org\/{rel}","templated":true}]}}