{"id":33375,"date":"2025-02-20T23:35:12","date_gmt":"2025-02-20T22:35:12","guid":{"rendered":"http:\/\/olemosaic.com\/producto\/funda-de-telefono-para-iphone-13-tpu-abstracto-negro-2\/"},"modified":"2025-07-25T20:37:05","modified_gmt":"2025-07-25T18:37:05","slug":"coque-de-telephone-pour-iphone-13-tpu-abstrait-noir-2","status":"publish","type":"product","link":"https:\/\/olemosaic.com\/fr\/produit\/coque-de-telephone-pour-iphone-13-tpu-abstrait-noir-2\/","title":{"rendered":"Coque de t\u00e9l\u00e9phone pour iPhone 13 (TPU). Abstrait. Style moderne. Noir"},"content":{"rendered":"<p>Coque pour iPhone 13 avec un design abstrait vibrant. Fabriqu\u00e9e en TPU de haute qualit\u00e9, cette coque se distingue par son impressionnant motif de lignes aux couleurs intenses qui serpentent sur un \u00e9l\u00e9gant fond noir. Les teintes brillantes, \u00e9voquant le mouvement et l&rsquo;\u00e9nergie, en font un choix parfait pour ceux qui souhaitent exprimer leur personnalit\u00e9 \u00e0 travers la technologie. Sa finition douce et flexible offre non seulement une protection exceptionnelle contre les chocs et les rayures, mais assure \u00e9galement un ajustement pr\u00e9cis et confortable.<\/p>\n<p>Chaque ligne de couleur refl\u00e8te une sensation dynamique, transformant un objet quotidien en une d\u00e9claration de style contemporain. La combinaison d&rsquo;un design moderne et d&rsquo;une fonctionnalit\u00e9 robuste fait de cette coque un accessoire symbolisant le mode de vie urbain et plein de vie, id\u00e9al pour ceux qui recherchent des souvenirs authentiques mettant en valeur leur exp\u00e9rience quotidienne.<\/p>\n<p>Chez Ol\u00e9 Mosaic, nous nous consacrons \u00e0 la distribution en gros de souvenirs, proposant des produits qui allient art et praticit\u00e9, comme cette coque unique. C&rsquo;est une excellente option pour les boutiques de cadeaux touristiques, apportant authenticit\u00e9 et modernit\u00e9 \u00e0 chaque pi\u00e8ce. Parfaite pour ceux qui cherchent \u00e0 se souvenir de leur visite en Espagne avec une touche contemporaine.<\/p>\n","protected":false},"excerpt":{"rendered":"<p>Coque pour iPhone 13 fabriqu\u00e9e en TPU, avec un design abstrait pr\u00e9sentant des lignes de couleurs vibrantes sur un fond noir. Cet accessoire se distingue par sa finition douce et flexible, qui non seulement prot\u00e8ge l&rsquo;appareil des chocs et des rayures, mais lui ajoute \u00e9galement une touche dynamique et moderne. Les teintes intenses et le motif fluide \u00e9voquent une sensation de mouvement et d&rsquo;\u00e9nergie, id\u00e9ale pour ceux qui recherchent une touche contemporaine dans leur technologie quotidienne.<\/p>\n","protected":false},"featured_media":12309,"template":"","meta":{"_acf_changed":false},"product_brand":[],"product_cat":[674],"product_tag":[],"class_list":{"0":"post-33375","1":"product","2":"type-product","3":"status-publish","4":"has-post-thumbnail","6":"product_cat-etuis-pour-telephones-portables","7":"pa_motivo-resume","9":"first","10":"instock","11":"shipping-taxable","12":"product-type-simple"},"acf":[],"_links":{"self":[{"href":"https:\/\/olemosaic.com\/fr\/wp-json\/wp\/v2\/product\/33375","targetHints":{"allow":["GET"]}}],"collection":[{"href":"https:\/\/olemosaic.com\/fr\/wp-json\/wp\/v2\/product"}],"about":[{"href":"https:\/\/olemosaic.com\/fr\/wp-json\/wp\/v2\/types\/product"}],"wp:featuredmedia":[{"embeddable":true,"href":"https:\/\/olemosaic.com\/fr\/wp-json\/wp\/v2\/media\/12309"}],"wp:attachment":[{"href":"https:\/\/olemosaic.com\/fr\/wp-json\/wp\/v2\/media?parent=33375"}],"wp:term":[{"taxonomy":"product_brand","embeddable":true,"href":"https:\/\/olemosaic.com\/fr\/wp-json\/wp\/v2\/product_brand?post=33375"},{"taxonomy":"product_cat","embeddable":true,"href":"https:\/\/olemosaic.com\/fr\/wp-json\/wp\/v2\/product_cat?post=33375"},{"taxonomy":"product_tag","embeddable":true,"href":"https:\/\/olemosaic.com\/fr\/wp-json\/wp\/v2\/product_tag?post=33375"}],"curies":[{"name":"wp","href":"https:\/\/api.w.org\/{rel}","templated":true}]}}