{"id":33373,"date":"2025-02-20T22:35:12","date_gmt":"2025-02-20T22:35:12","guid":{"rendered":"http:\/\/olemosaic.com\/producto\/funda-de-telefono-para-iphone-12-promax-tpu-mariposa-barcelona-blanco\/"},"modified":"2025-07-25T19:11:53","modified_gmt":"2025-07-25T17:11:53","slug":"coque-de-telephone-pour-iphone-12-promax-tpu-papillon-barcelone-blanc","status":"publish","type":"product","link":"https:\/\/olemosaic.com\/fr\/produit\/coque-de-telephone-pour-iphone-12-promax-tpu-papillon-barcelone-blanc\/","title":{"rendered":"Coque de t\u00e9l\u00e9phone pour iPhone 12 Pro Max (TPU). Papillon. Barcelone. Blanc"},"content":{"rendered":"<p>Coque pour iPhone 12 Pro Max avec un design vibrant de papillons qui capture l&rsquo;essence de Barcelone. Cette \u00e9l\u00e9gante coque, fabriqu\u00e9e en TPU de haute qualit\u00e9, pr\u00e9sente un fond en mosa\u00efque dans des tons blancs, bleus et rouges, \u00e9voquant les c\u00e9l\u00e8bres designs architecturaux de la ville. Les papillons, illustr\u00e9s dans des couleurs vives comme l&rsquo;orange, le vert et le violet, apportent un contraste attrayant et une sensation de fra\u00eecheur, refl\u00e9tant la riche biodiversit\u00e9 qui inspire la culture catalane. Le texte \u00ab\u00a0Barcelona\u00a0\u00bb se distingue par un style typographique frappant, soulignant le lien du produit avec la m\u00e9tropole espagnole.<\/p>\n<p>La coque offre non seulement une finition douce et visuellement attrayante, mais assure \u00e9galement une protection efficace contre les chocs et les rayures, garantissant que votre iPhone 12 Pro Max reste en parfait \u00e9tat. Ce souvenir est un choix parfait pour les touristes \u00e0 la recherche d&rsquo;un souvenir authentique et fonctionnel de leur visite \u00e0 Barcelone. Chez Ol\u00e9 Mosaic, nous sommes distributeurs de produits uniques qui c\u00e9l\u00e8brent la diversit\u00e9 culturelle et l&rsquo;h\u00e9ritage artistique de l&rsquo;Espagne. Cette coque de t\u00e9l\u00e9phone n&rsquo;est pas seulement un accessoire pratique, mais aussi un symbole de la vie urbaine vibrante de Barcelone, id\u00e9al pour ceux qui souhaitent emporter un morceau de cette belle ville avec eux.<\/p>\n","protected":false},"excerpt":{"rendered":"<p>Coque pour iPhone 12 Pro Max fabriqu\u00e9e en TPU, avec un design vibrant de papillons aux couleurs vives. Inspir\u00e9e par la beaut\u00e9 de Barcelone, la coque int\u00e8gre un fond en mosa\u00efque dans des tons blancs, bleus et rouges, cr\u00e9ant un contraste attrayant avec les papillons multicolores. Le texte \u00ab\u00a0Barcelona\u00a0\u00bb souligne l&rsquo;origine du design, tandis que sa finition douce offre protection et une prise en main confortable.<\/p>\n","protected":false},"featured_media":12259,"template":"","meta":{"_acf_changed":false},"product_brand":[],"product_cat":[674],"product_tag":[530],"class_list":{"0":"post-33373","1":"product","2":"type-product","3":"status-publish","4":"has-post-thumbnail","6":"product_cat-etuis-pour-telephones-portables","7":"product_tag-animaux","8":"pa_ciudad-barcelona","9":"pa_motivo-papillons","10":"pa_pais-espana","12":"first","13":"instock","14":"shipping-taxable","15":"product-type-simple"},"acf":[],"_links":{"self":[{"href":"https:\/\/olemosaic.com\/fr\/wp-json\/wp\/v2\/product\/33373","targetHints":{"allow":["GET"]}}],"collection":[{"href":"https:\/\/olemosaic.com\/fr\/wp-json\/wp\/v2\/product"}],"about":[{"href":"https:\/\/olemosaic.com\/fr\/wp-json\/wp\/v2\/types\/product"}],"wp:featuredmedia":[{"embeddable":true,"href":"https:\/\/olemosaic.com\/fr\/wp-json\/wp\/v2\/media\/12259"}],"wp:attachment":[{"href":"https:\/\/olemosaic.com\/fr\/wp-json\/wp\/v2\/media?parent=33373"}],"wp:term":[{"taxonomy":"product_brand","embeddable":true,"href":"https:\/\/olemosaic.com\/fr\/wp-json\/wp\/v2\/product_brand?post=33373"},{"taxonomy":"product_cat","embeddable":true,"href":"https:\/\/olemosaic.com\/fr\/wp-json\/wp\/v2\/product_cat?post=33373"},{"taxonomy":"product_tag","embeddable":true,"href":"https:\/\/olemosaic.com\/fr\/wp-json\/wp\/v2\/product_tag?post=33373"}],"curies":[{"name":"wp","href":"https:\/\/api.w.org\/{rel}","templated":true}]}}