{"id":33366,"date":"2025-02-20T22:35:12","date_gmt":"2025-02-20T22:35:12","guid":{"rendered":"http:\/\/olemosaic.com\/producto\/funda-de-telefono-para-iphone-12-promax-tpu-punt-de-trobada-barcelona-blanco\/"},"modified":"2025-07-25T19:04:43","modified_gmt":"2025-07-25T17:04:43","slug":"coque-de-telephone-pour-iphone-12-promax-tpu-punt-de-trobada-barcelone-blanc","status":"publish","type":"product","link":"https:\/\/olemosaic.com\/fr\/produit\/coque-de-telephone-pour-iphone-12-promax-tpu-punt-de-trobada-barcelone-blanc\/","title":{"rendered":"Coque de t\u00e9l\u00e9phone pour iPhone 12 Pro Max (TPU). Punt de trobada. Barcelone. Blanc"},"content":{"rendered":"<p>Coque pour iPhone 12 Pro Max avec le design vibrant \u00ab\u00a0Punt de trobada\u00a0\u00bb, inspir\u00e9 par l&rsquo;\u0153uvre du g\u00e9nial architecte Antoni Gaud\u00ed \u00e0 Barcelone. Cet accessoire en TPU, accessible et styl\u00e9, ne prot\u00e8ge pas seulement votre appareil, mais se distingue \u00e9galement par son design color\u00e9 et artistique. Le fond blanc fait ressortir les mosa\u00efques dans des tons rouges, jaunes, verts et bleus, cr\u00e9ant une composition visuelle captivante qui combine lignes abstraites et formes organiques, caract\u00e9ristiques du modernisme catalan.<\/p>\n<p>La partie inf\u00e9rieure de la coque porte l&rsquo;inscription \u00ab\u00a0Barcelona\u00a0\u00bb, soulignant sa connexion avec le riche h\u00e9ritage culturel de la ville. Ce souvenir n&rsquo;est pas seulement une pi\u00e8ce fonctionnelle ; c&rsquo;est une c\u00e9l\u00e9bration de l&rsquo;art et de l&rsquo;histoire de Barcelone, capturant l&rsquo;essence de son ambiance vibrante et de son architecture iconique. Parfaite pour ceux qui recherchent une touche de cr\u00e9ativit\u00e9 et de culture au quotidien, cette coque est id\u00e9ale tant pour les touristes que pour les locaux, devenant un cadeau significatif et authentique.<\/p>\n<p>Chez Ol\u00e9 Mosaic, nous nous sp\u00e9cialisons dans la distribution de souvenirs en gros, et cette coque pour iPhone est une excellente option pour les boutiques de souvenirs souhaitant proposer des produits repr\u00e9sentatifs et de qualit\u00e9. Elle apporte un fragment de Barcelone \u00e0 la vie quotidienne, faisant de cette coque un compagnon id\u00e9al pour ceux qui appr\u00e9cient le design et l&rsquo;artisanat authentique.<\/p>\n","protected":false},"excerpt":{"rendered":"<p>Coque de t\u00e9l\u00e9phone pour iPhone 12 Pro Max en TPU, d\u00e9cor\u00e9e du design color\u00e9 \u00ab\u00a0Punt de trobada\u00a0\u00bb, inspir\u00e9 de l&rsquo;\u0153uvre de Gaud\u00ed \u00e0 Barcelone. Cet accessoire, sur fond blanc, met en valeur des mosa\u00efques vibrantes dans des tons rouge, jaune, vert et bleu, combin\u00e9es \u00e0 des lignes et des formes abstraites. Le mot \u00ab\u00a0Barcelona\u00a0\u00bb est imprim\u00e9 \u00e0 la base, soulignant le lien avec la ville et son patrimoine artistique. Id\u00e9al pour ceux qui souhaitent prot\u00e9ger leur appareil avec une touche de cr\u00e9ativit\u00e9 et de culture.<\/p>\n","protected":false},"featured_media":12260,"template":"","meta":{"_acf_changed":false},"product_brand":[],"product_cat":[674],"product_tag":[],"class_list":{"0":"post-33366","1":"product","2":"type-product","3":"status-publish","4":"has-post-thumbnail","6":"product_cat-etuis-pour-telephones-portables","7":"pa_ciudad-barcelona","8":"pa_motivo-punt-de-trobada","9":"pa_pais-espana","11":"first","12":"instock","13":"shipping-taxable","14":"product-type-simple"},"acf":[],"_links":{"self":[{"href":"https:\/\/olemosaic.com\/fr\/wp-json\/wp\/v2\/product\/33366","targetHints":{"allow":["GET"]}}],"collection":[{"href":"https:\/\/olemosaic.com\/fr\/wp-json\/wp\/v2\/product"}],"about":[{"href":"https:\/\/olemosaic.com\/fr\/wp-json\/wp\/v2\/types\/product"}],"wp:featuredmedia":[{"embeddable":true,"href":"https:\/\/olemosaic.com\/fr\/wp-json\/wp\/v2\/media\/12260"}],"wp:attachment":[{"href":"https:\/\/olemosaic.com\/fr\/wp-json\/wp\/v2\/media?parent=33366"}],"wp:term":[{"taxonomy":"product_brand","embeddable":true,"href":"https:\/\/olemosaic.com\/fr\/wp-json\/wp\/v2\/product_brand?post=33366"},{"taxonomy":"product_cat","embeddable":true,"href":"https:\/\/olemosaic.com\/fr\/wp-json\/wp\/v2\/product_cat?post=33366"},{"taxonomy":"product_tag","embeddable":true,"href":"https:\/\/olemosaic.com\/fr\/wp-json\/wp\/v2\/product_tag?post=33366"}],"curies":[{"name":"wp","href":"https:\/\/api.w.org\/{rel}","templated":true}]}}