{"id":33365,"date":"2025-02-20T22:35:12","date_gmt":"2025-02-20T22:35:12","guid":{"rendered":"http:\/\/olemosaic.com\/producto\/funda-de-telefono-para-iphone-12-promax-tpu-panoramica-barcelona-blanco\/"},"modified":"2025-07-25T21:05:07","modified_gmt":"2025-07-25T19:05:07","slug":"coque-de-telephone-pour-iphone-12-promax-tpu-panoramique-barcelone-blanc","status":"publish","type":"product","link":"https:\/\/olemosaic.com\/fr\/produit\/coque-de-telephone-pour-iphone-12-promax-tpu-panoramique-barcelone-blanc\/","title":{"rendered":"Coque de t\u00e9l\u00e9phone pour iPhone 12 Pro Max (TPU). Panoramique. Barcelone. Blanc"},"content":{"rendered":"<p>Coque pour iPhone 12 Pro Max avec une vue panoramique vibrante de Barcelone, fabriqu\u00e9e en TPU et con\u00e7ue pour allier style et protection. Cet accessoire attrayant pr\u00e9sente une mosa\u00efque color\u00e9e qui capture l&rsquo;essence artistique de la ville, mettant en avant l&#8217;embl\u00e9matique Sagrada Familia ainsi que d&rsquo;autres monuments iconiques de Barcelone. L&rsquo;illustration se d\u00e9tache sur un fond blanc, rehaussant les tons intenses de rouge, vert, jaune et bleu, ce qui cr\u00e9e un effet visuel percutant et joyeux.<\/p>\n<p>La Sagrada Familia, avec ses tours majestueuses et ses fa\u00e7ades d\u00e9taill\u00e9es, devient le centre d&rsquo;attention, symbolisant le riche h\u00e9ritage culturel et architectural de Barcelone. \u00c0 ses c\u00f4t\u00e9s, d&rsquo;autres \u00e9l\u00e9ments repr\u00e9sentatifs se combinent parfaitement pour offrir une repr\u00e9sentation compl\u00e8te de la ville. Ce design n&#8217;embellit pas seulement le t\u00e9l\u00e9phone, mais le transforme en une v\u00e9ritable \u0153uvre d&rsquo;art mobile, id\u00e9ale pour les amoureux de la culture catalane.<\/p>\n<p>Ol\u00e9 Mosaic est fier de proposer des souvenirs authentiques qui encapsulent la magie et le caract\u00e8re de chaque r\u00e9gion. Cette coque de t\u00e9l\u00e9phone est une excellente option pour ceux qui recherchent des souvenirs de Barcelone ainsi qu&rsquo;un cadeau unique et significatif. Nous savons que les touristes appr\u00e9cient les produits qui refl\u00e8tent l&rsquo;identit\u00e9 culturelle de leur destination, et cette coque est le choix id\u00e9al pour les boutiques de cadeaux touristiques cherchant \u00e0 offrir des articles de qualit\u00e9 et de pertinence culturelle. En tant que grossistes de produits authentiques, nous garantissons que chaque pi\u00e8ce r\u00e9pond aux normes les plus \u00e9lev\u00e9es de design et d&rsquo;artisanat.<\/p>\n","protected":false},"excerpt":{"rendered":"<p>Coque pour iPhone 12 Pro Max, fabriqu\u00e9e en TPU, avec une vue panoramique vibrante de Barcelone. Le design met en avant l&#8217;embl\u00e9matique Sagrada Familia et d&rsquo;autres monuments, repr\u00e9sent\u00e9s dans une mosa\u00efque color\u00e9e qui capture l&rsquo;essence artistique de la ville. Sur un fond blanc, les tons brillants de rouge, vert, jaune et bleu ressortent. Cette coque ne prot\u00e8ge pas seulement votre appareil, elle le transforme en une \u0153uvre d&rsquo;art mobile, id\u00e9ale pour les amoureux de la culture catalane.<\/p>\n","protected":false},"featured_media":12261,"template":"","meta":{"_acf_changed":false},"product_brand":[],"product_cat":[674],"product_tag":[],"class_list":{"0":"post-33365","1":"product","2":"type-product","3":"status-publish","4":"has-post-thumbnail","6":"product_cat-etuis-pour-telephones-portables","7":"pa_ciudad-barcelona","8":"pa_motivo-panoramas","9":"pa_pais-espana","11":"first","12":"instock","13":"shipping-taxable","14":"product-type-simple"},"acf":[],"_links":{"self":[{"href":"https:\/\/olemosaic.com\/fr\/wp-json\/wp\/v2\/product\/33365","targetHints":{"allow":["GET"]}}],"collection":[{"href":"https:\/\/olemosaic.com\/fr\/wp-json\/wp\/v2\/product"}],"about":[{"href":"https:\/\/olemosaic.com\/fr\/wp-json\/wp\/v2\/types\/product"}],"wp:featuredmedia":[{"embeddable":true,"href":"https:\/\/olemosaic.com\/fr\/wp-json\/wp\/v2\/media\/12261"}],"wp:attachment":[{"href":"https:\/\/olemosaic.com\/fr\/wp-json\/wp\/v2\/media?parent=33365"}],"wp:term":[{"taxonomy":"product_brand","embeddable":true,"href":"https:\/\/olemosaic.com\/fr\/wp-json\/wp\/v2\/product_brand?post=33365"},{"taxonomy":"product_cat","embeddable":true,"href":"https:\/\/olemosaic.com\/fr\/wp-json\/wp\/v2\/product_cat?post=33365"},{"taxonomy":"product_tag","embeddable":true,"href":"https:\/\/olemosaic.com\/fr\/wp-json\/wp\/v2\/product_tag?post=33365"}],"curies":[{"name":"wp","href":"https:\/\/api.w.org\/{rel}","templated":true}]}}