{"id":33364,"date":"2025-02-20T22:35:11","date_gmt":"2025-02-20T22:35:11","guid":{"rendered":"http:\/\/olemosaic.com\/producto\/funda-de-telefono-para-iphone-12-promax-tpu-mosaico-blanco\/"},"modified":"2025-07-25T18:57:39","modified_gmt":"2025-07-25T16:57:39","slug":"coque-de-telephone-pour-iphone-12-promax-tpu-mosaique-blanc","status":"publish","type":"product","link":"https:\/\/olemosaic.com\/fr\/produit\/coque-de-telephone-pour-iphone-12-promax-tpu-mosaique-blanc\/","title":{"rendered":"Coque de t\u00e9l\u00e9phone pour iPhone 12 Pro Max (TPU). Mosa\u00efque. Blanc"},"content":{"rendered":"<p>Coque pour iPhone 12 Pro Max avec un design de mosa\u00efque vibrant, \u00e9labor\u00e9e en TPU de haute qualit\u00e9. Cette coque est un v\u00e9ritable hommage \u00e0 la riche tradition d\u00e9corative de la c\u00e9ramique espagnole, caract\u00e9ris\u00e9e par ses motifs g\u00e9om\u00e9triques et floraux complexes, pr\u00e9sentant une palette de couleurs vives dans des tons bleus, rouges, oranges et blancs. La surface de la coque est m\u00e9ticuleusement orn\u00e9e d&rsquo;un entrelacement de motifs qui \u00e9voquent l&rsquo;art des mosa\u00efques historiques que l&rsquo;on peut trouver dans divers coins d&rsquo;Espagne, refl\u00e9tant \u00e0 la fois l&rsquo;ing\u00e9niosit\u00e9 artistique et l&rsquo;h\u00e9ritage culturel de la r\u00e9gion.<\/p>\n<p>Con\u00e7ue pour offrir une protection efficace contre les chocs et les rayures, cette coque ne prot\u00e8ge pas seulement votre appareil, mais lui conf\u00e8re \u00e9galement un style unique et color\u00e9, id\u00e9al pour ceux qui souhaitent mettre en valeur leur t\u00e9l\u00e9phone avec une touche de culture. Son design ergonomique assure un ajustement parfait, permettant un acc\u00e8s facile \u00e0 tous les boutons et ports. Chez Ol\u00e9 Mosaic, nous comprenons l&rsquo;importance des souvenirs qui repr\u00e9sentent authentiquement l&rsquo;identit\u00e9 culturelle, et cette coque de t\u00e9l\u00e9phone s&rsquo;impose comme une excellente option pour les touristes et les amateurs d&rsquo;esth\u00e9tique espagnole. C&rsquo;est un souvenir id\u00e9al pour ceux qui recherchent un rappel pratique et plein de sens, faisant de chaque appel ou message un souvenir du patrimoine vibrant de l&rsquo;Espagne. En tant que grossiste d&rsquo;articles de cadeau, ce produit est parfait pour les boutiques souhaitant offrir \u00e0 leurs clients des souvenirs authentiques et repr\u00e9sentatifs de la culture locale.<\/p>\n","protected":false},"excerpt":{"rendered":"<p>Coque pour iPhone 12 Pro Max en TPU, orn\u00e9e d&rsquo;un design de mosa\u00efque vibrant. La surface pr\u00e9sente une vari\u00e9t\u00e9 de motifs g\u00e9om\u00e9triques et floraux dans des tons bleus, rouges, oranges et blancs, \u00e9voquant la tradition d\u00e9corative de la c\u00e9ramique espagnole. Ce mod\u00e8le combine style et protection, id\u00e9al pour ceux qui cherchent \u00e0 mettre en valeur leur appareil avec une touche de couleur et de culture, tout en prot\u00e9geant le t\u00e9l\u00e9phone des chocs et des rayures.<\/p>\n","protected":false},"featured_media":13001,"template":"","meta":{"_acf_changed":false},"product_brand":[],"product_cat":[674],"product_tag":[],"class_list":{"0":"post-33364","1":"product","2":"type-product","3":"status-publish","4":"has-post-thumbnail","6":"product_cat-etuis-pour-telephones-portables","7":"pa_motivo-mosaique","9":"first","10":"instock","11":"shipping-taxable","12":"product-type-simple"},"acf":[],"_links":{"self":[{"href":"https:\/\/olemosaic.com\/fr\/wp-json\/wp\/v2\/product\/33364","targetHints":{"allow":["GET"]}}],"collection":[{"href":"https:\/\/olemosaic.com\/fr\/wp-json\/wp\/v2\/product"}],"about":[{"href":"https:\/\/olemosaic.com\/fr\/wp-json\/wp\/v2\/types\/product"}],"wp:featuredmedia":[{"embeddable":true,"href":"https:\/\/olemosaic.com\/fr\/wp-json\/wp\/v2\/media\/13001"}],"wp:attachment":[{"href":"https:\/\/olemosaic.com\/fr\/wp-json\/wp\/v2\/media?parent=33364"}],"wp:term":[{"taxonomy":"product_brand","embeddable":true,"href":"https:\/\/olemosaic.com\/fr\/wp-json\/wp\/v2\/product_brand?post=33364"},{"taxonomy":"product_cat","embeddable":true,"href":"https:\/\/olemosaic.com\/fr\/wp-json\/wp\/v2\/product_cat?post=33364"},{"taxonomy":"product_tag","embeddable":true,"href":"https:\/\/olemosaic.com\/fr\/wp-json\/wp\/v2\/product_tag?post=33364"}],"curies":[{"name":"wp","href":"https:\/\/api.w.org\/{rel}","templated":true}]}}