{"id":33334,"date":"2025-02-20T22:35:11","date_gmt":"2025-02-20T22:35:11","guid":{"rendered":"http:\/\/olemosaic.com\/producto\/funda-de-telefono-para-iphone-12-promax-tpu-abstracto-negro-2\/"},"modified":"2025-07-25T19:55:58","modified_gmt":"2025-07-25T17:55:58","slug":"coque-de-telephone-pour-iphone-12-promax-tpu-abstrait-noir","status":"publish","type":"product","link":"https:\/\/olemosaic.com\/fr\/produit\/coque-de-telephone-pour-iphone-12-promax-tpu-abstrait-noir\/","title":{"rendered":"Coque de t\u00e9l\u00e9phone pour iPhone 12 Pro Max (TPU). Abstrait. Noir"},"content":{"rendered":"<p>Coque de t\u00e9l\u00e9phone pour iPhone 12 Pro Max avec un design abstrait et des couleurs vibrantes. Fabriqu\u00e9e en TPU r\u00e9sistant, cette coque allie protection et style de mani\u00e8re unique. Son art num\u00e9rique pr\u00e9sente un d\u00e9ploiement de tons vibrants en bleu, violet, orange et rose, cr\u00e9ant une explosion visuelle qui attirera tous les regards. La finition noire qui entoure le design souligne l&rsquo;intensit\u00e9 des couleurs et offre un contraste attrayant, proposant une esth\u00e9tique moderne et une touche de sophistication.<\/p>\n<p>Id\u00e9ale pour ceux qui souhaitent exprimer leur personnalit\u00e9 \u00e0 travers leur appareil, cette coque s&rsquo;adapte parfaitement \u00e0 l&rsquo;iPhone 12 Pro Max, garantissant un ajustement s\u00fbr et confortable. La surface douce au toucher est agr\u00e9able en main, tandis que son design mince permet une manipulation facile et une utilisation quotidienne. Ce produit n&rsquo;est pas seulement fonctionnel, il devient un v\u00e9ritable accessoire de mode.<\/p>\n<p>Chez Ol\u00e9 Mosaic, nous nous sp\u00e9cialisons dans la distribution de souvenirs authentiques et de qualit\u00e9. Cette coque de t\u00e9l\u00e9phone est une excellente option pour les touristes qui cherchent \u00e0 se souvenir de leur visite avec un article repr\u00e9sentatif et \u00e9l\u00e9gant. De plus, en tant que grossistes d&rsquo;accessoires, nous garantissons \u00e0 nos clients une ligne de produits qui allie divertissement et culture dans chaque design.<\/p>\n","protected":false},"excerpt":{"rendered":"<p>Coque pour iPhone 12 Pro Max en TPU avec un design abstrait et vibrant. La coque pr\u00e9sente un art num\u00e9rique frappant combinant des tons bleus, violets, oranges et roses, cr\u00e9ant un effet visuel dynamique et moderne. Sa finition noire rehausse l&rsquo;intensit\u00e9 des couleurs, offrant protection et un style unique pour votre appareil. Id\u00e9ale pour ceux qui recherchent une combinaison de fonctionnalit\u00e9 et de design contemporain.<\/p>\n","protected":false},"featured_media":12275,"template":"","meta":{"_acf_changed":false},"product_brand":[],"product_cat":[674],"product_tag":[],"class_list":{"0":"post-33334","1":"product","2":"type-product","3":"status-publish","4":"has-post-thumbnail","6":"product_cat-etuis-pour-telephones-portables","7":"pa_motivo-resume","9":"first","10":"instock","11":"shipping-taxable","12":"product-type-simple"},"acf":[],"_links":{"self":[{"href":"https:\/\/olemosaic.com\/fr\/wp-json\/wp\/v2\/product\/33334","targetHints":{"allow":["GET"]}}],"collection":[{"href":"https:\/\/olemosaic.com\/fr\/wp-json\/wp\/v2\/product"}],"about":[{"href":"https:\/\/olemosaic.com\/fr\/wp-json\/wp\/v2\/types\/product"}],"wp:featuredmedia":[{"embeddable":true,"href":"https:\/\/olemosaic.com\/fr\/wp-json\/wp\/v2\/media\/12275"}],"wp:attachment":[{"href":"https:\/\/olemosaic.com\/fr\/wp-json\/wp\/v2\/media?parent=33334"}],"wp:term":[{"taxonomy":"product_brand","embeddable":true,"href":"https:\/\/olemosaic.com\/fr\/wp-json\/wp\/v2\/product_brand?post=33334"},{"taxonomy":"product_cat","embeddable":true,"href":"https:\/\/olemosaic.com\/fr\/wp-json\/wp\/v2\/product_cat?post=33334"},{"taxonomy":"product_tag","embeddable":true,"href":"https:\/\/olemosaic.com\/fr\/wp-json\/wp\/v2\/product_tag?post=33334"}],"curies":[{"name":"wp","href":"https:\/\/api.w.org\/{rel}","templated":true}]}}