{"id":33330,"date":"2025-02-20T22:35:10","date_gmt":"2025-02-20T22:35:10","guid":{"rendered":"http:\/\/olemosaic.com\/producto\/funda-de-telefono-para-iphone-12-pro-tpu-salamandra-barcelona-blanco\/"},"modified":"2025-07-25T19:25:24","modified_gmt":"2025-07-25T17:25:24","slug":"coque-de-telephone-pour-iphone-12-pro-tpu-salamandre-barcelone-blanc","status":"publish","type":"product","link":"https:\/\/olemosaic.com\/fr\/produit\/coque-de-telephone-pour-iphone-12-pro-tpu-salamandre-barcelone-blanc\/","title":{"rendered":"Coque de t\u00e9l\u00e9phone pour iPhone 12 Pro (TPU). Salamandre. Barcelone. Blanc"},"content":{"rendered":"<p>Coque pour iPhone 12 Pro inspir\u00e9e par l&rsquo;architecture vibrante de Barcelone. Fabriqu\u00e9e en TPU, un mat\u00e9riau durable et r\u00e9sistant qui prot\u00e8ge efficacement l&rsquo;appareil, cette coque pr\u00e9sente une illustration color\u00e9e avec des salamandres et des fleurs, un design qui \u00e9voque les embl\u00e9matiques trencad\u00eds pr\u00e9sents dans les b\u00e2timents de Gaud\u00ed, particuli\u00e8rement au Park G\u00fcell. Le fond blanc contraste parfaitement, rehaussant les tons bleus, verts et rouges du design, cr\u00e9ant une esth\u00e9tique fra\u00eeche et moderne qui capture l&rsquo;esprit artistique de la ville.<\/p>\n<p>Au centre, le nom \u00ab\u00a0Barcelone\u00a0\u00bb appara\u00eet dans un format multicolore attrayant, ajoutant une touche contemporaine qui connecte avec les visiteurs de cette m\u00e9tropole renomm\u00e9e. Cette coque n&rsquo;est pas seulement un accessoire fonctionnel, mais aussi un souvenir culturel qui encapsule l&rsquo;essence cr\u00e9ative de Barcelone, en faisant un souvenir parfait pour ceux qui cherchent \u00e0 emporter un morceau de la ville.<\/p>\n<p>Chez Ol\u00e9 Mosaic, nous sommes des distributeurs en gros de souvenirs de qualit\u00e9, offrant des produits qui c\u00e9l\u00e8brent l&rsquo;authenticit\u00e9 et le patrimoine local. Cette coque de t\u00e9l\u00e9phone est une excellente option pour les boutiques de cadeaux touristiques, mettant en avant la richesse culturelle de l&rsquo;Espagne \u00e0 travers un design attrayant et pertinent.<\/p>\n","protected":false},"excerpt":{"rendered":"<p>Coque pour iPhone 12 Pro fabriqu\u00e9e en TPU, orn\u00e9e d&rsquo;une illustration color\u00e9e de salamandres et de fleurs. Inspir\u00e9e par le c\u00e9l\u00e8bre trencad\u00eds barcelonais, la coque pr\u00e9sente un fond blanc avec un design vibrant combinant des tons bleus, verts et rouges, soulignant des \u00e9l\u00e9ments de la flore locale. Le nom \u00ab\u00a0Barcelone\u00a0\u00bb s&rsquo;affiche dans un format multicolore attrayant, apportant une touche moderne et artistique qui repr\u00e9sente l&rsquo;esprit cr\u00e9atif de la ville.<\/p>\n","protected":false},"featured_media":12236,"template":"","meta":{"_acf_changed":false},"product_brand":[],"product_cat":[674],"product_tag":[530],"class_list":{"0":"post-33330","1":"product","2":"type-product","3":"status-publish","4":"has-post-thumbnail","6":"product_cat-etuis-pour-telephones-portables","7":"product_tag-animaux","8":"pa_ciudad-barcelona","9":"pa_motivo-salamandres","10":"pa_pais-espana","12":"first","13":"instock","14":"shipping-taxable","15":"product-type-simple"},"acf":[],"_links":{"self":[{"href":"https:\/\/olemosaic.com\/fr\/wp-json\/wp\/v2\/product\/33330","targetHints":{"allow":["GET"]}}],"collection":[{"href":"https:\/\/olemosaic.com\/fr\/wp-json\/wp\/v2\/product"}],"about":[{"href":"https:\/\/olemosaic.com\/fr\/wp-json\/wp\/v2\/types\/product"}],"wp:featuredmedia":[{"embeddable":true,"href":"https:\/\/olemosaic.com\/fr\/wp-json\/wp\/v2\/media\/12236"}],"wp:attachment":[{"href":"https:\/\/olemosaic.com\/fr\/wp-json\/wp\/v2\/media?parent=33330"}],"wp:term":[{"taxonomy":"product_brand","embeddable":true,"href":"https:\/\/olemosaic.com\/fr\/wp-json\/wp\/v2\/product_brand?post=33330"},{"taxonomy":"product_cat","embeddable":true,"href":"https:\/\/olemosaic.com\/fr\/wp-json\/wp\/v2\/product_cat?post=33330"},{"taxonomy":"product_tag","embeddable":true,"href":"https:\/\/olemosaic.com\/fr\/wp-json\/wp\/v2\/product_tag?post=33330"}],"curies":[{"name":"wp","href":"https:\/\/api.w.org\/{rel}","templated":true}]}}