{"id":33329,"date":"2025-02-20T23:35:10","date_gmt":"2025-02-20T22:35:10","guid":{"rendered":"http:\/\/olemosaic.com\/producto\/funda-de-telefono-para-iphone-12-pro-tpu-abstracto-negro-2\/"},"modified":"2025-07-25T20:19:21","modified_gmt":"2025-07-25T18:19:21","slug":"coque-de-telephone-pour-iphone-12-pro-tpu-abstrait-noir-2","status":"publish","type":"product","link":"https:\/\/olemosaic.com\/fr\/produit\/coque-de-telephone-pour-iphone-12-pro-tpu-abstrait-noir-2\/","title":{"rendered":"Coque de t\u00e9l\u00e9phone pour iPhone 12 Pro (TPU). Abstrait. Style moderne. Noir"},"content":{"rendered":"<p>Coque pour iPhone 12 Pro avec un design abstrait de lignes lumineuses sur fond noir, dans une palette de couleurs vibrantes. Cette coque en TPU de haute qualit\u00e9 est le compl\u00e9ment id\u00e9al pour prot\u00e9ger votre appareil et lui donner une touche moderne et distinctive. Le design pr\u00e9sente des lignes fluides et brillantes qui s&rsquo;entrelacent dans un jeu de couleurs \u00e9nergiques, des rouges intenses aux verts vibrants, cr\u00e9ant une atmosph\u00e8re dynamique et contemporaine.<\/p>\n<p>En plus de son aspect attrayant, cette coque offre une protection robuste contre les chocs et les chutes, assurant l&rsquo;int\u00e9grit\u00e9 de votre iPhone 12 Pro. Son mat\u00e9riau TPU est flexible et l\u00e9ger, permettant un acc\u00e8s facile \u00e0 tous les boutons et ports, ce qui rend l&rsquo;exp\u00e9rience d&rsquo;utilisation confortable et fonctionnelle. Ce produit est un souvenir parfait pour ceux qui recherchent un accessoire technologique \u00e0 la fois pratique et une d\u00e9claration de style personnel.<\/p>\n<p>Chez Ol\u00e9 Mosaic, nous nous sp\u00e9cialisons dans la distribution d&rsquo;articles de haute qualit\u00e9 pour le march\u00e9 touristique, et cette coque est une excellente option pour les boutiques de cadeaux souhaitant proposer des produits authentiques et contemporains. Avec ce souvenir, les touristes pourront emporter un morceau d&rsquo;art moderne qui c\u00e9l\u00e8bre l&rsquo;innovation et la cr\u00e9ativit\u00e9 dans le design, en faisant un cadeau parfait qui souligne l&rsquo;essence de leur voyage.<\/p>\n","protected":false},"excerpt":{"rendered":"<p>Coque pour iPhone 12 Pro fabriqu\u00e9e en TPU de haute qualit\u00e9. Pr\u00e9sente un design abstrait avec des lignes lumineuses et une palette de couleurs vibrantes sur un fond noir. Cet accessoire combine esth\u00e9tique moderne et fonctionnalit\u00e9, prot\u00e9geant votre appareil et ajoutant une touche de style unique. Parfaite pour ceux qui recherchent un accessoire refl\u00e9tant leur personnalit\u00e9 dynamique et contemporaine.<\/p>\n","protected":false},"featured_media":12255,"template":"","meta":{"_acf_changed":false},"product_brand":[],"product_cat":[674],"product_tag":[],"class_list":{"0":"post-33329","1":"product","2":"type-product","3":"status-publish","4":"has-post-thumbnail","6":"product_cat-etuis-pour-telephones-portables","7":"pa_motivo-resume","9":"first","10":"instock","11":"shipping-taxable","12":"product-type-simple"},"acf":[],"_links":{"self":[{"href":"https:\/\/olemosaic.com\/fr\/wp-json\/wp\/v2\/product\/33329","targetHints":{"allow":["GET"]}}],"collection":[{"href":"https:\/\/olemosaic.com\/fr\/wp-json\/wp\/v2\/product"}],"about":[{"href":"https:\/\/olemosaic.com\/fr\/wp-json\/wp\/v2\/types\/product"}],"wp:featuredmedia":[{"embeddable":true,"href":"https:\/\/olemosaic.com\/fr\/wp-json\/wp\/v2\/media\/12255"}],"wp:attachment":[{"href":"https:\/\/olemosaic.com\/fr\/wp-json\/wp\/v2\/media?parent=33329"}],"wp:term":[{"taxonomy":"product_brand","embeddable":true,"href":"https:\/\/olemosaic.com\/fr\/wp-json\/wp\/v2\/product_brand?post=33329"},{"taxonomy":"product_cat","embeddable":true,"href":"https:\/\/olemosaic.com\/fr\/wp-json\/wp\/v2\/product_cat?post=33329"},{"taxonomy":"product_tag","embeddable":true,"href":"https:\/\/olemosaic.com\/fr\/wp-json\/wp\/v2\/product_tag?post=33329"}],"curies":[{"name":"wp","href":"https:\/\/api.w.org\/{rel}","templated":true}]}}