{"id":33320,"date":"2025-02-20T22:35:09","date_gmt":"2025-02-20T22:35:09","guid":{"rendered":"http:\/\/olemosaic.com\/producto\/funda-de-telefono-para-iphone-12-pro-tpu-punt-de-trobada-barcelona-blanco\/"},"modified":"2025-07-25T18:47:34","modified_gmt":"2025-07-25T16:47:34","slug":"coque-iphone-12-pro-tpu-punt-de-trobada-barcelone-blanc","status":"publish","type":"product","link":"https:\/\/olemosaic.com\/fr\/produit\/coque-iphone-12-pro-tpu-punt-de-trobada-barcelone-blanc\/","title":{"rendered":"Coque pour iPhone 12 Pro (TPU). Punt de trobada. Barcelone. Blanc"},"content":{"rendered":"<p>Coque pour iPhone 12 Pro avec le design iconique \u00ab Punt de trobada \u00bb de Barcelone. Cette pi\u00e8ce unique est fabriqu\u00e9e en TPU, un mat\u00e9riau l\u00e9ger et r\u00e9sistant qui offre une excellente protection pour votre appareil. Le design color\u00e9 en mosa\u00efque pr\u00e9sente une composition vibrante de formes rondes et g\u00e9om\u00e9triques en rouge, vert, jaune et bleu, sur un fond blanc, soulignant la cr\u00e9ativit\u00e9 et le style innovant caract\u00e9ristique de l&rsquo;architecture moderniste de la ville.<\/p>\n<p>Inspir\u00e9e par l&rsquo;essence de Barcelone, cette coque n&rsquo;est pas seulement un accessoire de protection, mais aussi une d\u00e9claration artistique. Les motifs g\u00e9om\u00e9triques et les couleurs vives \u00e9voquent l&rsquo;\u0153uvre d&rsquo;architectes comme Antoni Gaud\u00ed, dont l&rsquo;influence sur la ville est ind\u00e9niable. Le mot \u00ab Barcelone \u00bb est \u00e9l\u00e9gamment situ\u00e9 en bas, soulignant sa connexion avec la ville. En plus d&rsquo;\u00eatre fonctionnel, ce souvenir est une repr\u00e9sentation authentique de la culture et de l&rsquo;art de la r\u00e9gion, devenant une excellente option pour les touristes souhaitant emporter un morceau du riche patrimoine catalan.<\/p>\n<p>Chez Ol\u00e9 Mosaic, nous sommes distributeurs de coques de t\u00e9l\u00e9phone en gros, proposant des produits qui allient style et fonctionnalit\u00e9. Cette coque est le compl\u00e9ment parfait pour les boutiques \u00e0 la recherche de souvenirs de Barcelone authentiques et contemporains. Emportez avec vous un souvenir repr\u00e9sentatif et artistique de cette ville merveilleuse avec chaque coque \u00ab Punt de trobada \u00bb.<\/p>\n","protected":false},"excerpt":{"rendered":"<p>Coque pour iPhone 12 Pro fabriqu\u00e9e en TPU, orn\u00e9e du design embl\u00e9matique \u00ab Punt de trobada \u00bb de Barcelone. Elle pr\u00e9sente une composition color\u00e9e en mosa\u00efque avec des formes rondes et g\u00e9om\u00e9triques en rouge, vert, jaune et bleu sur un fond blanc. Cette coque l\u00e9g\u00e8re et r\u00e9sistante ne prot\u00e8ge pas seulement votre appareil, elle rend \u00e9galement hommage \u00e0 la cr\u00e9ativit\u00e9 de l&rsquo;architecture moderniste de la ville, avec une touche artistique et contemporaine qui la fait ressortir.<\/p>\n","protected":false},"featured_media":12239,"template":"","meta":{"_acf_changed":false},"product_brand":[],"product_cat":[674],"product_tag":[],"class_list":{"0":"post-33320","1":"product","2":"type-product","3":"status-publish","4":"has-post-thumbnail","6":"product_cat-etuis-pour-telephones-portables","7":"pa_ciudad-barcelona","8":"pa_motivo-punt-de-trobada","9":"pa_pais-espana","11":"first","12":"instock","13":"shipping-taxable","14":"product-type-simple"},"acf":[],"_links":{"self":[{"href":"https:\/\/olemosaic.com\/fr\/wp-json\/wp\/v2\/product\/33320","targetHints":{"allow":["GET"]}}],"collection":[{"href":"https:\/\/olemosaic.com\/fr\/wp-json\/wp\/v2\/product"}],"about":[{"href":"https:\/\/olemosaic.com\/fr\/wp-json\/wp\/v2\/types\/product"}],"wp:featuredmedia":[{"embeddable":true,"href":"https:\/\/olemosaic.com\/fr\/wp-json\/wp\/v2\/media\/12239"}],"wp:attachment":[{"href":"https:\/\/olemosaic.com\/fr\/wp-json\/wp\/v2\/media?parent=33320"}],"wp:term":[{"taxonomy":"product_brand","embeddable":true,"href":"https:\/\/olemosaic.com\/fr\/wp-json\/wp\/v2\/product_brand?post=33320"},{"taxonomy":"product_cat","embeddable":true,"href":"https:\/\/olemosaic.com\/fr\/wp-json\/wp\/v2\/product_cat?post=33320"},{"taxonomy":"product_tag","embeddable":true,"href":"https:\/\/olemosaic.com\/fr\/wp-json\/wp\/v2\/product_tag?post=33320"}],"curies":[{"name":"wp","href":"https:\/\/api.w.org\/{rel}","templated":true}]}}