{"id":33319,"date":"2025-02-20T23:35:09","date_gmt":"2025-02-20T22:35:09","guid":{"rendered":"http:\/\/olemosaic.com\/producto\/funda-de-telefono-para-iphone-12-pro-tpu-abstracto-verde-2\/"},"modified":"2025-07-25T20:30:13","modified_gmt":"2025-07-25T18:30:13","slug":"coque-iphone-12-pro-tpu-abstrait-mosaique-vert","status":"publish","type":"product","link":"https:\/\/olemosaic.com\/fr\/produit\/coque-iphone-12-pro-tpu-abstrait-mosaique-vert\/","title":{"rendered":"Coque pour iPhone 12 Pro (TPU). Abstrait. Mosa\u00efque. Vert"},"content":{"rendered":"<p>Coque pour iPhone 12 Pro avec un design de mosa\u00efque vibrant. Cette coque attrayante, fabriqu\u00e9e en TPU, pr\u00e9sente un motif abstrait qui \u00e9voque la richesse de l&rsquo;art de la mosa\u00efque m\u00e9diterran\u00e9enne. Ses couleurs pr\u00e9dominantes, incluant des verts, des bleus, des oranges et du cr\u00e8me, se marient harmonieusement, cr\u00e9ant un effet visuel percutant qui ne passe pas inaper\u00e7u. Chaque pi\u00e8ce du design rappelle la technique complexe de la mosa\u00efque, un h\u00e9ritage artistique pr\u00e9sent dans la culture m\u00e9diterran\u00e9enne depuis des si\u00e8cles, refl\u00e9tant le savoir-faire et la cr\u00e9ativit\u00e9 des artisans locaux.<\/p>\n<p>La coque ne prot\u00e8ge pas seulement votre appareil des chocs et des rayures, mais ajoute \u00e9galement une touche distinctive et artistique \u00e0 votre style quotidien. Sa fabrication en TPU offre flexibilit\u00e9 et durabilit\u00e9, assurant une longue dur\u00e9e de vie. Elle est id\u00e9ale pour les touristes \u00e0 la recherche d&rsquo;un souvenir unique alliant fonctionnalit\u00e9 et esth\u00e9tique, devenant un souvenir repr\u00e9sentatif de leur exp\u00e9rience m\u00e9diterran\u00e9enne.<\/p>\n<p>Chez Ol\u00e9 Mosaic, nous sommes experts dans la distribution de souvenirs en gros, et cette coque de t\u00e9l\u00e9phone se positionne comme une excellente option pour les boutiques de cadeaux touristiques souhaitant proposer des produits authentiques et de qualit\u00e9. Avec cette coque en mosa\u00efque vibrante, vos clients pourront emporter avec eux une pi\u00e8ce du patrimoine culturel m\u00e9diterran\u00e9en de mani\u00e8re pratique et \u00e9l\u00e9gante, soulignant son originalit\u00e9 en tant que souvenir distinctif.<\/p>\n","protected":false},"excerpt":{"rendered":"<p>Coque pour iPhone 12 Pro en TPU avec un design abstrait \u00e9voquant une mosa\u00efque vibrante. Elle combine des tons verts, bleus, oranges et cr\u00e8me, cr\u00e9ant un motif g\u00e9om\u00e9trique attrayant qui attire l&rsquo;attention. Cette coque ne prot\u00e8ge pas seulement votre appareil, elle ajoute \u00e9galement une touche artistique, en faisant une pi\u00e8ce unique qui refl\u00e8te le riche h\u00e9ritage culturel m\u00e9diterran\u00e9en. Id\u00e9ale pour ceux qui recherchent style et fonctionnalit\u00e9.<\/p>\n","protected":false},"featured_media":12243,"template":"","meta":{"_acf_changed":false},"product_brand":[],"product_cat":[674],"product_tag":[],"class_list":{"0":"post-33319","1":"product","2":"type-product","3":"status-publish","4":"has-post-thumbnail","6":"product_cat-etuis-pour-telephones-portables","7":"pa_motivo-resume","9":"first","10":"instock","11":"shipping-taxable","12":"product-type-simple"},"acf":[],"_links":{"self":[{"href":"https:\/\/olemosaic.com\/fr\/wp-json\/wp\/v2\/product\/33319","targetHints":{"allow":["GET"]}}],"collection":[{"href":"https:\/\/olemosaic.com\/fr\/wp-json\/wp\/v2\/product"}],"about":[{"href":"https:\/\/olemosaic.com\/fr\/wp-json\/wp\/v2\/types\/product"}],"wp:featuredmedia":[{"embeddable":true,"href":"https:\/\/olemosaic.com\/fr\/wp-json\/wp\/v2\/media\/12243"}],"wp:attachment":[{"href":"https:\/\/olemosaic.com\/fr\/wp-json\/wp\/v2\/media?parent=33319"}],"wp:term":[{"taxonomy":"product_brand","embeddable":true,"href":"https:\/\/olemosaic.com\/fr\/wp-json\/wp\/v2\/product_brand?post=33319"},{"taxonomy":"product_cat","embeddable":true,"href":"https:\/\/olemosaic.com\/fr\/wp-json\/wp\/v2\/product_cat?post=33319"},{"taxonomy":"product_tag","embeddable":true,"href":"https:\/\/olemosaic.com\/fr\/wp-json\/wp\/v2\/product_tag?post=33319"}],"curies":[{"name":"wp","href":"https:\/\/api.w.org\/{rel}","templated":true}]}}