{"id":33318,"date":"2025-02-20T22:35:09","date_gmt":"2025-02-20T22:35:09","guid":{"rendered":"http:\/\/olemosaic.com\/producto\/funda-de-telefono-para-iphone-12-pro-tpu-mosaico-barcelona-blanco\/"},"modified":"2025-07-25T19:13:49","modified_gmt":"2025-07-25T17:13:49","slug":"coque-iphone-12-pro-tpu-mosaique-barcelone-blanc","status":"publish","type":"product","link":"https:\/\/olemosaic.com\/fr\/produit\/coque-iphone-12-pro-tpu-mosaique-barcelone-blanc\/","title":{"rendered":"Coque pour iPhone 12 Pro (TPU). Mosa\u00efque. Barcelone. Blanc"},"content":{"rendered":"<p>Coque pour iPhone 12 Pro avec design de mosa\u00efque de Barcelone<\/p>\n<p>D\u00e9couvrez cette coque pour iPhone 12 Pro, une pi\u00e8ce qui fusionne fonctionnalit\u00e9 et art, avec un design de mosa\u00efque vibrant inspir\u00e9 de l&rsquo;architecture barcelonaise. Fabriqu\u00e9e en TPU de haute qualit\u00e9, cette coque ne prot\u00e8ge pas seulement votre appareil des chocs et des chutes, mais le transforme en une v\u00e9ritable \u0153uvre d&rsquo;art. Le design pr\u00e9sente un riche amalgame de couleurs, principalement bleu, rouge et orange, \u00e9voquant les embl\u00e9matiques trencad\u00eds de Gaud\u00ed, une technique devenue le symbole de la ville. Avec une finition brillante, le mot \u00ab Barcelone \u00bb ressort \u00e9l\u00e9gamment, faisant de cette coque le souvenir parfait pour ceux qui cherchent \u00e0 emporter un morceau de la culture catalane partout avec eux.<\/p>\n<p>Cet accessoire ne refl\u00e8te pas seulement l&rsquo;esth\u00e9tique exub\u00e9rante de Barcelone, mais aussi sa riche histoire et son patrimoine artistique. Id\u00e9ale pour les touristes qui souhaitent se souvenir de leur visite dans cette ville merveilleuse, cette coque est un cadeau id\u00e9al qui fusionne utilit\u00e9 et style. Chez Ol\u00e9 Mosaic, en tant que distributeurs de produits culturels en gros, nous proposons une s\u00e9lection de souvenirs authentiques qui capturent l&rsquo;essence de chaque r\u00e9gion. Cette coque en mosa\u00efque est, sans aucun doute, une excellente option pour toute boutique cherchant \u00e0 offrir des produits de qualit\u00e9 et pertinents pour ses clients int\u00e9ress\u00e9s par des souvenirs repr\u00e9sentatifs de Barcelone.<\/p>\n","protected":false},"excerpt":{"rendered":"<p>Coque pour iPhone 12 Pro fabriqu\u00e9e en TPU, orn\u00e9e d&rsquo;un design de mosa\u00efque vibrant inspir\u00e9 de l&rsquo;architecture barcelonaise. La coque pr\u00e9sente un amalgame de couleurs bleu, rouge et orange, \u00e9voquant les c\u00e9l\u00e8bres trencad\u00eds de Gaud\u00ed. Avec une finition brillante, le mot \u00ab\u00a0Barcelone\u00a0\u00bb se d\u00e9tache \u00e9l\u00e9gamment, transformant cet accessoire non seulement en une protection pour votre appareil, mais aussi en une expression artistique de la culture catalane.<\/p>\n","protected":false},"featured_media":12241,"template":"","meta":{"_acf_changed":false},"product_brand":[],"product_cat":[674],"product_tag":[],"class_list":{"0":"post-33318","1":"product","2":"type-product","3":"status-publish","4":"has-post-thumbnail","6":"product_cat-etuis-pour-telephones-portables","7":"pa_ciudad-barcelona","8":"pa_motivo-mosaique","9":"pa_pais-espana","11":"first","12":"instock","13":"shipping-taxable","14":"product-type-simple"},"acf":[],"_links":{"self":[{"href":"https:\/\/olemosaic.com\/fr\/wp-json\/wp\/v2\/product\/33318","targetHints":{"allow":["GET"]}}],"collection":[{"href":"https:\/\/olemosaic.com\/fr\/wp-json\/wp\/v2\/product"}],"about":[{"href":"https:\/\/olemosaic.com\/fr\/wp-json\/wp\/v2\/types\/product"}],"wp:featuredmedia":[{"embeddable":true,"href":"https:\/\/olemosaic.com\/fr\/wp-json\/wp\/v2\/media\/12241"}],"wp:attachment":[{"href":"https:\/\/olemosaic.com\/fr\/wp-json\/wp\/v2\/media?parent=33318"}],"wp:term":[{"taxonomy":"product_brand","embeddable":true,"href":"https:\/\/olemosaic.com\/fr\/wp-json\/wp\/v2\/product_brand?post=33318"},{"taxonomy":"product_cat","embeddable":true,"href":"https:\/\/olemosaic.com\/fr\/wp-json\/wp\/v2\/product_cat?post=33318"},{"taxonomy":"product_tag","embeddable":true,"href":"https:\/\/olemosaic.com\/fr\/wp-json\/wp\/v2\/product_tag?post=33318"}],"curies":[{"name":"wp","href":"https:\/\/api.w.org\/{rel}","templated":true}]}}