{"id":33317,"date":"2025-02-20T22:35:09","date_gmt":"2025-02-20T22:35:09","guid":{"rendered":"http:\/\/olemosaic.com\/producto\/funda-de-telefono-para-iphone-12-pro-tpu-mosaico-azul\/"},"modified":"2025-07-25T19:06:11","modified_gmt":"2025-07-25T17:06:11","slug":"coque-iphone-12-pro-tpu-mosaique-bleu","status":"publish","type":"product","link":"https:\/\/olemosaic.com\/fr\/produit\/coque-iphone-12-pro-tpu-mosaique-bleu\/","title":{"rendered":"Coque pour iPhone 12 Pro (TPU). Mosa\u00efque. Bleu"},"content":{"rendered":"<p>Coque pour iPhone 12 Pro avec un design de mosa\u00efque bleue.<\/p>\n<p>Cette coque, hommage \u00e0 la riche tradition de l&rsquo;art de la mosa\u00efque espagnole, est le choix parfait pour ceux qui souhaitent prot\u00e9ger leur iPhone 12 Pro sans renoncer au style. Fabriqu\u00e9e en TPU de haute qualit\u00e9, elle se distingue par son design \u00e9l\u00e9gant dans les tons bleus et blancs qui \u00e9voque les travaux impressionnants du c\u00e9l\u00e8bre architecte Antoni Gaud\u00ed, reconnu pour avoir incorpor\u00e9 des mosa\u00efques dans ses chefs-d&rsquo;\u0153uvre. La surface lisse de la coque offre une excellente protection contre les chocs et les chutes, garantissant que votre appareil conserve son esth\u00e9tique et sa fonctionnalit\u00e9 \u00e0 tout moment.<\/p>\n<p>Le motif de mosa\u00efque, avec sa disposition g\u00e9om\u00e9trique complexe, attire non seulement le regard, mais souligne \u00e9galement l&rsquo;authenticit\u00e9 culturelle de la r\u00e9gion, repr\u00e9sentant l&rsquo;essence du patrimoine artistique espagnol. Ce souvenir moderne est id\u00e9al pour les touristes \u00e0 la recherche d&rsquo;une fa\u00e7on unique de se souvenir de leur voyage, et une excellente option pour les boutiques de cadeaux touristiques souhaitant proposer des produits authentiques et contemporains.<\/p>\n<p>Chez Ol\u00e9 Mosaic, en tant que grossiste sp\u00e9cialis\u00e9 dans les souvenirs de qualit\u00e9, nous garantissons que cette coque sera non seulement un excellent accessoire, mais aussi un symbole de la richesse culturelle de l&rsquo;Espagne. S\u00e9duisez vos clients avec cette coque impressionnante qui allie art et protection.<\/p>\n","protected":false},"excerpt":{"rendered":"<p>Coque pour iPhone 12 Pro fabriqu\u00e9e en TPU, d\u00e9cor\u00e9e d&rsquo;un \u00e9l\u00e9gant design de mosa\u00efque dans les tons bleus et blancs. Cette coque se distingue par sa finition contemporaine qui refl\u00e8te la beaut\u00e9 de l&rsquo;art de la mosa\u00efque espagnole, \u00e9voquant les c\u00e9l\u00e8bres travaux de Gaud\u00ed. Sa surface lisse et durable offre une excellente protection et une finition esth\u00e9tique, id\u00e9ale pour ceux qui cherchent \u00e0 combiner style et fonctionnalit\u00e9 dans un seul produit.<\/p>\n","protected":false},"featured_media":12250,"template":"","meta":{"_acf_changed":false},"product_brand":[],"product_cat":[674],"product_tag":[],"class_list":{"0":"post-33317","1":"product","2":"type-product","3":"status-publish","4":"has-post-thumbnail","6":"product_cat-etuis-pour-telephones-portables","7":"pa_motivo-mosaique","9":"first","10":"instock","11":"shipping-taxable","12":"product-type-simple"},"acf":[],"_links":{"self":[{"href":"https:\/\/olemosaic.com\/fr\/wp-json\/wp\/v2\/product\/33317","targetHints":{"allow":["GET"]}}],"collection":[{"href":"https:\/\/olemosaic.com\/fr\/wp-json\/wp\/v2\/product"}],"about":[{"href":"https:\/\/olemosaic.com\/fr\/wp-json\/wp\/v2\/types\/product"}],"wp:featuredmedia":[{"embeddable":true,"href":"https:\/\/olemosaic.com\/fr\/wp-json\/wp\/v2\/media\/12250"}],"wp:attachment":[{"href":"https:\/\/olemosaic.com\/fr\/wp-json\/wp\/v2\/media?parent=33317"}],"wp:term":[{"taxonomy":"product_brand","embeddable":true,"href":"https:\/\/olemosaic.com\/fr\/wp-json\/wp\/v2\/product_brand?post=33317"},{"taxonomy":"product_cat","embeddable":true,"href":"https:\/\/olemosaic.com\/fr\/wp-json\/wp\/v2\/product_cat?post=33317"},{"taxonomy":"product_tag","embeddable":true,"href":"https:\/\/olemosaic.com\/fr\/wp-json\/wp\/v2\/product_tag?post=33317"}],"curies":[{"name":"wp","href":"https:\/\/api.w.org\/{rel}","templated":true}]}}