{"id":33301,"date":"2025-02-20T22:35:08","date_gmt":"2025-02-20T22:35:08","guid":{"rendered":"http:\/\/olemosaic.com\/producto\/funda-de-telefono-para-iphone-12-pro-tpu-gato-mallorca-negro\/"},"modified":"2025-07-25T20:22:00","modified_gmt":"2025-07-25T18:22:00","slug":"coque-de-telephone-pour-iphone-12-pro-tpu-chat-majorque-noir","status":"publish","type":"product","link":"https:\/\/olemosaic.com\/fr\/produit\/coque-de-telephone-pour-iphone-12-pro-tpu-chat-majorque-noir\/","title":{"rendered":"Coque de t\u00e9l\u00e9phone pour iPhone 12 Pro (TPU). Chat. Majorque. Noir"},"content":{"rendered":"<p>Coque pour iPhone 12 Pro avec un design de chat inspir\u00e9 de l&rsquo;\u00eele magique de Majorque. Cette coque en TPU, l\u00e9g\u00e8re et r\u00e9sistante, prot\u00e8ge non seulement efficacement contre les chutes et les rayures, mais ajoute \u00e9galement une touche de couleur et de personnalit\u00e9 \u00e0 votre appareil. L&rsquo;illustration pr\u00e9sente une mosa\u00efque vibrante d&rsquo;un chat, qui resplendit dans des tons brillants de bleu, vert et jaune, soulignant sa connexion avec le bel environnement majorquin. Autour de lui, des papillons dans les tons jaunes et rouges volent avec gr\u00e2ce, cr\u00e9ant un effet visuel dynamique qui capture l&rsquo;essence de la nature de l&rsquo;\u00eele. Le nom \u00ab Mallorca \u00bb est pr\u00e9sent\u00e9 dans une typographie blanche \u00e9l\u00e9gante, ressortant sur le fond noir captivant qui magnifie le design. Cet article est un cadeau fonctionnel et, en m\u00eame temps, un souvenir authentique qui encapsule l&rsquo;identit\u00e9 culturelle de Majorque, id\u00e9al pour les touristes \u00e0 la recherche de souvenirs repr\u00e9sentatifs de l&rsquo;\u00eele. Chez Ol\u00e9 Mosaic, nous proposons cette coque dans le cadre de notre s\u00e9lection de souvenirs de Majorque, parfaits pour les boutiques de cadeaux touristiques souhaitant offrir des produits uniques et de qualit\u00e9. En tant que grossistes de coques, nous garantissons l&rsquo;authenticit\u00e9 et l&rsquo;attrait de chaque pi\u00e8ce.<\/p>\n","protected":false},"excerpt":{"rendered":"<p>Coque de t\u00e9l\u00e9phone pour iPhone 12 Pro fabriqu\u00e9e en TPU, d\u00e9cor\u00e9e d&rsquo;un design vibrant de chat. Cette coque, inspir\u00e9e de l&rsquo;\u00eele de Majorque, pr\u00e9sente un style mosa\u00efque aux couleurs vives, avec des papillons jaunes et rouges dansant autour du f\u00e9lin. Le mot \u00ab Mallorca \u00bb se distingue par une typographie \u00e9l\u00e9gante, le tout sur un fond noir qui rehausse les couleurs du design, offrant une protection stylis\u00e9e pour votre mobile.<\/p>\n","protected":false},"featured_media":12919,"template":"","meta":{"_acf_changed":false},"product_brand":[],"product_cat":[674],"product_tag":[530],"class_list":{"0":"post-33301","1":"product","2":"type-product","3":"status-publish","4":"has-post-thumbnail","6":"product_cat-etuis-pour-telephones-portables","7":"product_tag-animaux","8":"pa_ciudad-mallorca","9":"pa_motivo-chats","10":"pa_pais-espana","12":"first","13":"instock","14":"shipping-taxable","15":"product-type-simple"},"acf":[],"_links":{"self":[{"href":"https:\/\/olemosaic.com\/fr\/wp-json\/wp\/v2\/product\/33301","targetHints":{"allow":["GET"]}}],"collection":[{"href":"https:\/\/olemosaic.com\/fr\/wp-json\/wp\/v2\/product"}],"about":[{"href":"https:\/\/olemosaic.com\/fr\/wp-json\/wp\/v2\/types\/product"}],"wp:featuredmedia":[{"embeddable":true,"href":"https:\/\/olemosaic.com\/fr\/wp-json\/wp\/v2\/media\/12919"}],"wp:attachment":[{"href":"https:\/\/olemosaic.com\/fr\/wp-json\/wp\/v2\/media?parent=33301"}],"wp:term":[{"taxonomy":"product_brand","embeddable":true,"href":"https:\/\/olemosaic.com\/fr\/wp-json\/wp\/v2\/product_brand?post=33301"},{"taxonomy":"product_cat","embeddable":true,"href":"https:\/\/olemosaic.com\/fr\/wp-json\/wp\/v2\/product_cat?post=33301"},{"taxonomy":"product_tag","embeddable":true,"href":"https:\/\/olemosaic.com\/fr\/wp-json\/wp\/v2\/product_tag?post=33301"}],"curies":[{"name":"wp","href":"https:\/\/api.w.org\/{rel}","templated":true}]}}