{"id":33300,"date":"2025-02-20T22:35:08","date_gmt":"2025-02-20T22:35:08","guid":{"rendered":"http:\/\/olemosaic.com\/producto\/funda-de-telefono-para-iphone-12-pro-tpu-gato-barcelona-blanco\/"},"modified":"2025-07-25T19:51:49","modified_gmt":"2025-07-25T17:51:49","slug":"coque-de-telephone-pour-iphone-12-pro-tpu-chat-barcelone-blanc","status":"publish","type":"product","link":"https:\/\/olemosaic.com\/fr\/produit\/coque-de-telephone-pour-iphone-12-pro-tpu-chat-barcelone-blanc\/","title":{"rendered":"Coque de t\u00e9l\u00e9phone pour iPhone 12 Pro (TPU). Chat. Barcelone. Blanc"},"content":{"rendered":"<p>Coque pour iPhone 12 Pro avec un design de chat en mosa\u00efque barcelonaise. Cette coque originale, \u00e9labor\u00e9e en TPU de haute qualit\u00e9, garantit une excellente protection pour votre appareil tout en lui ajoutant une touche artistique et vibrante. Le chat color\u00e9, orn\u00e9 d&rsquo;une mosa\u00efque brillante et entour\u00e9 de papillons, se d\u00e9tache sur un fond blanc qui rappelle les carreaux embl\u00e9matiques du style architectural d&rsquo;Antoni Gaud\u00ed. La palette de couleurs, avec des tons intenses de rouge, bleu, jaune et vert, \u00e9voque la diversit\u00e9 et la cr\u00e9ativit\u00e9 de l&rsquo;art catalan. Ce design n&rsquo;est pas seulement un hommage au riche h\u00e9ritage culturel de Barcelone, il transforme \u00e9galement chaque t\u00e9l\u00e9phone en une \u0153uvre d&rsquo;art portable. Le m\u00e9lange de formes g\u00e9om\u00e9triques et de courbes douces du chat, ainsi que les papillons dansants, cr\u00e9ent une composition qui capture l&rsquo;essence ludique de la ville la plus cosmopolite d&rsquo;Espagne. Sans aucun doute, cette coque est un souvenir id\u00e9al pour les touristes qui cherchent \u00e0 se souvenir de leur passage \u00e0 Barcelone de mani\u00e8re fonctionnelle et \u00e9l\u00e9gante. Chez Ol\u00e9 Mosaic, nous sommes fiers de proposer des produits authentiques qui refl\u00e8tent la culture locale, et cette coque est une pi\u00e8ce parfaite pour les boutiques de cadeaux touristiques \u00e0 la recherche d&rsquo;articles uniques et attrayants.<\/p>\n","protected":false},"excerpt":{"rendered":"<p>Coque pour iPhone 12 Pro fabriqu\u00e9e en TPU, orn\u00e9e d&rsquo;un design vibrant de chat en mosa\u00efque, inspir\u00e9 de Barcelone. Ce chat color\u00e9, entour\u00e9 de papillons, se d\u00e9tache sur un fond blanc avec un motif de carreaux, \u00e9voquant le style architectural de Gaud\u00ed. L&rsquo;illustration pr\u00e9sente une palette de couleurs vives, id\u00e9ale pour ajouter une touche artistique et exclusive \u00e0 votre appareil, tout en offrant protection et fonctionnalit\u00e9.<\/p>\n","protected":false},"featured_media":12237,"template":"","meta":{"_acf_changed":false},"product_brand":[],"product_cat":[674],"product_tag":[530],"class_list":{"0":"post-33300","1":"product","2":"type-product","3":"status-publish","4":"has-post-thumbnail","6":"product_cat-etuis-pour-telephones-portables","7":"product_tag-animaux","8":"pa_ciudad-barcelona","9":"pa_motivo-chats","10":"pa_pais-espana","12":"first","13":"instock","14":"shipping-taxable","15":"product-type-simple"},"acf":[],"_links":{"self":[{"href":"https:\/\/olemosaic.com\/fr\/wp-json\/wp\/v2\/product\/33300","targetHints":{"allow":["GET"]}}],"collection":[{"href":"https:\/\/olemosaic.com\/fr\/wp-json\/wp\/v2\/product"}],"about":[{"href":"https:\/\/olemosaic.com\/fr\/wp-json\/wp\/v2\/types\/product"}],"wp:featuredmedia":[{"embeddable":true,"href":"https:\/\/olemosaic.com\/fr\/wp-json\/wp\/v2\/media\/12237"}],"wp:attachment":[{"href":"https:\/\/olemosaic.com\/fr\/wp-json\/wp\/v2\/media?parent=33300"}],"wp:term":[{"taxonomy":"product_brand","embeddable":true,"href":"https:\/\/olemosaic.com\/fr\/wp-json\/wp\/v2\/product_brand?post=33300"},{"taxonomy":"product_cat","embeddable":true,"href":"https:\/\/olemosaic.com\/fr\/wp-json\/wp\/v2\/product_cat?post=33300"},{"taxonomy":"product_tag","embeddable":true,"href":"https:\/\/olemosaic.com\/fr\/wp-json\/wp\/v2\/product_tag?post=33300"}],"curies":[{"name":"wp","href":"https:\/\/api.w.org\/{rel}","templated":true}]}}