{"id":33298,"date":"2025-02-20T22:35:08","date_gmt":"2025-02-20T22:35:08","guid":{"rendered":"http:\/\/olemosaic.com\/producto\/funda-de-telefono-para-iphone-12-pro-tpu-abstracto-negro\/"},"modified":"2025-07-25T20:16:20","modified_gmt":"2025-07-25T18:16:20","slug":"coque-de-telephone-pour-iphone-12-pro-tpu-abstrait-noir","status":"publish","type":"product","link":"https:\/\/olemosaic.com\/fr\/produit\/coque-de-telephone-pour-iphone-12-pro-tpu-abstrait-noir\/","title":{"rendered":"Coque de t\u00e9l\u00e9phone pour iPhone 12 Pro (TPU). Abstrait. Noir"},"content":{"rendered":"<p>Coque pour iPhone 12 Pro avec un design abstrait aux couleurs vibrantes. Cette coque, fabriqu\u00e9e en TPU, se distingue par une excellente protection pour votre appareil sans sacrifier le style. Le design pr\u00e9sente un effet saisissant de nuages de couleurs entrelac\u00e9s, avec une palette incluant des bleus, des oranges et des roses, cr\u00e9ant une apparence moderne et artistique qui attirera l&rsquo;attention de ceux qui cherchent \u00e0 personnaliser leur t\u00e9l\u00e9phone.<\/p>\n<p>La surface de la coque, avec sa texture douce et flexible, s&rsquo;adapte parfaitement \u00e0 l&rsquo;iPhone 12 Pro, permettant un acc\u00e8s facile \u00e0 tous les ports et boutons. En plus de prot\u00e9ger contre les chocs et les rayures, cette coque apporte une touche de sophistication et de fra\u00eecheur \u00e0 votre smartphone. Id\u00e9al pour ceux qui souhaitent un accessoire alliant fonctionnalit\u00e9 et esth\u00e9tique au quotidien, ce produit est un cadeau exceptionnel, \u00e9galement comme souvenir.<\/p>\n<p>Chez Ol\u00e9 Mosaic, nous nous sp\u00e9cialisons dans la distribution d&rsquo;articles authentiques et repr\u00e9sentatifs de qualit\u00e9. Cette coque n&rsquo;est pas seulement un excellent souvenir pour les touristes visitant l&rsquo;Espagne, mais aussi une option parfaite pour les boutiques de cadeaux touristiques \u00e0 la recherche de produits uniques et attrayants. Avec son design contemporain et sa pertinence culturelle, cette coque de t\u00e9l\u00e9phone devient un accessoire indispensable pour les amateurs de cr\u00e9ativit\u00e9 et d&rsquo;art.<\/p>\n","protected":false},"excerpt":{"rendered":"<p>Coque pour iPhone 12 Pro fabriqu\u00e9e en TPU, avec un design abstrait qui se distingue par sa palette de couleurs vibrantes : bleus, oranges et roses. Sa surface reproduit un effet de nuages de couleurs entrelac\u00e9s, lui donnant un aspect moderne et artistique. Id\u00e9ale pour ceux qui cherchent \u00e0 personnaliser et prot\u00e9ger leur appareil, cette coque allie fonctionnalit\u00e9 et style dans une finition \u00e9l\u00e9gante et contemporaine.<\/p>\n","protected":false},"featured_media":12254,"template":"","meta":{"_acf_changed":false},"product_brand":[],"product_cat":[674],"product_tag":[],"class_list":{"0":"post-33298","1":"product","2":"type-product","3":"status-publish","4":"has-post-thumbnail","6":"product_cat-etuis-pour-telephones-portables","7":"pa_motivo-resume","9":"first","10":"instock","11":"shipping-taxable","12":"product-type-simple"},"acf":[],"_links":{"self":[{"href":"https:\/\/olemosaic.com\/fr\/wp-json\/wp\/v2\/product\/33298","targetHints":{"allow":["GET"]}}],"collection":[{"href":"https:\/\/olemosaic.com\/fr\/wp-json\/wp\/v2\/product"}],"about":[{"href":"https:\/\/olemosaic.com\/fr\/wp-json\/wp\/v2\/types\/product"}],"wp:featuredmedia":[{"embeddable":true,"href":"https:\/\/olemosaic.com\/fr\/wp-json\/wp\/v2\/media\/12254"}],"wp:attachment":[{"href":"https:\/\/olemosaic.com\/fr\/wp-json\/wp\/v2\/media?parent=33298"}],"wp:term":[{"taxonomy":"product_brand","embeddable":true,"href":"https:\/\/olemosaic.com\/fr\/wp-json\/wp\/v2\/product_brand?post=33298"},{"taxonomy":"product_cat","embeddable":true,"href":"https:\/\/olemosaic.com\/fr\/wp-json\/wp\/v2\/product_cat?post=33298"},{"taxonomy":"product_tag","embeddable":true,"href":"https:\/\/olemosaic.com\/fr\/wp-json\/wp\/v2\/product_tag?post=33298"}],"curies":[{"name":"wp","href":"https:\/\/api.w.org\/{rel}","templated":true}]}}