{"id":33297,"date":"2025-02-20T23:35:08","date_gmt":"2025-02-20T22:35:08","guid":{"rendered":"http:\/\/olemosaic.com\/producto\/funda-de-telefono-para-iphone-12-pro-tpu-abstracto-azul-3\/"},"modified":"2025-07-25T20:18:35","modified_gmt":"2025-07-25T18:18:35","slug":"coque-de-telephone-pour-iphone-12-pro-tpu-abstrait-bleu-3","status":"publish","type":"product","link":"https:\/\/olemosaic.com\/fr\/produit\/coque-de-telephone-pour-iphone-12-pro-tpu-abstrait-bleu-3\/","title":{"rendered":"Coque de t\u00e9l\u00e9phone pour iPhone 12 Pro (TPU). Abstrait. Style moderne. Bleu"},"content":{"rendered":"<p>Coque de t\u00e9l\u00e9phone pour iPhone 12 Pro<\/p>\n<p>D\u00e9couvrez notre coque exclusive pour iPhone 12 Pro, fabriqu\u00e9e en TPU, qui combine un design abstrait vibrant avec une riche palette de couleurs, allant des bleus profonds aux verts intenses, avec des touches de jaune et de rouge. Ce mod\u00e8le se distingue par son motif diagonal attrayant, offrant un effet visuel moderne et dynamique, id\u00e9al pour ceux qui recherchent une protection sans renoncer au style. La texture douce et l\u00e9g\u00e8re du TPU prot\u00e8ge non seulement votre appareil contre les chocs et les rayures, mais apporte \u00e9galement une touche d&rsquo;originalit\u00e9 et de couleur \u00e0 votre quotidien. Con\u00e7ue sp\u00e9cifiquement pour l&rsquo;iPhone 12 Pro, cette coque assure un ajustement parfait, permettant un acc\u00e8s facile \u00e0 tous les boutons et ports.<\/p>\n<p>Avec une connexion culturelle qui \u00e9voque les festivit\u00e9s color\u00e9es et la vivacit\u00e9 des villes espagnoles, cette coque est un excellent souvenir pour les touristes qui souhaitent emporter un petit morceau de l&rsquo;essence de l&rsquo;Espagne. Chez Ol\u00e9 Mosaic, nous comprenons l&rsquo;importance de proposer des produits authentiques et de qualit\u00e9. Cette coque n&rsquo;est pas seulement fonctionnelle, elle repr\u00e9sente aussi une fusion d&rsquo;art moderne et de tradition, ce qui en fait un choix id\u00e9al pour les boutiques de cadeaux touristiques cherchant \u00e0 ajouter de la valeur \u00e0 leur offre. En tant que grossistes de coques, nous garantissons que chaque pi\u00e8ce refl\u00e8te un engagement envers le design et l&rsquo;artisanat.<\/p>\n","protected":false},"excerpt":{"rendered":"<p>Coque de t\u00e9l\u00e9phone pour iPhone 12 Pro fabriqu\u00e9e en TPU, avec un design abstrait combinant une riche gamme de couleurs, du bleu au vert, en passant par des tons jaunes et rouges. Ce mod\u00e8le se distingue par son motif diagonal attrayant qui offre un effet visuel vibrant et moderne, id\u00e9al pour ceux qui recherchent une protection sans renoncer au style. Apporte une touche de couleur et d&rsquo;originalit\u00e9 \u00e0 votre appareil, tout en assurant sa protection.<\/p>\n","protected":false},"featured_media":12251,"template":"","meta":{"_acf_changed":false},"product_brand":[],"product_cat":[674],"product_tag":[],"class_list":{"0":"post-33297","1":"product","2":"type-product","3":"status-publish","4":"has-post-thumbnail","6":"product_cat-etuis-pour-telephones-portables","7":"pa_motivo-resume","9":"first","10":"instock","11":"shipping-taxable","12":"product-type-simple"},"acf":[],"_links":{"self":[{"href":"https:\/\/olemosaic.com\/fr\/wp-json\/wp\/v2\/product\/33297","targetHints":{"allow":["GET"]}}],"collection":[{"href":"https:\/\/olemosaic.com\/fr\/wp-json\/wp\/v2\/product"}],"about":[{"href":"https:\/\/olemosaic.com\/fr\/wp-json\/wp\/v2\/types\/product"}],"wp:featuredmedia":[{"embeddable":true,"href":"https:\/\/olemosaic.com\/fr\/wp-json\/wp\/v2\/media\/12251"}],"wp:attachment":[{"href":"https:\/\/olemosaic.com\/fr\/wp-json\/wp\/v2\/media?parent=33297"}],"wp:term":[{"taxonomy":"product_brand","embeddable":true,"href":"https:\/\/olemosaic.com\/fr\/wp-json\/wp\/v2\/product_brand?post=33297"},{"taxonomy":"product_cat","embeddable":true,"href":"https:\/\/olemosaic.com\/fr\/wp-json\/wp\/v2\/product_cat?post=33297"},{"taxonomy":"product_tag","embeddable":true,"href":"https:\/\/olemosaic.com\/fr\/wp-json\/wp\/v2\/product_tag?post=33297"}],"curies":[{"name":"wp","href":"https:\/\/api.w.org\/{rel}","templated":true}]}}