{"id":33269,"date":"2025-02-20T22:35:07","date_gmt":"2025-02-20T22:35:07","guid":{"rendered":"http:\/\/olemosaic.com\/producto\/funda-de-telefono-para-iphone-12-tpu-abstracto-negro\/"},"modified":"2025-07-25T20:38:44","modified_gmt":"2025-07-25T18:38:44","slug":"coque-de-telephone-pour-iphone-12-tpu-abstrait-noir","status":"publish","type":"product","link":"https:\/\/olemosaic.com\/fr\/produit\/coque-de-telephone-pour-iphone-12-tpu-abstrait-noir\/","title":{"rendered":"Coque de t\u00e9l\u00e9phone pour iPhone 12 (TPU). Abstrait. Noir"},"content":{"rendered":"<p>Coque pour iPhone 12 avec un design abstrait et vibrant, parfaite pour ceux qui cherchent \u00e0 affirmer leur style moderne. Fabriqu\u00e9e en TPU flexible, cette coque offre non seulement une esth\u00e9tique contemporaine, mais aussi une r\u00e9sistance notable aux impacts et aux rayures, prot\u00e9geant ainsi l&rsquo;appareil. Le design se distingue par un fond noir qui sert de toile \u00e0 des lignes ondul\u00e9es de couleurs vives qui parcourent la surface. Ces tons vibrants, combin\u00e9s aux courbes dynamiques, cr\u00e9ent un effet lumineux qui attire le regard et ajoute une touche artistique \u00e0 n&rsquo;importe quel look quotidien.<\/p>\n<p>Cette coque, en plus d&rsquo;\u00eatre fonctionnelle, refl\u00e8te une tendance contemporaine dans la mode des accessoires, ce qui en fait un souvenir moderne id\u00e9al pour les touristes \u00e0 la recherche d&rsquo;un souvenir authentique et pratique de leur exp\u00e9rience. En choisissant cette coque, les utilisateurs acqui\u00e8rent un produit de qualit\u00e9 qui repr\u00e9sente la fusion de l&rsquo;art et de la technologie. Chez Ol\u00e9 Mosaic, en tant que distributeurs d&rsquo;accessoires en gros, nous proposons des produits uniques comme cette coque pour iPhone 12, parfaits pour les boutiques de cadeaux touristiques qui cherchent \u00e0 offrir \u00e0 leurs clients des articles alliant design, authenticit\u00e9 et protection.<\/p>\n","protected":false},"excerpt":{"rendered":"<p>Coque pour iPhone 12 fabriqu\u00e9e en TPU, avec un design abstrait et vibrant sur fond noir. La surface pr\u00e9sente des lignes ondul\u00e9es aux couleurs \u00e9clatantes, cr\u00e9ant un effet lumineux et dynamique, id\u00e9al pour ceux qui recherchent un style moderne. Son mat\u00e9riau flexible offre une r\u00e9sistance aux impacts et aux rayures, prot\u00e9geant l&rsquo;appareil tout en ajoutant une touche artistique et contemporaine. Parfaite pour un usage quotidien.<\/p>\n","protected":false},"featured_media":12235,"template":"","meta":{"_acf_changed":false},"product_brand":[],"product_cat":[674],"product_tag":[],"class_list":{"0":"post-33269","1":"product","2":"type-product","3":"status-publish","4":"has-post-thumbnail","6":"product_cat-etuis-pour-telephones-portables","7":"pa_motivo-resume","9":"first","10":"instock","11":"shipping-taxable","12":"product-type-simple"},"acf":[],"_links":{"self":[{"href":"https:\/\/olemosaic.com\/fr\/wp-json\/wp\/v2\/product\/33269","targetHints":{"allow":["GET"]}}],"collection":[{"href":"https:\/\/olemosaic.com\/fr\/wp-json\/wp\/v2\/product"}],"about":[{"href":"https:\/\/olemosaic.com\/fr\/wp-json\/wp\/v2\/types\/product"}],"wp:featuredmedia":[{"embeddable":true,"href":"https:\/\/olemosaic.com\/fr\/wp-json\/wp\/v2\/media\/12235"}],"wp:attachment":[{"href":"https:\/\/olemosaic.com\/fr\/wp-json\/wp\/v2\/media?parent=33269"}],"wp:term":[{"taxonomy":"product_brand","embeddable":true,"href":"https:\/\/olemosaic.com\/fr\/wp-json\/wp\/v2\/product_brand?post=33269"},{"taxonomy":"product_cat","embeddable":true,"href":"https:\/\/olemosaic.com\/fr\/wp-json\/wp\/v2\/product_cat?post=33269"},{"taxonomy":"product_tag","embeddable":true,"href":"https:\/\/olemosaic.com\/fr\/wp-json\/wp\/v2\/product_tag?post=33269"}],"curies":[{"name":"wp","href":"https:\/\/api.w.org\/{rel}","templated":true}]}}