{"id":33268,"date":"2025-02-20T22:35:06","date_gmt":"2025-02-20T22:35:06","guid":{"rendered":"http:\/\/olemosaic.com\/producto\/funda-de-telefono-para-iphone-12-tpu-salamandra-barcelona-negro\/"},"modified":"2025-07-25T20:16:52","modified_gmt":"2025-07-25T18:16:52","slug":"coque-de-telephone-pour-iphone-12-tpu-salamandre-barcelone-noir","status":"publish","type":"product","link":"https:\/\/olemosaic.com\/fr\/produit\/coque-de-telephone-pour-iphone-12-tpu-salamandre-barcelone-noir\/","title":{"rendered":"Coque de t\u00e9l\u00e9phone pour iPhone 12 (TPU). Salamandre. Barcelone. Noir"},"content":{"rendered":"<p>Coque pour iPhone 12 avec illustrations de salamandres et de fleurs sur fond noir, inspir\u00e9e par la culture vibrante de Barcelone. Cet accessoire \u00e9l\u00e9gant ne prot\u00e8ge pas seulement le t\u00e9l\u00e9phone, mais se distingue par son design attrayant, avec des salamandres aux tons vibrants tels que le bleu, le vert et le rouge, \u00e9voquant le c\u00e9l\u00e8bre style mosa\u00efque de la ville, le tout gr\u00e2ce \u00e0 sa composition en TPU de haute qualit\u00e9. Les salamandres, symboles de vitalit\u00e9 et de transformation, sont r\u00e9parties artistiquement parmi des fleurs d\u00e9licates qui apportent une touche unique et color\u00e9e. Le mot \u00ab\u00a0Barcelona\u00a0\u00bb dans une typographie \u00e9l\u00e9gante ajoute un \u00e9l\u00e9ment distinctif et repr\u00e9sentatif de la r\u00e9gion.<\/p>\n<p>La connexion culturelle de cette coque avec Barcelone est ind\u00e9niable, car elle combine un design moderne avec des r\u00e9f\u00e9rences aux traditions artistiques de la ville, comme les \u0153uvres d&rsquo;Antoni Gaud\u00ed. C&rsquo;est une excellente option pour les touristes \u00e0 la recherche de souvenirs authentiques et fonctionnels qui encapsulent l&rsquo;esprit de Barcelone. Chez Ol\u00e9 Mosaic, nous nous sp\u00e9cialisons dans la distribution en gros d&rsquo;accessoires de haute qualit\u00e9, offrant aux boutiques de souvenirs une alternative attrayante et significative qui rehausse la beaut\u00e9 et la culture de l&rsquo;Espagne. Acqu\u00e9rez la coque de t\u00e9l\u00e9phone avec salamandres et fleurs comme souvenir repr\u00e9sentatif de Barcelone, id\u00e9al pour ceux qui appr\u00e9cient la fusion entre l&rsquo;art et la fonctionnalit\u00e9 dans leurs souvenirs.<\/p>\n","protected":false},"excerpt":{"rendered":"<p>Coque pour iPhone 12 fabriqu\u00e9e en TPU, d\u00e9cor\u00e9e d&rsquo;illustrations de salamandres et de fleurs color\u00e9es sur un fond noir. Inspir\u00e9e par la culture vibrante de Barcelone, cette coque pr\u00e9sente un design attrayant qui int\u00e8gre des \u00e9l\u00e9ments ornementaux dans des tons brillants comme le bleu, le vert et le rouge, \u00e9voquant le style mosa\u00efque caract\u00e9ristique de la ville. Le mot \u00ab\u00a0Barcelona\u00a0\u00bb dans une typographie \u00e9l\u00e9gante rehausse sa singularit\u00e9, en faisant un accessoire fonctionnel et artistique.<\/p>\n","protected":false},"featured_media":12232,"template":"","meta":{"_acf_changed":false},"product_brand":[],"product_cat":[674],"product_tag":[530],"class_list":{"0":"post-33268","1":"product","2":"type-product","3":"status-publish","4":"has-post-thumbnail","6":"product_cat-etuis-pour-telephones-portables","7":"product_tag-animaux","8":"pa_ciudad-barcelona","9":"pa_motivo-salamandres","10":"pa_pais-espana","12":"first","13":"instock","14":"shipping-taxable","15":"product-type-simple"},"acf":[],"_links":{"self":[{"href":"https:\/\/olemosaic.com\/fr\/wp-json\/wp\/v2\/product\/33268","targetHints":{"allow":["GET"]}}],"collection":[{"href":"https:\/\/olemosaic.com\/fr\/wp-json\/wp\/v2\/product"}],"about":[{"href":"https:\/\/olemosaic.com\/fr\/wp-json\/wp\/v2\/types\/product"}],"wp:featuredmedia":[{"embeddable":true,"href":"https:\/\/olemosaic.com\/fr\/wp-json\/wp\/v2\/media\/12232"}],"wp:attachment":[{"href":"https:\/\/olemosaic.com\/fr\/wp-json\/wp\/v2\/media?parent=33268"}],"wp:term":[{"taxonomy":"product_brand","embeddable":true,"href":"https:\/\/olemosaic.com\/fr\/wp-json\/wp\/v2\/product_brand?post=33268"},{"taxonomy":"product_cat","embeddable":true,"href":"https:\/\/olemosaic.com\/fr\/wp-json\/wp\/v2\/product_cat?post=33268"},{"taxonomy":"product_tag","embeddable":true,"href":"https:\/\/olemosaic.com\/fr\/wp-json\/wp\/v2\/product_tag?post=33268"}],"curies":[{"name":"wp","href":"https:\/\/api.w.org\/{rel}","templated":true}]}}